{"id":384,"date":"2014-04-25T12:12:01","date_gmt":"2014-04-25T11:12:01","guid":{"rendered":"http:\/\/www.fondationhardt.ch\/?page_id=384"},"modified":"2018-03-18T10:41:24","modified_gmt":"2018-03-18T08:41:24","slug":"title1","status":"publish","type":"page","link":"https:\/\/www.fondationhardt.ch\/en\/title1\/","title":{"rendered":"Conferences and events"},"content":{"rendered":"<p>Besides welcoming scholars for research stays and organising the <em>Entretiens sur l\u2019Antiquit\u00e9 classique<\/em>, the Hardt Foundation makes its facilities available for conferences and other private and public events.<\/p>\n<p>The orangery, which was recently renovated and transformed, is ideal for hosting a variety of events: conferences, colloquia, seminars, concerts. Depending on the chosen layout, it can accommodate up to 80 seated people.<\/p>\n","protected":false},"excerpt":{"rendered":"<p>Besides welcoming scholars for research stays and organising the Entretiens sur l\u2019Antiquit\u00e9 classique, the Hardt Foundation makes its facilities available for conferences and other private and public events. The orangery, which was recently renovated and transformed, is ideal for hosting a variety of events: conferences, colloquia, seminars, concerts. Depending on the chosen layout, it can [&hellip;]<\/p>\n","protected":false},"author":1,"featured_media":1123,"parent":0,"menu_order":0,"comment_status":"open","ping_status":"closed","template":"","meta":{"footnotes":""},"class_list":["post-384","page","type-page","status-publish","has-post-thumbnail","hentry"],"acf":[],"yoast_head":"<!-- This site is optimized with the Yoast SEO plugin v19.10 - https:\/\/yoast.com\/wordpress\/plugins\/seo\/ -->\n<title>Conferences and events<\/title>\n<meta name=\"description\" content=\"The Hardt Foundation makes its facilities available for conferences and other public and private events.\" \/>\n<meta name=\"robots\" content=\"index, follow, max-snippet:-1, max-image-preview:large, max-video-preview:-1\" \/>\n<link rel=\"canonical\" href=\"https:\/\/www.fondationhardt.ch\/en\/title1\/\" \/>\n<meta property=\"og:locale\" content=\"en_US\" \/>\n<meta property=\"og:type\" content=\"article\" \/>\n<meta property=\"og:title\" content=\"Conferences and events\" \/>\n<meta property=\"og:description\" content=\"The Hardt Foundation makes its facilities available for conferences and other public and private events.\" \/>\n<meta property=\"og:url\" content=\"https:\/\/www.fondationhardt.ch\/en\/title1\/\" \/>\n<meta property=\"og:site_name\" content=\"Fondation Hardt\" \/>\n<meta property=\"article:modified_time\" content=\"2018-03-18T08:41:24+00:00\" \/>\n<meta property=\"og:image\" content=\"https:\/\/www.fondationhardt.ch\/wp-content\/uploads\/2014\/05\/Hardt-automne-2011-VRochette-_DSC6780.jpg\" \/>\n\t<meta property=\"og:image:width\" content=\"2000\" \/>\n\t<meta property=\"og:image:height\" content=\"1333\" \/>\n\t<meta property=\"og:image:type\" content=\"image\/jpeg\" \/>\n<meta name=\"twitter:card\" content=\"summary_large_image\" \/>\n<script type=\"application\/ld+json\" class=\"yoast-schema-graph\">{\"@context\":\"https:\/\/schema.org\",\"@graph\":[{\"@type\":\"WebPage\",\"@id\":\"https:\/\/www.fondationhardt.ch\/en\/title1\/\",\"url\":\"https:\/\/www.fondationhardt.ch\/en\/title1\/\",\"name\":\"Conferences and events\",\"isPartOf\":{\"@id\":\"https:\/\/www.fondationhardt.ch\/#website\"},\"datePublished\":\"2014-04-25T11:12:01+00:00\",\"dateModified\":\"2018-03-18T08:41:24+00:00\",\"description\":\"The Hardt Foundation makes its facilities available for conferences and other public and private events.\",\"breadcrumb\":{\"@id\":\"https:\/\/www.fondationhardt.ch\/en\/title1\/#breadcrumb\"},\"inLanguage\":\"en-US\",\"potentialAction\":[{\"@type\":\"ReadAction\",\"target\":[\"https:\/\/www.fondationhardt.ch\/en\/title1\/\"]}]},{\"@type\":\"BreadcrumbList\",\"@id\":\"https:\/\/www.fondationhardt.ch\/en\/title1\/#breadcrumb\",\"itemListElement\":[{\"@type\":\"ListItem\",\"position\":1,\"name\":\"Accueil\",\"item\":\"https:\/\/www.fondationhardt.ch\/\"},{\"@type\":\"ListItem\",\"position\":2,\"name\":\"Conferences and events\"}]},{\"@type\":\"WebSite\",\"@id\":\"https:\/\/www.fondationhardt.ch\/#website\",\"url\":\"https:\/\/www.fondationhardt.ch\/\",\"name\":\"Fondation Hardt\",\"description\":\"Fondation pour l&#039;\u00e9tude de l&#039;antiquit\u00e9 classique, promotion de l&#039;\u00e9tude de l&#039;Antiquit\u00e9 classique.\",\"potentialAction\":[{\"@type\":\"SearchAction\",\"target\":{\"@type\":\"EntryPoint\",\"urlTemplate\":\"https:\/\/www.fondationhardt.ch\/?s={search_term_string}\"},\"query-input\":\"required name=search_term_string\"}],\"inLanguage\":\"en-US\"}]}<\/script>\n<!-- \/ Yoast SEO plugin. -->","yoast_head_json":{"title":"Conferences and events","description":"The Hardt Foundation makes its facilities available for conferences and other public and private events.","robots":{"index":"index","follow":"follow","max-snippet":"max-snippet:-1","max-image-preview":"max-image-preview:large","max-video-preview":"max-video-preview:-1"},"canonical":"https:\/\/www.fondationhardt.ch\/en\/title1\/","og_locale":"en_US","og_type":"article","og_title":"Conferences and events","og_description":"The Hardt Foundation makes its facilities available for conferences and other public and private events.","og_url":"https:\/\/www.fondationhardt.ch\/en\/title1\/","og_site_name":"Fondation Hardt","article_modified_time":"2018-03-18T08:41:24+00:00","og_image":[{"width":2000,"height":1333,"url":"https:\/\/www.fondationhardt.ch\/wp-content\/uploads\/2014\/05\/Hardt-automne-2011-VRochette-_DSC6780.jpg","type":"image\/jpeg"}],"twitter_card":"summary_large_image","schema":{"@context":"https:\/\/schema.org","@graph":[{"@type":"WebPage","@id":"https:\/\/www.fondationhardt.ch\/en\/title1\/","url":"https:\/\/www.fondationhardt.ch\/en\/title1\/","name":"Conferences and events","isPartOf":{"@id":"https:\/\/www.fondationhardt.ch\/#website"},"datePublished":"2014-04-25T11:12:01+00:00","dateModified":"2018-03-18T08:41:24+00:00","description":"The Hardt Foundation makes its facilities available for conferences and other public and private events.","breadcrumb":{"@id":"https:\/\/www.fondationhardt.ch\/en\/title1\/#breadcrumb"},"inLanguage":"en-US","potentialAction":[{"@type":"ReadAction","target":["https:\/\/www.fondationhardt.ch\/en\/title1\/"]}]},{"@type":"BreadcrumbList","@id":"https:\/\/www.fondationhardt.ch\/en\/title1\/#breadcrumb","itemListElement":[{"@type":"ListItem","position":1,"name":"Accueil","item":"https:\/\/www.fondationhardt.ch\/"},{"@type":"ListItem","position":2,"name":"Conferences and events"}]},{"@type":"WebSite","@id":"https:\/\/www.fondationhardt.ch\/#website","url":"https:\/\/www.fondationhardt.ch\/","name":"Fondation Hardt","description":"Fondation pour l&#039;\u00e9tude de l&#039;antiquit\u00e9 classique, promotion de l&#039;\u00e9tude de l&#039;Antiquit\u00e9 classique.","potentialAction":[{"@type":"SearchAction","target":{"@type":"EntryPoint","urlTemplate":"https:\/\/www.fondationhardt.ch\/?s={search_term_string}"},"query-input":"required name=search_term_string"}],"inLanguage":"en-US"}]}},"_links":{"self":[{"href":"https:\/\/www.fondationhardt.ch\/en\/wp-json\/wp\/v2\/pages\/384","targetHints":{"allow":["GET"]}}],"collection":[{"href":"https:\/\/www.fondationhardt.ch\/en\/wp-json\/wp\/v2\/pages"}],"about":[{"href":"https:\/\/www.fondationhardt.ch\/en\/wp-json\/wp\/v2\/types\/page"}],"author":[{"embeddable":true,"href":"https:\/\/www.fondationhardt.ch\/en\/wp-json\/wp\/v2\/users\/1"}],"replies":[{"embeddable":true,"href":"https:\/\/www.fondationhardt.ch\/en\/wp-json\/wp\/v2\/comments?post=384"}],"version-history":[{"count":9,"href":"https:\/\/www.fondationhardt.ch\/en\/wp-json\/wp\/v2\/pages\/384\/revisions"}],"predecessor-version":[{"id":1358,"href":"https:\/\/www.fondationhardt.ch\/en\/wp-json\/wp\/v2\/pages\/384\/revisions\/1358"}],"wp:featuredmedia":[{"embeddable":true,"href":"https:\/\/www.fondationhardt.ch\/en\/wp-json\/wp\/v2\/media\/1123"}],"wp:attachment":[{"href":"https:\/\/www.fondationhardt.ch\/en\/wp-json\/wp\/v2\/media?parent=384"}],"curies":[{"name":"wp","href":"https:\/\/api.w.org\/{rel}","templated":true}]}}