{"id":392,"date":"2014-04-29T06:44:11","date_gmt":"2014-04-29T05:44:11","guid":{"rendered":"http:\/\/www.fondationhardt.ch\/?page_id=392"},"modified":"2026-04-07T11:14:07","modified_gmt":"2026-04-07T09:14:07","slug":"les-colloques_en","status":"publish","type":"page","link":"https:\/\/www.fondationhardt.ch\/en\/title1\/les-colloques_en\/","title":{"rendered":"Upcoming conferences and events"},"content":{"rendered":"\n<p><\/p>\n\n\n\n<p><strong>Thursday, 7th of May 2026, 6:30 pm, UniMail, MR290<\/strong><br>Conference by Prof. Josiah Ober, Prix Balzan 2025<br><em>Citizens or Subjects? Two Ancient Greek Pathways Out of Social Crisis<\/em><br>In English, with translation in French. <a href=\"https:\/\/www.fondationhardt.ch\/wp-content\/uploads\/2026\/04\/A5_2AncientGreek_070526_OK.pdf\">Details and informations.<\/a><\/p>\n\n\n\n<p>~~~<\/p>\n\n\n\n<p><strong>Thursday, 18th of June 2026, 7pm<\/strong><br>Greco-Roman dinner with the association <em>Nunc est bibendum<\/em> at the Fondation Hardt. <br><a href=\"https:\/\/nunc.ch\/events\/repas-greco-romain-a-la-fondation-hardt\/\">Link<\/a> for details and inscriptions.<\/p>\n\n\n\n<p>~~~<\/p>\n\n\n\n<p><strong>7th-11th of September, 2026<br><em>LXXII Entretiens<\/em><br>\u00ab&nbsp;Death Penalty in Ancient Greece and Rome&nbsp;\u00bb, prepared by Filippo Carla-Uhink<br><\/strong>See the&nbsp;<a href=\"https:\/\/www.fondationhardt.ch\/wp-content\/uploads\/2026\/02\/Entretiens-72-2026-programme_2025_11_10.pdf\">programme<\/a>&nbsp;for the 72nd&nbsp;<em>Entretiens<\/em>.<\/p>\n\n\n\n<p><\/p>\n\n\n\n<p><\/p>\n","protected":false},"excerpt":{"rendered":"<p>Thursday, 7th of May 2026, 6:30 pm, UniMail, MR290Conference by Prof. Josiah Ober, Prix Balzan 2025Citizens or Subjects? Two Ancient Greek Pathways Out of Social CrisisIn English, with translation in French. Details and informations. ~~~ Thursday, 18th of June 2026, 7pmGreco-Roman dinner with the association Nunc est bibendum at the Fondation Hardt. Link for details [&hellip;]<\/p>\n","protected":false},"author":1,"featured_media":1124,"parent":384,"menu_order":0,"comment_status":"open","ping_status":"closed","template":"","meta":{"footnotes":""},"class_list":["post-392","page","type-page","status-publish","has-post-thumbnail","hentry"],"acf":[],"yoast_head":"<!-- This site is optimized with the Yoast SEO plugin v19.10 - https:\/\/yoast.com\/wordpress\/plugins\/seo\/ -->\n<title>Upcoming conferences and events - Fondation Hardt<\/title>\n<meta name=\"robots\" content=\"index, follow, max-snippet:-1, max-image-preview:large, max-video-preview:-1\" \/>\n<link rel=\"canonical\" href=\"https:\/\/www.fondationhardt.ch\/en\/title1\/les-colloques_en\/\" \/>\n<meta property=\"og:locale\" content=\"en_US\" \/>\n<meta property=\"og:type\" content=\"article\" \/>\n<meta property=\"og:title\" content=\"Upcoming conferences and events - Fondation Hardt\" \/>\n<meta property=\"og:description\" content=\"Thursday, 7th of May 2026, 6:30 pm, UniMail, MR290Conference by Prof. Josiah Ober, Prix Balzan 2025Citizens or Subjects? Two Ancient Greek Pathways Out of Social CrisisIn English, with translation in French. Details and informations. ~~~ Thursday, 18th of June 2026, 7pmGreco-Roman dinner with the association Nunc est bibendum at the Fondation Hardt. Link for details [&hellip;]\" \/>\n<meta property=\"og:url\" content=\"https:\/\/www.fondationhardt.ch\/en\/title1\/les-colloques_en\/\" \/>\n<meta property=\"og:site_name\" content=\"Fondation Hardt\" \/>\n<meta property=\"article:modified_time\" content=\"2026-04-07T09:14:07+00:00\" \/>\n<meta property=\"og:image\" content=\"https:\/\/www.fondationhardt.ch\/wp-content\/uploads\/2014\/05\/IMG_8929.jpg\" \/>\n\t<meta property=\"og:image:width\" content=\"2000\" \/>\n\t<meta property=\"og:image:height\" content=\"1500\" \/>\n\t<meta property=\"og:image:type\" content=\"image\/jpeg\" \/>\n<meta name=\"twitter:card\" content=\"summary_large_image\" \/>\n<meta name=\"twitter:label1\" content=\"Est. reading time\" \/>\n\t<meta name=\"twitter:data1\" content=\"1 minute\" \/>\n<script type=\"application\/ld+json\" class=\"yoast-schema-graph\">{\"@context\":\"https:\/\/schema.org\",\"@graph\":[{\"@type\":\"WebPage\",\"@id\":\"https:\/\/www.fondationhardt.ch\/en\/title1\/les-colloques_en\/\",\"url\":\"https:\/\/www.fondationhardt.ch\/en\/title1\/les-colloques_en\/\",\"name\":\"Upcoming conferences and events - Fondation Hardt\",\"isPartOf\":{\"@id\":\"https:\/\/www.fondationhardt.ch\/#website\"},\"datePublished\":\"2014-04-29T05:44:11+00:00\",\"dateModified\":\"2026-04-07T09:14:07+00:00\",\"breadcrumb\":{\"@id\":\"https:\/\/www.fondationhardt.ch\/en\/title1\/les-colloques_en\/#breadcrumb\"},\"inLanguage\":\"en-US\",\"potentialAction\":[{\"@type\":\"ReadAction\",\"target\":[\"https:\/\/www.fondationhardt.ch\/en\/title1\/les-colloques_en\/\"]}]},{\"@type\":\"BreadcrumbList\",\"@id\":\"https:\/\/www.fondationhardt.ch\/en\/title1\/les-colloques_en\/#breadcrumb\",\"itemListElement\":[{\"@type\":\"ListItem\",\"position\":1,\"name\":\"Accueil\",\"item\":\"https:\/\/www.fondationhardt.ch\/\"},{\"@type\":\"ListItem\",\"position\":2,\"name\":\"Conferences and events\",\"item\":\"https:\/\/www.fondationhardt.ch\/en\/title1\/\"},{\"@type\":\"ListItem\",\"position\":3,\"name\":\"Upcoming conferences and events\"}]},{\"@type\":\"WebSite\",\"@id\":\"https:\/\/www.fondationhardt.ch\/#website\",\"url\":\"https:\/\/www.fondationhardt.ch\/\",\"name\":\"Fondation Hardt\",\"description\":\"Fondation pour l&#039;\u00e9tude de l&#039;antiquit\u00e9 classique, promotion de l&#039;\u00e9tude de l&#039;Antiquit\u00e9 classique.\",\"potentialAction\":[{\"@type\":\"SearchAction\",\"target\":{\"@type\":\"EntryPoint\",\"urlTemplate\":\"https:\/\/www.fondationhardt.ch\/?s={search_term_string}\"},\"query-input\":\"required name=search_term_string\"}],\"inLanguage\":\"en-US\"}]}<\/script>\n<!-- \/ Yoast SEO plugin. -->","yoast_head_json":{"title":"Upcoming conferences and events - Fondation Hardt","robots":{"index":"index","follow":"follow","max-snippet":"max-snippet:-1","max-image-preview":"max-image-preview:large","max-video-preview":"max-video-preview:-1"},"canonical":"https:\/\/www.fondationhardt.ch\/en\/title1\/les-colloques_en\/","og_locale":"en_US","og_type":"article","og_title":"Upcoming conferences and events - Fondation Hardt","og_description":"Thursday, 7th of May 2026, 6:30 pm, UniMail, MR290Conference by Prof. Josiah Ober, Prix Balzan 2025Citizens or Subjects? Two Ancient Greek Pathways Out of Social CrisisIn English, with translation in French. Details and informations. ~~~ Thursday, 18th of June 2026, 7pmGreco-Roman dinner with the association Nunc est bibendum at the Fondation Hardt. Link for details [&hellip;]","og_url":"https:\/\/www.fondationhardt.ch\/en\/title1\/les-colloques_en\/","og_site_name":"Fondation Hardt","article_modified_time":"2026-04-07T09:14:07+00:00","og_image":[{"width":2000,"height":1500,"url":"https:\/\/www.fondationhardt.ch\/wp-content\/uploads\/2014\/05\/IMG_8929.jpg","type":"image\/jpeg"}],"twitter_card":"summary_large_image","twitter_misc":{"Est. reading time":"1 minute"},"schema":{"@context":"https:\/\/schema.org","@graph":[{"@type":"WebPage","@id":"https:\/\/www.fondationhardt.ch\/en\/title1\/les-colloques_en\/","url":"https:\/\/www.fondationhardt.ch\/en\/title1\/les-colloques_en\/","name":"Upcoming conferences and events - Fondation Hardt","isPartOf":{"@id":"https:\/\/www.fondationhardt.ch\/#website"},"datePublished":"2014-04-29T05:44:11+00:00","dateModified":"2026-04-07T09:14:07+00:00","breadcrumb":{"@id":"https:\/\/www.fondationhardt.ch\/en\/title1\/les-colloques_en\/#breadcrumb"},"inLanguage":"en-US","potentialAction":[{"@type":"ReadAction","target":["https:\/\/www.fondationhardt.ch\/en\/title1\/les-colloques_en\/"]}]},{"@type":"BreadcrumbList","@id":"https:\/\/www.fondationhardt.ch\/en\/title1\/les-colloques_en\/#breadcrumb","itemListElement":[{"@type":"ListItem","position":1,"name":"Accueil","item":"https:\/\/www.fondationhardt.ch\/"},{"@type":"ListItem","position":2,"name":"Conferences and events","item":"https:\/\/www.fondationhardt.ch\/en\/title1\/"},{"@type":"ListItem","position":3,"name":"Upcoming conferences and events"}]},{"@type":"WebSite","@id":"https:\/\/www.fondationhardt.ch\/#website","url":"https:\/\/www.fondationhardt.ch\/","name":"Fondation Hardt","description":"Fondation pour l&#039;\u00e9tude de l&#039;antiquit\u00e9 classique, promotion de l&#039;\u00e9tude de l&#039;Antiquit\u00e9 classique.","potentialAction":[{"@type":"SearchAction","target":{"@type":"EntryPoint","urlTemplate":"https:\/\/www.fondationhardt.ch\/?s={search_term_string}"},"query-input":"required name=search_term_string"}],"inLanguage":"en-US"}]}},"_links":{"self":[{"href":"https:\/\/www.fondationhardt.ch\/en\/wp-json\/wp\/v2\/pages\/392","targetHints":{"allow":["GET"]}}],"collection":[{"href":"https:\/\/www.fondationhardt.ch\/en\/wp-json\/wp\/v2\/pages"}],"about":[{"href":"https:\/\/www.fondationhardt.ch\/en\/wp-json\/wp\/v2\/types\/page"}],"author":[{"embeddable":true,"href":"https:\/\/www.fondationhardt.ch\/en\/wp-json\/wp\/v2\/users\/1"}],"replies":[{"embeddable":true,"href":"https:\/\/www.fondationhardt.ch\/en\/wp-json\/wp\/v2\/comments?post=392"}],"version-history":[{"count":255,"href":"https:\/\/www.fondationhardt.ch\/en\/wp-json\/wp\/v2\/pages\/392\/revisions"}],"predecessor-version":[{"id":13099,"href":"https:\/\/www.fondationhardt.ch\/en\/wp-json\/wp\/v2\/pages\/392\/revisions\/13099"}],"up":[{"embeddable":true,"href":"https:\/\/www.fondationhardt.ch\/en\/wp-json\/wp\/v2\/pages\/384"}],"wp:featuredmedia":[{"embeddable":true,"href":"https:\/\/www.fondationhardt.ch\/en\/wp-json\/wp\/v2\/media\/1124"}],"wp:attachment":[{"href":"https:\/\/www.fondationhardt.ch\/en\/wp-json\/wp\/v2\/media?parent=392"}],"curies":[{"name":"wp","href":"https:\/\/api.w.org\/{rel}","templated":true}]}}