{"id":394,"date":"2014-04-29T06:44:28","date_gmt":"2014-04-29T05:44:28","guid":{"rendered":"http:\/\/www.fondationhardt.ch\/?page_id=394"},"modified":"2018-03-18T11:04:02","modified_gmt":"2018-03-18T09:04:02","slug":"location-des-espaces_en","status":"publish","type":"page","link":"https:\/\/www.fondationhardt.ch\/en\/title1\/location-des-espaces_en\/","title":{"rendered":"Rental of the facilities"},"content":{"rendered":"<p>The Hardt Foundation facilities (main house, orangery, greenhouse, garden and park) are available upon request for events (conferences, colloquia, seminars, concerts and other events) on various topics in which classical Antiquity has a prominent, but not exclusive, place.<\/p>\n<p>Events organised by private individuals are also welcome. The orangery has been renovated and transformed in order to host such events.<\/p>\n<p>For events over several days, accommodation of guests is possible according to availability, before or after the annual closure from December to January as well as before or after the <em>Entretiens sur l\u2019Antiquit\u00e9 classique<\/em> that take place during the last week of August.<\/p>\n<p><a style=\"line-height: 1.5em;\" title=\"Formulaire r\u00e9servation Orangerie\" href=\"http:\/\/www.fondationhardt.ch\/wp-content\/uploads\/2014\/05\/Formulaire_re\u0301servation_orangerie.doc\" target=\"_blank\" rel=\"noopener\">Formulaire de demande de location<\/a><span style=\"line-height: 1.5em;\"> (in French only)<\/span><\/p>\n","protected":false},"excerpt":{"rendered":"<p>The Hardt Foundation facilities (main house, orangery, greenhouse, garden and park) are available upon request for events (conferences, colloquia, seminars, concerts and other events) on various topics in which classical Antiquity has a prominent, but not exclusive, place. Events organised by private individuals are also welcome. The orangery has been renovated and transformed in order [&hellip;]<\/p>\n","protected":false},"author":1,"featured_media":2008,"parent":384,"menu_order":0,"comment_status":"open","ping_status":"closed","template":"","meta":{"footnotes":""},"class_list":["post-394","page","type-page","status-publish","has-post-thumbnail","hentry"],"acf":[],"yoast_head":"<!-- This site is optimized with the Yoast SEO plugin v19.10 - https:\/\/yoast.com\/wordpress\/plugins\/seo\/ -->\n<title>Rental of the facilities<\/title>\n<meta name=\"description\" content=\"The Hardt Foundation facilities are available upon request for conferences, colloquia, seminars, concerts and other events.\" \/>\n<meta name=\"robots\" content=\"index, follow, max-snippet:-1, max-image-preview:large, max-video-preview:-1\" \/>\n<link rel=\"canonical\" href=\"https:\/\/www.fondationhardt.ch\/en\/title1\/location-des-espaces_en\/\" \/>\n<meta property=\"og:locale\" content=\"en_US\" \/>\n<meta property=\"og:type\" content=\"article\" \/>\n<meta property=\"og:title\" content=\"Rental of the facilities\" \/>\n<meta property=\"og:description\" content=\"The Hardt Foundation facilities are available upon request for conferences, colloquia, seminars, concerts and other events.\" \/>\n<meta property=\"og:url\" content=\"https:\/\/www.fondationhardt.ch\/en\/title1\/location-des-espaces_en\/\" \/>\n<meta property=\"og:site_name\" content=\"Fondation Hardt\" \/>\n<meta property=\"article:modified_time\" content=\"2018-03-18T09:04:02+00:00\" \/>\n<meta property=\"og:image\" content=\"https:\/\/www.fondationhardt.ch\/wp-content\/uploads\/2014\/04\/vol-2-30-Copie.jpg\" \/>\n\t<meta property=\"og:image:width\" content=\"1800\" \/>\n\t<meta property=\"og:image:height\" content=\"1350\" \/>\n\t<meta property=\"og:image:type\" content=\"image\/jpeg\" \/>\n<meta name=\"twitter:card\" content=\"summary_large_image\" \/>\n<meta name=\"twitter:label1\" content=\"Est. reading time\" \/>\n\t<meta name=\"twitter:data1\" content=\"1 minute\" \/>\n<script type=\"application\/ld+json\" class=\"yoast-schema-graph\">{\"@context\":\"https:\/\/schema.org\",\"@graph\":[{\"@type\":\"WebPage\",\"@id\":\"https:\/\/www.fondationhardt.ch\/en\/title1\/location-des-espaces_en\/\",\"url\":\"https:\/\/www.fondationhardt.ch\/en\/title1\/location-des-espaces_en\/\",\"name\":\"Rental of the facilities\",\"isPartOf\":{\"@id\":\"https:\/\/www.fondationhardt.ch\/#website\"},\"datePublished\":\"2014-04-29T05:44:28+00:00\",\"dateModified\":\"2018-03-18T09:04:02+00:00\",\"description\":\"The Hardt Foundation facilities are available upon request for conferences, colloquia, seminars, concerts and other events.\",\"breadcrumb\":{\"@id\":\"https:\/\/www.fondationhardt.ch\/en\/title1\/location-des-espaces_en\/#breadcrumb\"},\"inLanguage\":\"en-US\",\"potentialAction\":[{\"@type\":\"ReadAction\",\"target\":[\"https:\/\/www.fondationhardt.ch\/en\/title1\/location-des-espaces_en\/\"]}]},{\"@type\":\"BreadcrumbList\",\"@id\":\"https:\/\/www.fondationhardt.ch\/en\/title1\/location-des-espaces_en\/#breadcrumb\",\"itemListElement\":[{\"@type\":\"ListItem\",\"position\":1,\"name\":\"Accueil\",\"item\":\"https:\/\/www.fondationhardt.ch\/\"},{\"@type\":\"ListItem\",\"position\":2,\"name\":\"Conferences and events\",\"item\":\"https:\/\/www.fondationhardt.ch\/en\/title1\/\"},{\"@type\":\"ListItem\",\"position\":3,\"name\":\"Rental of the facilities\"}]},{\"@type\":\"WebSite\",\"@id\":\"https:\/\/www.fondationhardt.ch\/#website\",\"url\":\"https:\/\/www.fondationhardt.ch\/\",\"name\":\"Fondation Hardt\",\"description\":\"Fondation pour l&#039;\u00e9tude de l&#039;antiquit\u00e9 classique, promotion de l&#039;\u00e9tude de l&#039;Antiquit\u00e9 classique.\",\"potentialAction\":[{\"@type\":\"SearchAction\",\"target\":{\"@type\":\"EntryPoint\",\"urlTemplate\":\"https:\/\/www.fondationhardt.ch\/?s={search_term_string}\"},\"query-input\":\"required name=search_term_string\"}],\"inLanguage\":\"en-US\"}]}<\/script>\n<!-- \/ Yoast SEO plugin. -->","yoast_head_json":{"title":"Rental of the facilities","description":"The Hardt Foundation facilities are available upon request for conferences, colloquia, seminars, concerts and other events.","robots":{"index":"index","follow":"follow","max-snippet":"max-snippet:-1","max-image-preview":"max-image-preview:large","max-video-preview":"max-video-preview:-1"},"canonical":"https:\/\/www.fondationhardt.ch\/en\/title1\/location-des-espaces_en\/","og_locale":"en_US","og_type":"article","og_title":"Rental of the facilities","og_description":"The Hardt Foundation facilities are available upon request for conferences, colloquia, seminars, concerts and other events.","og_url":"https:\/\/www.fondationhardt.ch\/en\/title1\/location-des-espaces_en\/","og_site_name":"Fondation Hardt","article_modified_time":"2018-03-18T09:04:02+00:00","og_image":[{"width":1800,"height":1350,"url":"https:\/\/www.fondationhardt.ch\/wp-content\/uploads\/2014\/04\/vol-2-30-Copie.jpg","type":"image\/jpeg"}],"twitter_card":"summary_large_image","twitter_misc":{"Est. reading time":"1 minute"},"schema":{"@context":"https:\/\/schema.org","@graph":[{"@type":"WebPage","@id":"https:\/\/www.fondationhardt.ch\/en\/title1\/location-des-espaces_en\/","url":"https:\/\/www.fondationhardt.ch\/en\/title1\/location-des-espaces_en\/","name":"Rental of the facilities","isPartOf":{"@id":"https:\/\/www.fondationhardt.ch\/#website"},"datePublished":"2014-04-29T05:44:28+00:00","dateModified":"2018-03-18T09:04:02+00:00","description":"The Hardt Foundation facilities are available upon request for conferences, colloquia, seminars, concerts and other events.","breadcrumb":{"@id":"https:\/\/www.fondationhardt.ch\/en\/title1\/location-des-espaces_en\/#breadcrumb"},"inLanguage":"en-US","potentialAction":[{"@type":"ReadAction","target":["https:\/\/www.fondationhardt.ch\/en\/title1\/location-des-espaces_en\/"]}]},{"@type":"BreadcrumbList","@id":"https:\/\/www.fondationhardt.ch\/en\/title1\/location-des-espaces_en\/#breadcrumb","itemListElement":[{"@type":"ListItem","position":1,"name":"Accueil","item":"https:\/\/www.fondationhardt.ch\/"},{"@type":"ListItem","position":2,"name":"Conferences and events","item":"https:\/\/www.fondationhardt.ch\/en\/title1\/"},{"@type":"ListItem","position":3,"name":"Rental of the facilities"}]},{"@type":"WebSite","@id":"https:\/\/www.fondationhardt.ch\/#website","url":"https:\/\/www.fondationhardt.ch\/","name":"Fondation Hardt","description":"Fondation pour l&#039;\u00e9tude de l&#039;antiquit\u00e9 classique, promotion de l&#039;\u00e9tude de l&#039;Antiquit\u00e9 classique.","potentialAction":[{"@type":"SearchAction","target":{"@type":"EntryPoint","urlTemplate":"https:\/\/www.fondationhardt.ch\/?s={search_term_string}"},"query-input":"required name=search_term_string"}],"inLanguage":"en-US"}]}},"_links":{"self":[{"href":"https:\/\/www.fondationhardt.ch\/en\/wp-json\/wp\/v2\/pages\/394","targetHints":{"allow":["GET"]}}],"collection":[{"href":"https:\/\/www.fondationhardt.ch\/en\/wp-json\/wp\/v2\/pages"}],"about":[{"href":"https:\/\/www.fondationhardt.ch\/en\/wp-json\/wp\/v2\/types\/page"}],"author":[{"embeddable":true,"href":"https:\/\/www.fondationhardt.ch\/en\/wp-json\/wp\/v2\/users\/1"}],"replies":[{"embeddable":true,"href":"https:\/\/www.fondationhardt.ch\/en\/wp-json\/wp\/v2\/comments?post=394"}],"version-history":[{"count":8,"href":"https:\/\/www.fondationhardt.ch\/en\/wp-json\/wp\/v2\/pages\/394\/revisions"}],"predecessor-version":[{"id":2614,"href":"https:\/\/www.fondationhardt.ch\/en\/wp-json\/wp\/v2\/pages\/394\/revisions\/2614"}],"up":[{"embeddable":true,"href":"https:\/\/www.fondationhardt.ch\/en\/wp-json\/wp\/v2\/pages\/384"}],"wp:featuredmedia":[{"embeddable":true,"href":"https:\/\/www.fondationhardt.ch\/en\/wp-json\/wp\/v2\/media\/2008"}],"wp:attachment":[{"href":"https:\/\/www.fondationhardt.ch\/en\/wp-json\/wp\/v2\/media?parent=394"}],"curies":[{"name":"wp","href":"https:\/\/api.w.org\/{rel}","templated":true}]}}