{"id":395,"date":"2014-04-29T06:44:41","date_gmt":"2014-04-29T05:44:41","guid":{"rendered":"http:\/\/www.fondationhardt.ch\/?page_id=395"},"modified":"2025-10-29T11:52:51","modified_gmt":"2025-10-29T09:52:51","slug":"contact_en","status":"publish","type":"page","link":"https:\/\/www.fondationhardt.ch\/en\/contact_en\/","title":{"rendered":"Contact"},"content":{"rendered":"<p><strong>Administrator<\/strong><br \/>\nMs Sabrina Ciardo<br \/>\nEmail\u00a0:\u00a0<a href=\"mailto:admin@fondationhardt.ch\">admin@fondationhardt.ch<\/a><br \/>\nEmail :\u00a0<a href=\"mailto:biblio@fondationhardt.ch\">sabrina.ciardo@fondationhardt.ch<\/a><br \/>\nPhone : + 41 (0) 22 736 31 04<\/p>\n<p><strong>Librarian<br \/>\n<\/strong>Ms Sabrina Ciardo<br \/>\nEmail\u00a0:\u00a0<a href=\"mailto:biblio@fondationhardt.ch\">biblio@fondationhardt.ch<\/a><br \/>\nPhone : +41 (0) 22 736 31 24<\/p>\n<p><strong>Administrative Secretary<\/strong><br \/>\nMs Vanessa Monteventi<br \/>\nEmail\u00a0: <a href=\"mailto:patricia.burdet@fondationhardt.ch\">vanessa.monteventi@fondationhardt.ch<br \/>\n<\/a>Phone : + 41 (0) 22 736 31 04<\/p>\n<p><strong>Director<\/strong><br \/>\nMr Jean Terrier<br \/>\nEmail : <a href=\"mailto:jeanterrier1234@gmail.com\">directeur@fondationhardt.ch<\/a><\/p>\n","protected":false},"excerpt":{"rendered":"<p>Administrator Ms Sabrina Ciardo Email\u00a0:\u00a0admin@fondationhardt.ch Email :\u00a0sabrina.ciardo@fondationhardt.ch Phone : + 41 (0) 22 736 31 04 Librarian Ms Sabrina Ciardo Email\u00a0:\u00a0biblio@fondationhardt.ch Phone : +41 (0) 22 736 31 24 Administrative Secretary Ms Vanessa Monteventi Email\u00a0: vanessa.monteventi@fondationhardt.ch Phone : + 41 (0) 22 736 31 04 Director Mr Jean Terrier Email : directeur@fondationhardt.ch<\/p>\n","protected":false},"author":1,"featured_media":136,"parent":0,"menu_order":0,"comment_status":"open","ping_status":"open","template":"","meta":{"footnotes":""},"class_list":["post-395","page","type-page","status-publish","has-post-thumbnail","hentry"],"acf":[],"yoast_head":"<!-- This site is optimized with the Yoast SEO plugin v19.10 - https:\/\/yoast.com\/wordpress\/plugins\/seo\/ -->\n<title>Contact<\/title>\n<meta name=\"description\" content=\"Administrative secretary : Ms Patricia Burdet, Email : patricia.burdet@fondationhardt.ch, Telephone : + 41 (0) 22 736 31 0, Fax : + 41 (0) 22 736 31 06\" \/>\n<meta name=\"robots\" content=\"index, follow, max-snippet:-1, max-image-preview:large, max-video-preview:-1\" \/>\n<link rel=\"canonical\" href=\"https:\/\/www.fondationhardt.ch\/en\/contact_en\/\" \/>\n<meta property=\"og:locale\" content=\"en_US\" \/>\n<meta property=\"og:type\" content=\"article\" \/>\n<meta property=\"og:title\" content=\"Contact\" \/>\n<meta property=\"og:description\" content=\"Administrative secretary : Ms Patricia Burdet, Email : patricia.burdet@fondationhardt.ch, Telephone : + 41 (0) 22 736 31 0, Fax : + 41 (0) 22 736 31 06\" \/>\n<meta property=\"og:url\" content=\"https:\/\/www.fondationhardt.ch\/en\/contact_en\/\" \/>\n<meta property=\"og:site_name\" content=\"Fondation Hardt\" \/>\n<meta property=\"article:modified_time\" content=\"2025-10-29T09:52:51+00:00\" \/>\n<meta property=\"og:image\" content=\"https:\/\/www.fondationhardt.ch\/wp-content\/uploads\/2014\/03\/contact2.jpg\" \/>\n\t<meta property=\"og:image:width\" content=\"1160\" \/>\n\t<meta property=\"og:image:height\" content=\"1033\" \/>\n\t<meta property=\"og:image:type\" content=\"image\/jpeg\" \/>\n<meta name=\"twitter:card\" content=\"summary_large_image\" \/>\n<meta name=\"twitter:label1\" content=\"Est. reading time\" \/>\n\t<meta name=\"twitter:data1\" content=\"1 minute\" \/>\n<script type=\"application\/ld+json\" class=\"yoast-schema-graph\">{\"@context\":\"https:\/\/schema.org\",\"@graph\":[{\"@type\":\"WebPage\",\"@id\":\"https:\/\/www.fondationhardt.ch\/en\/contact_en\/\",\"url\":\"https:\/\/www.fondationhardt.ch\/en\/contact_en\/\",\"name\":\"Contact\",\"isPartOf\":{\"@id\":\"https:\/\/www.fondationhardt.ch\/#website\"},\"datePublished\":\"2014-04-29T05:44:41+00:00\",\"dateModified\":\"2025-10-29T09:52:51+00:00\",\"description\":\"Administrative secretary : Ms Patricia Burdet, Email : patricia.burdet@fondationhardt.ch, Telephone : + 41 (0) 22 736 31 0, Fax : + 41 (0) 22 736 31 06\",\"breadcrumb\":{\"@id\":\"https:\/\/www.fondationhardt.ch\/en\/contact_en\/#breadcrumb\"},\"inLanguage\":\"en-US\",\"potentialAction\":[{\"@type\":\"ReadAction\",\"target\":[\"https:\/\/www.fondationhardt.ch\/en\/contact_en\/\"]}]},{\"@type\":\"BreadcrumbList\",\"@id\":\"https:\/\/www.fondationhardt.ch\/en\/contact_en\/#breadcrumb\",\"itemListElement\":[{\"@type\":\"ListItem\",\"position\":1,\"name\":\"Accueil\",\"item\":\"https:\/\/www.fondationhardt.ch\/\"},{\"@type\":\"ListItem\",\"position\":2,\"name\":\"Contact\"}]},{\"@type\":\"WebSite\",\"@id\":\"https:\/\/www.fondationhardt.ch\/#website\",\"url\":\"https:\/\/www.fondationhardt.ch\/\",\"name\":\"Fondation Hardt\",\"description\":\"Fondation pour l&#039;\u00e9tude de l&#039;antiquit\u00e9 classique, promotion de l&#039;\u00e9tude de l&#039;Antiquit\u00e9 classique.\",\"potentialAction\":[{\"@type\":\"SearchAction\",\"target\":{\"@type\":\"EntryPoint\",\"urlTemplate\":\"https:\/\/www.fondationhardt.ch\/?s={search_term_string}\"},\"query-input\":\"required name=search_term_string\"}],\"inLanguage\":\"en-US\"}]}<\/script>\n<!-- \/ Yoast SEO plugin. -->","yoast_head_json":{"title":"Contact","description":"Administrative secretary : Ms Patricia Burdet, Email : patricia.burdet@fondationhardt.ch, Telephone : + 41 (0) 22 736 31 0, Fax : + 41 (0) 22 736 31 06","robots":{"index":"index","follow":"follow","max-snippet":"max-snippet:-1","max-image-preview":"max-image-preview:large","max-video-preview":"max-video-preview:-1"},"canonical":"https:\/\/www.fondationhardt.ch\/en\/contact_en\/","og_locale":"en_US","og_type":"article","og_title":"Contact","og_description":"Administrative secretary : Ms Patricia Burdet, Email : patricia.burdet@fondationhardt.ch, Telephone : + 41 (0) 22 736 31 0, Fax : + 41 (0) 22 736 31 06","og_url":"https:\/\/www.fondationhardt.ch\/en\/contact_en\/","og_site_name":"Fondation Hardt","article_modified_time":"2025-10-29T09:52:51+00:00","og_image":[{"width":1160,"height":1033,"url":"https:\/\/www.fondationhardt.ch\/wp-content\/uploads\/2014\/03\/contact2.jpg","type":"image\/jpeg"}],"twitter_card":"summary_large_image","twitter_misc":{"Est. reading time":"1 minute"},"schema":{"@context":"https:\/\/schema.org","@graph":[{"@type":"WebPage","@id":"https:\/\/www.fondationhardt.ch\/en\/contact_en\/","url":"https:\/\/www.fondationhardt.ch\/en\/contact_en\/","name":"Contact","isPartOf":{"@id":"https:\/\/www.fondationhardt.ch\/#website"},"datePublished":"2014-04-29T05:44:41+00:00","dateModified":"2025-10-29T09:52:51+00:00","description":"Administrative secretary : Ms Patricia Burdet, Email : patricia.burdet@fondationhardt.ch, Telephone : + 41 (0) 22 736 31 0, Fax : + 41 (0) 22 736 31 06","breadcrumb":{"@id":"https:\/\/www.fondationhardt.ch\/en\/contact_en\/#breadcrumb"},"inLanguage":"en-US","potentialAction":[{"@type":"ReadAction","target":["https:\/\/www.fondationhardt.ch\/en\/contact_en\/"]}]},{"@type":"BreadcrumbList","@id":"https:\/\/www.fondationhardt.ch\/en\/contact_en\/#breadcrumb","itemListElement":[{"@type":"ListItem","position":1,"name":"Accueil","item":"https:\/\/www.fondationhardt.ch\/"},{"@type":"ListItem","position":2,"name":"Contact"}]},{"@type":"WebSite","@id":"https:\/\/www.fondationhardt.ch\/#website","url":"https:\/\/www.fondationhardt.ch\/","name":"Fondation Hardt","description":"Fondation pour l&#039;\u00e9tude de l&#039;antiquit\u00e9 classique, promotion de l&#039;\u00e9tude de l&#039;Antiquit\u00e9 classique.","potentialAction":[{"@type":"SearchAction","target":{"@type":"EntryPoint","urlTemplate":"https:\/\/www.fondationhardt.ch\/?s={search_term_string}"},"query-input":"required name=search_term_string"}],"inLanguage":"en-US"}]}},"_links":{"self":[{"href":"https:\/\/www.fondationhardt.ch\/en\/wp-json\/wp\/v2\/pages\/395","targetHints":{"allow":["GET"]}}],"collection":[{"href":"https:\/\/www.fondationhardt.ch\/en\/wp-json\/wp\/v2\/pages"}],"about":[{"href":"https:\/\/www.fondationhardt.ch\/en\/wp-json\/wp\/v2\/types\/page"}],"author":[{"embeddable":true,"href":"https:\/\/www.fondationhardt.ch\/en\/wp-json\/wp\/v2\/users\/1"}],"replies":[{"embeddable":true,"href":"https:\/\/www.fondationhardt.ch\/en\/wp-json\/wp\/v2\/comments?post=395"}],"version-history":[{"count":12,"href":"https:\/\/www.fondationhardt.ch\/en\/wp-json\/wp\/v2\/pages\/395\/revisions"}],"predecessor-version":[{"id":12564,"href":"https:\/\/www.fondationhardt.ch\/en\/wp-json\/wp\/v2\/pages\/395\/revisions\/12564"}],"wp:featuredmedia":[{"embeddable":true,"href":"https:\/\/www.fondationhardt.ch\/en\/wp-json\/wp\/v2\/media\/136"}],"wp:attachment":[{"href":"https:\/\/www.fondationhardt.ch\/en\/wp-json\/wp\/v2\/media?parent=395"}],"curies":[{"name":"wp","href":"https:\/\/api.w.org\/{rel}","templated":true}]}}