{"id":396,"date":"2014-04-29T06:44:49","date_gmt":"2014-04-29T05:44:49","guid":{"rendered":"http:\/\/www.fondationhardt.ch\/?page_id=396"},"modified":"2025-12-10T10:01:49","modified_gmt":"2025-12-10T08:01:49","slug":"entretiens_en","status":"publish","type":"page","link":"https:\/\/www.fondationhardt.ch\/en\/entretiens_en\/","title":{"rendered":"The Entretiens"},"content":{"rendered":"<p>The <em>Entretiens sur l\u2019Antiquit\u00e9 classique<\/em>.<\/p>\n<p>\u201c<em>Each year, at the Foundation\u2019s home in Vand\u0153uvres, the \u2018Entretiens sur l\u2019Antiquit\u00e9 classique\u2019 will be held, during which specialists from all over the world will speak about a chosen field, and in the course of further discussions will engage in enriching exchange of views<\/em>.\u201d<\/p>\n<p>These were Baron Kurd von Hardt\u2019s own words in the introduction to the first volume of the <em>Entretiens<\/em>, published in 1954 under the title <em>La notion du divin depuis Hom\u00e8re jusqu\u2019\u00e0 Platon<\/em>.<\/p>\n<p>Since 1952, more than 70 <em>Entretiens<\/em> have taken place on a variety of topics. The volumes of the proceedings and following discussions of the <em>Entretiens<\/em> offer an overview of classical culture as approached by over 500 scholars.<\/p>\n<p>Researchers interested in organizing future\u00a0<em>Entretiens<\/em> are invited to send the Scientific Commitee a complete proposal according to the <a href=\"https:\/\/www.fondationhardt.ch\/wp-content\/uploads\/2024\/10\/Template-submission-procedure-proposal-copie.pdf\">submission procedure<\/a>.<\/p>\n","protected":false},"excerpt":{"rendered":"<p>The Entretiens sur l\u2019Antiquit\u00e9 classique. \u201cEach year, at the Foundation\u2019s home in Vand\u0153uvres, the \u2018Entretiens sur l\u2019Antiquit\u00e9 classique\u2019 will be held, during which specialists from all over the world will speak about a chosen field, and in the course of further discussions will engage in enriching exchange of views.\u201d These were Baron Kurd von Hardt\u2019s [&hellip;]<\/p>\n","protected":false},"author":1,"featured_media":1661,"parent":0,"menu_order":0,"comment_status":"open","ping_status":"open","template":"","meta":{"footnotes":""},"class_list":["post-396","page","type-page","status-publish","has-post-thumbnail","hentry"],"acf":[],"yoast_head":"<!-- This site is optimized with the Yoast SEO plugin v19.10 - https:\/\/yoast.com\/wordpress\/plugins\/seo\/ -->\n<title>The Entretiens<\/title>\n<meta name=\"description\" content=\"Since 1952, the Hardt Foundation organises every year the Entretiens sur l\u2019Antiquit\u00e9 classique and publishes its proceedings.\" \/>\n<meta name=\"robots\" content=\"index, follow, max-snippet:-1, max-image-preview:large, max-video-preview:-1\" \/>\n<link rel=\"canonical\" href=\"https:\/\/www.fondationhardt.ch\/en\/entretiens_en\/\" \/>\n<meta property=\"og:locale\" content=\"en_US\" \/>\n<meta property=\"og:type\" content=\"article\" \/>\n<meta property=\"og:title\" content=\"The Entretiens\" \/>\n<meta property=\"og:description\" content=\"Since 1952, the Hardt Foundation organises every year the Entretiens sur l\u2019Antiquit\u00e9 classique and publishes its proceedings.\" \/>\n<meta property=\"og:url\" content=\"https:\/\/www.fondationhardt.ch\/en\/entretiens_en\/\" \/>\n<meta property=\"og:site_name\" content=\"Fondation Hardt\" \/>\n<meta property=\"article:modified_time\" content=\"2025-12-10T08:01:49+00:00\" \/>\n<meta property=\"og:image\" content=\"https:\/\/www.fondationhardt.ch\/wp-content\/uploads\/2014\/03\/DFG-Hardt-2013-mai-21-_DSC30801.jpg\" \/>\n\t<meta property=\"og:image:width\" content=\"1800\" \/>\n\t<meta property=\"og:image:height\" content=\"1198\" \/>\n\t<meta property=\"og:image:type\" content=\"image\/jpeg\" \/>\n<meta name=\"twitter:card\" content=\"summary_large_image\" \/>\n<meta name=\"twitter:label1\" content=\"Est. reading time\" \/>\n\t<meta name=\"twitter:data1\" content=\"1 minute\" \/>\n<script type=\"application\/ld+json\" class=\"yoast-schema-graph\">{\"@context\":\"https:\/\/schema.org\",\"@graph\":[{\"@type\":\"WebPage\",\"@id\":\"https:\/\/www.fondationhardt.ch\/en\/entretiens_en\/\",\"url\":\"https:\/\/www.fondationhardt.ch\/en\/entretiens_en\/\",\"name\":\"The Entretiens\",\"isPartOf\":{\"@id\":\"https:\/\/www.fondationhardt.ch\/#website\"},\"datePublished\":\"2014-04-29T05:44:49+00:00\",\"dateModified\":\"2025-12-10T08:01:49+00:00\",\"description\":\"Since 1952, the Hardt Foundation organises every year the Entretiens sur l\u2019Antiquit\u00e9 classique and publishes its proceedings.\",\"breadcrumb\":{\"@id\":\"https:\/\/www.fondationhardt.ch\/en\/entretiens_en\/#breadcrumb\"},\"inLanguage\":\"en-US\",\"potentialAction\":[{\"@type\":\"ReadAction\",\"target\":[\"https:\/\/www.fondationhardt.ch\/en\/entretiens_en\/\"]}]},{\"@type\":\"BreadcrumbList\",\"@id\":\"https:\/\/www.fondationhardt.ch\/en\/entretiens_en\/#breadcrumb\",\"itemListElement\":[{\"@type\":\"ListItem\",\"position\":1,\"name\":\"Accueil\",\"item\":\"https:\/\/www.fondationhardt.ch\/\"},{\"@type\":\"ListItem\",\"position\":2,\"name\":\"The Entretiens\"}]},{\"@type\":\"WebSite\",\"@id\":\"https:\/\/www.fondationhardt.ch\/#website\",\"url\":\"https:\/\/www.fondationhardt.ch\/\",\"name\":\"Fondation Hardt\",\"description\":\"Fondation pour l&#039;\u00e9tude de l&#039;antiquit\u00e9 classique, promotion de l&#039;\u00e9tude de l&#039;Antiquit\u00e9 classique.\",\"potentialAction\":[{\"@type\":\"SearchAction\",\"target\":{\"@type\":\"EntryPoint\",\"urlTemplate\":\"https:\/\/www.fondationhardt.ch\/?s={search_term_string}\"},\"query-input\":\"required name=search_term_string\"}],\"inLanguage\":\"en-US\"}]}<\/script>\n<!-- \/ Yoast SEO plugin. -->","yoast_head_json":{"title":"The Entretiens","description":"Since 1952, the Hardt Foundation organises every year the Entretiens sur l\u2019Antiquit\u00e9 classique and publishes its proceedings.","robots":{"index":"index","follow":"follow","max-snippet":"max-snippet:-1","max-image-preview":"max-image-preview:large","max-video-preview":"max-video-preview:-1"},"canonical":"https:\/\/www.fondationhardt.ch\/en\/entretiens_en\/","og_locale":"en_US","og_type":"article","og_title":"The Entretiens","og_description":"Since 1952, the Hardt Foundation organises every year the Entretiens sur l\u2019Antiquit\u00e9 classique and publishes its proceedings.","og_url":"https:\/\/www.fondationhardt.ch\/en\/entretiens_en\/","og_site_name":"Fondation Hardt","article_modified_time":"2025-12-10T08:01:49+00:00","og_image":[{"width":1800,"height":1198,"url":"https:\/\/www.fondationhardt.ch\/wp-content\/uploads\/2014\/03\/DFG-Hardt-2013-mai-21-_DSC30801.jpg","type":"image\/jpeg"}],"twitter_card":"summary_large_image","twitter_misc":{"Est. reading time":"1 minute"},"schema":{"@context":"https:\/\/schema.org","@graph":[{"@type":"WebPage","@id":"https:\/\/www.fondationhardt.ch\/en\/entretiens_en\/","url":"https:\/\/www.fondationhardt.ch\/en\/entretiens_en\/","name":"The Entretiens","isPartOf":{"@id":"https:\/\/www.fondationhardt.ch\/#website"},"datePublished":"2014-04-29T05:44:49+00:00","dateModified":"2025-12-10T08:01:49+00:00","description":"Since 1952, the Hardt Foundation organises every year the Entretiens sur l\u2019Antiquit\u00e9 classique and publishes its proceedings.","breadcrumb":{"@id":"https:\/\/www.fondationhardt.ch\/en\/entretiens_en\/#breadcrumb"},"inLanguage":"en-US","potentialAction":[{"@type":"ReadAction","target":["https:\/\/www.fondationhardt.ch\/en\/entretiens_en\/"]}]},{"@type":"BreadcrumbList","@id":"https:\/\/www.fondationhardt.ch\/en\/entretiens_en\/#breadcrumb","itemListElement":[{"@type":"ListItem","position":1,"name":"Accueil","item":"https:\/\/www.fondationhardt.ch\/"},{"@type":"ListItem","position":2,"name":"The Entretiens"}]},{"@type":"WebSite","@id":"https:\/\/www.fondationhardt.ch\/#website","url":"https:\/\/www.fondationhardt.ch\/","name":"Fondation Hardt","description":"Fondation pour l&#039;\u00e9tude de l&#039;antiquit\u00e9 classique, promotion de l&#039;\u00e9tude de l&#039;Antiquit\u00e9 classique.","potentialAction":[{"@type":"SearchAction","target":{"@type":"EntryPoint","urlTemplate":"https:\/\/www.fondationhardt.ch\/?s={search_term_string}"},"query-input":"required name=search_term_string"}],"inLanguage":"en-US"}]}},"_links":{"self":[{"href":"https:\/\/www.fondationhardt.ch\/en\/wp-json\/wp\/v2\/pages\/396","targetHints":{"allow":["GET"]}}],"collection":[{"href":"https:\/\/www.fondationhardt.ch\/en\/wp-json\/wp\/v2\/pages"}],"about":[{"href":"https:\/\/www.fondationhardt.ch\/en\/wp-json\/wp\/v2\/types\/page"}],"author":[{"embeddable":true,"href":"https:\/\/www.fondationhardt.ch\/en\/wp-json\/wp\/v2\/users\/1"}],"replies":[{"embeddable":true,"href":"https:\/\/www.fondationhardt.ch\/en\/wp-json\/wp\/v2\/comments?post=396"}],"version-history":[{"count":14,"href":"https:\/\/www.fondationhardt.ch\/en\/wp-json\/wp\/v2\/pages\/396\/revisions"}],"predecessor-version":[{"id":12843,"href":"https:\/\/www.fondationhardt.ch\/en\/wp-json\/wp\/v2\/pages\/396\/revisions\/12843"}],"wp:featuredmedia":[{"embeddable":true,"href":"https:\/\/www.fondationhardt.ch\/en\/wp-json\/wp\/v2\/media\/1661"}],"wp:attachment":[{"href":"https:\/\/www.fondationhardt.ch\/en\/wp-json\/wp\/v2\/media?parent=396"}],"curies":[{"name":"wp","href":"https:\/\/api.w.org\/{rel}","templated":true}]}}