{"id":397,"date":"2014-04-29T06:44:58","date_gmt":"2014-04-29T05:44:58","guid":{"rendered":"http:\/\/www.fondationhardt.ch\/?page_id=397"},"modified":"2025-09-03T10:47:35","modified_gmt":"2025-09-03T08:47:35","slug":"la-serie-des-entretiens_en","status":"publish","type":"page","link":"https:\/\/www.fondationhardt.ch\/en\/entretiens_en\/la-serie-des-entretiens_en\/","title":{"rendered":"The Entretiens collection online"},"content":{"rendered":"<div class=\"scrollbar_serie_entretiens\">\n<p>As part of the agreement signed on 12 November 2015 between the Hardt Foundation and the Swiss National Library, the series of\u00a0<em>Entretiens sur l&#8217;Antiquit\u00e9 classique<\/em>\u00a0(since 1952) has been digitised and is now accessible online with a moving wall of three years on the\u00a0platforms\u00a0<a title=\"e-periodica\" href=\"https:\/\/www.e-periodica.ch\/digbib\/volumes?UID=oac-001\" target=\"_blank\" rel=\"noopener noreferrer\">e-periodica.ch<\/a>\u00a0and <a title=\"e-Helvetica Access\" href=\"https:\/\/www.e-helvetica.nb.admin.ch\/pages\/main.jsf\" target=\"_blank\" rel=\"noopener noreferrer\">E-Helvetica Access<\/a>.<\/p>\n<p><a href=\"https:\/\/www.fondationhardt.ch\/wp-content\/uploads\/2025\/09\/Liste-detaillee-des-volumes-publies-2025.pdf\">Detailed list of published volumes<\/a><\/p>\n<p><strong>LXX.<\/strong> <em>\u00c0 l&#8217;aube du roman. La fiction narrative au si\u00e8cle d&#8217;Auguste<\/em>, 2024 (2025).<\/p>\n<p><strong>LXIX.\u00a0<\/strong><em>Les espaces du savoir dans l\u2019antiquit\u00e9, <\/em>2023 (2024)<\/p>\n<p><strong>LXVIII.<\/strong><em> Les concepts de la g\u00e9ographie grecque, <\/em>2022 (2023)<\/p>\n<p><strong>LXVII.\u00a0<\/strong><em>\u00c9crire l\u2019histoire de son temps, de Thucydide \u00e0 Ammien Marcellin,<\/em> 2021 (2022)<\/p>\n<p><a href=\"https:\/\/www.fondationhardt.ch\/wp-content\/uploads\/2023\/12\/Entretiens_LXVI_compressed.pdf\"><strong>LXVI.\u00a0<\/strong><em>Psychologie de la couleur dans le monde gr\u00e9co romain, <\/em>2019 (2020)<\/a><\/p>\n<p><a href=\"https:\/\/www.fondationhardt.ch\/wp-content\/uploads\/2022\/11\/Entretiens_LXV_complete.pdf\"><strong>LXV.\u00a0<\/strong>\u00a0<em>Formes et fonctions des langues litt\u00e9raires en Gr\u00e8ce ancienne,<\/em> 2018 (2019)<\/a><\/p>\n<p><a href=\"https:\/\/www.fondationhardt.ch\/wp-content\/uploads\/2021\/12\/001_100646_Entretiens_LXIV_2018.pdf\"><strong>LXIV. <\/strong><em>La nuit : imaginaire et r\u00e9alit\u00e9s nocturnes<\/em><em>\u00a0dans le monde gr\u00e9co-romain,\u00a0<\/em>2017\u00a0(2018)<\/a><\/p>\n<p><a href=\"https:\/\/www.fondationhardt.ch\/wp-content\/uploads\/2021\/04\/Entretiens_LXIII.pdf\"><strong>LXIII.\u00a0<\/strong><em>Economie et in\u00e9galit\u00e9 : ressources, \u00e9changes et pouvoir dans l\u2019Antiquit\u00e9 classique,<\/em>\u00a02016 (2017)<\/a><\/p>\n<p><a href=\"https:\/\/www.fondationhardt.ch\/wp-content\/uploads\/2019\/12\/LXII-La-rh\u00e9torique-du-pouvoir.-Une-exploration-de-lart-oratoir-d\u00e9lib\u00e9ratif-grec.pdf\"><strong>LXII.\u00a0<\/strong><em>La rh\u00e9torique du pouvoir. Une exploration de l\u2019art oratoire d\u00e9lib\u00e9ratif grec,<\/em>\u00a02015 \u00a0(2016)<\/a><\/p>\n<p><a href=\"https:\/\/www.fondationhardt.ch\/wp-content\/uploads\/2022\/10\/98151_Entretiens_LXI_2015_LR.pdf\"><strong>LXI.\u00a0<\/strong><em>Cosmologies et cosmogonies dans la litt\u00e9rature antique,\u00a0<\/em>2014 (2015)<\/a><\/p>\n<p><a href=\"https:\/\/www.fondationhardt.ch\/wp-content\/uploads\/2022\/10\/Enrtetiens-60-light.pdf\" target=\"_blank\" rel=\"noopener noreferrer\"><strong>LX.<\/strong>\u00a0<em>Le jardin dans l\u2019Antiquit\u00e9,<\/em>\u00a02013 (2014)<\/a><\/p>\n<p><a href=\"https:\/\/www.fondationhardt.ch\/wp-content\/uploads\/2022\/10\/Entretiens-59.pdf\" target=\"_blank\" rel=\"noopener noreferrer\"><strong>LIX.<\/strong>\u00a0<em>Les Grecs h\u00e9ritiers des Romains,<\/em>\u00a02012 (2013)<\/a><\/p>\n<p><a href=\"https:\/\/www.fondationhardt.ch\/wp-content\/uploads\/2022\/10\/Entretiens-58.pdf\" target=\"_blank\" rel=\"noopener noreferrer\"><strong>LVIII.<\/strong>\u00a0<em>L\u2019organisation des spectacles dans le monde romain,<\/em>\u00a02011 (2012)<\/a><\/p>\n<p><a href=\"https:\/\/www.fondationhardt.ch\/wp-content\/uploads\/2022\/10\/Entretiens-57.pdf\" target=\"_blank\" rel=\"noopener noreferrer\"><strong>LVII.<\/strong>\u00a0<em>Entre Orient et Occident\u00a0: la philosophie et la science gr\u00e9co-romaines dans le monde arabe,<\/em>\u00a02010 (2011)<\/a><\/p>\n<p><a href=\"https:\/\/www.fondationhardt.ch\/wp-content\/uploads\/2022\/10\/Entretiens-56.pdf\" target=\"_blank\" rel=\"noopener noreferrer\"><strong>LVI.<\/strong>\u00a0<em>D\u00e9mocratie ath\u00e9nienne \u2013 d\u00e9mocratie moderne\u00a0: tradition et influences,<\/em>\u00a02009 (2010)<\/a><\/p>\n<p><a href=\"https:\/\/www.fondationhardt.ch\/wp-content\/uploads\/2022\/10\/Entretiens-55.pdf\" target=\"_blank\" rel=\"noopener noreferrer\"><strong>LV.<\/strong>\u00a0<em>Eschyle \u00e0 l\u2019aube du th\u00e9\u00e2tre occidental,<\/em>\u00a02008 (2009)<\/a><\/p>\n<p><a href=\"https:\/\/www.fondationhardt.ch\/wp-content\/uploads\/2022\/10\/Entretiens-54.pdf\" target=\"_blank\" rel=\"noopener noreferrer\"><strong>LIV.<\/strong>\u00a0<em>S\u00e9curit\u00e9 collective et ordre public dans les soci\u00e9t\u00e9s anciennes<\/em>, 2007 (2008)<\/a><\/p>\n<p><a href=\"https:\/\/www.fondationhardt.ch\/wp-content\/uploads\/2022\/10\/Entretiens-53.pdf\" target=\"_blank\" rel=\"noopener noreferrer\"><strong>LIII.<\/strong>\u00a0<em>Rites et croyances dans les religions du monde romain<\/em>, 2006 (2007)<\/a><\/p>\n<p><a href=\"https:\/\/www.fondationhardt.ch\/wp-content\/uploads\/2022\/10\/Entretiens-52.pdf\" target=\"_blank\" rel=\"noopener noreferrer\"><strong>LII.\u00a0<\/strong><em>La po\u00e9sie \u00e9pique grecque : m\u00e9tamorphoses d\u2019un genre litt\u00e9raire<\/em>, 2005 (2006)<\/a><\/p>\n<p><a href=\"https:\/\/www.fondationhardt.ch\/wp-content\/uploads\/2022\/10\/Entretiens-51.pdf\" target=\"_blank\" rel=\"noopener noreferrer\"><strong>LI.<\/strong>\u00a0<em>L\u2019apolog\u00e9tique chr\u00e9tienne gr\u00e9co-latine \u00e0 l\u2019\u00e9poque pr\u00e9nic\u00e9nienne<\/em>, 2004 (2005)<\/a><\/p>\n<p><a href=\"https:\/\/www.fondationhardt.ch\/wp-content\/uploads\/2022\/10\/Entretiens-50.pdf\" target=\"_blank\" rel=\"noopener noreferrer\"><strong>L.<\/strong>\u00a0<em>S\u00e9n\u00e8que le tragique<\/em>, 2003 (2004)<\/a><\/p>\n<p><a href=\"https:\/\/www.fondationhardt.ch\/wp-content\/uploads\/2022\/10\/Entretiens-49.pdf\" target=\"_blank\" rel=\"noopener noreferrer\"><strong>XLIX.<\/strong>\u00a0<em>Galien et la philosophie<\/em>, 2002 (2003)<\/a><\/p>\n<p><a href=\"https:\/\/www.fondationhardt.ch\/wp-content\/uploads\/2022\/10\/Entretiens-48.pdf\" target=\"_blank\" rel=\"noopener noreferrer\"><strong>XLVIII.<\/strong>\u00a0<em>Callimaque<\/em>, 2001 (2002)<\/a><\/p>\n<p><a href=\"https:\/\/www.fondationhardt.ch\/wp-content\/uploads\/2022\/10\/Entretiens-47.pdf\" target=\"_blank\" rel=\"noopener noreferrer\"><strong>XLVII.\u00a0<\/strong><em>L\u2019histoire litt\u00e9raire immanente dans la po\u00e9sie latine<\/em>, 2000 (2001)<\/a><\/p>\n<p><a href=\"https:\/\/www.fondationhardt.ch\/wp-content\/uploads\/2022\/10\/Entretiens-46.pdf\" target=\"_blank\" rel=\"noopener noreferrer\"><strong>XLVI.\u00a0<\/strong><em>La r\u00e9volution romaine apr\u00e8s Ronald Syme. Bilans et perspectives<\/em>, 1999 (2000)<\/a><\/p>\n<p><a href=\"https:\/\/www.fondationhardt.ch\/wp-content\/uploads\/2022\/10\/Entretiens-45.pdf\" target=\"_blank\" rel=\"noopener noreferrer\"><strong>XLV.\u00a0<\/strong><em>Hermann Diels (1848-1922) et la science de l\u2019Antiquit\u00e9<\/em>, 1998 (1999)<\/a><\/p>\n<p><a href=\"https:\/\/www.fondationhardt.ch\/wp-content\/uploads\/2022\/10\/Entretiens-44.pdf\" target=\"_blank\" rel=\"noopener noreferrer\"><strong>XLIV.<\/strong>\u00a0<em>La biographie antique<\/em>, 1997 (1998)<\/a><\/p>\n<p><a href=\"https:\/\/www.fondationhardt.ch\/wp-content\/uploads\/2022\/10\/Entretiens-43.pdf\" target=\"_blank\" rel=\"noopener noreferrer\"><strong>XLIII.\u00a0<\/strong><em>M\u00e9decine et morale dans l\u2019Antiquit\u00e9<\/em>, 1996 (1997)<\/a><\/p>\n<p><a href=\"https:\/\/www.fondationhardt.ch\/wp-content\/uploads\/2022\/10\/Entretiens-42.pdf\" target=\"_blank\" rel=\"noopener noreferrer\"><strong>XLII.<\/strong>\u00a0<em>Les litt\u00e9ratures techniques dans l\u2019Antiquit\u00e9 romaine : statut, public et destination, tradition<\/em>, 1995 (1996)<\/a><\/p>\n<p><a href=\"https:\/\/www.fondationhardt.ch\/wp-content\/uploads\/2022\/10\/Entretiens-41.pdf\" target=\"_blank\" rel=\"noopener noreferrer\"><strong>XLI.<\/strong>\u00a0<em>Pausanias historien<\/em>, 1994 (1996)<\/a><\/p>\n<p><a href=\"https:\/\/www.fondationhardt.ch\/wp-content\/uploads\/2022\/10\/Entretiens-40-light.pdf\" target=\"_blank\" rel=\"noopener noreferrer\"><strong>XL.<\/strong>\u00a0<em>La philologie grecque \u00e0 l\u2019\u00e9poque hell\u00e9nistique et romaine<\/em>, 1993 (1994)<\/a><\/p>\n<p><a href=\"https:\/\/www.fondationhardt.ch\/wp-content\/uploads\/2022\/10\/Entretiens-39.pdf\" target=\"_blank\" rel=\"noopener noreferrer\"><strong>XXXIX.\u00a0<\/strong><em>Horace : l\u2019\u0153uvre et les imitations : un si\u00e8cle d\u2019interpr\u00e9tations<\/em>, 1992 (1993)<\/a><\/p>\n<p><a href=\"https:\/\/www.fondationhardt.ch\/wp-content\/uploads\/2022\/10\/Entretiens-38.pdf\" target=\"_blank\" rel=\"noopener noreferrer\"><strong>XXXVIII.<\/strong>\u00a0<em>Aristophane<\/em>, 1991 (1993)<\/a><\/p>\n<p><a href=\"https:\/\/www.fondationhardt.ch\/wp-content\/uploads\/2022\/10\/Entretiens-37.pdf\" target=\"_blank\" rel=\"noopener noreferrer\"><strong>XXXVII.<\/strong>\u00a0<em>Le sanctuaire grec<\/em>, 1990 (1992)<\/a><\/p>\n<p><a href=\"https:\/\/www.fondationhardt.ch\/wp-content\/uploads\/2022\/10\/Entretiens-36.pdf\" target=\"_blank\" rel=\"noopener noreferrer\"><strong>XXXVI.<\/strong>\u00a0<em>S\u00e9n\u00e8que et la prose latine<\/em>, 1989 (1991)<\/a><\/p>\n<p><a href=\"https:\/\/www.fondationhardt.ch\/wp-content\/uploads\/2022\/10\/Entretiens-35.pdf\" target=\"_blank\" rel=\"noopener noreferrer\"><strong>XXXV.<\/strong>\u00a0<em>H\u00e9rodote et les peuples non grecs<\/em>, 1988 (1990)<\/a><\/p>\n<p><a href=\"https:\/\/www.fondationhardt.ch\/wp-content\/uploads\/2022\/10\/Entretiens-34.pdf\" target=\"_blank\" rel=\"noopener noreferrer\"><strong>XXXIV.<\/strong>\u00a0<em>L\u2019Eglise et l\u2019Empire au IVe si\u00e8cle<\/em>, 1987 (1989)<\/a><\/p>\n<p><a href=\"https:\/\/www.fondationhardt.ch\/wp-content\/uploads\/2022\/10\/Entretiens-33.pdf\" target=\"_blank\" rel=\"noopener noreferrer\"><strong>XXXIII.\u00a0<\/strong><em>Opposition et r\u00e9sistances \u00e0 l\u2019Empire d\u2019Auguste \u00e0 Trajan<\/em>, 1986 (1987)<\/a><\/p>\n<p><a href=\"https:\/\/www.fondationhardt.ch\/wp-content\/uploads\/2022\/10\/Entretiens-32.pdf\" target=\"_blank\" rel=\"noopener noreferrer\"><strong>XXXII.<\/strong>\u00a0<em>Aspects de la philosophie hell\u00e9nistique<\/em>, 1985 (1986)<\/a><\/p>\n<p><a href=\"https:\/\/www.fondationhardt.ch\/wp-content\/uploads\/2022\/10\/Entretiens-31.pdf\" target=\"_blank\" rel=\"noopener noreferrer\"><strong>XXXI.\u00a0<\/strong><em>Pindare<\/em>, 1984 (1985)<\/a><\/p>\n<p><a href=\"https:\/\/www.fondationhardt.ch\/wp-content\/uploads\/2022\/10\/Entretiens-30.pdf\" target=\"_blank\" rel=\"noopener noreferrer\"><strong>XXX.\u00a0<\/strong><em>La fable<\/em>, 1983 (1984)<\/a><\/p>\n<p><a href=\"https:\/\/www.fondationhardt.ch\/wp-content\/uploads\/2022\/10\/Entretiens-29.pdf\" target=\"_blank\" rel=\"noopener noreferrer\"><strong>XXIX.<\/strong>\u00a0<em>Sophocle<\/em>, 1982 (1983)<\/a><\/p>\n<p><a href=\"https:\/\/www.fondationhardt.ch\/wp-content\/uploads\/2022\/10\/Entretiens-28.pdf\" target=\"_blank\" rel=\"noopener noreferrer\"><strong>XXVIII.<\/strong>\u00a0<em>Eloquence et rh\u00e9torique chez Cic\u00e9ron<\/em>, 1981 (1982)<\/a><\/p>\n<p><a href=\"https:\/\/www.fondationhardt.ch\/wp-content\/uploads\/2022\/10\/Entretiens-27.pdf\" target=\"_blank\" rel=\"noopener noreferrer\"><strong>XXVII.\u00a0<\/strong><em>Le sacrifice dans l\u2019Antiquit\u00e9<\/em>, 1980 (1981)<\/a><\/p>\n<p><a href=\"https:\/\/www.fondationhardt.ch\/wp-content\/uploads\/2022\/10\/Entretiens-26.pdf\" target=\"_blank\" rel=\"noopener noreferrer\"><strong>XXVI.<\/strong>\u00a0<em>Les \u00e9tudes classiques aux XIXe et XXe si\u00e8cles : Leur place dans l\u2019histoire des \u2028id\u00e9es<\/em>, 1979 (1980)<\/a><\/p>\n<p><a href=\"https:\/\/www.fondationhardt.ch\/wp-content\/uploads\/2022\/10\/Entretiens-25.pdf\" target=\"_blank\" rel=\"noopener noreferrer\"><strong>XXV.\u00a0<\/strong><em>Le classicisme \u00e0 Rome aux Iers si\u00e8cles avant et apr\u00e8s J.-C.<\/em>, 1978 (1979)<\/a><\/p>\n<p><a href=\"https:\/\/www.fondationhardt.ch\/wp-content\/uploads\/2022\/10\/Entretiens-24.pdf\" target=\"_blank\" rel=\"noopener noreferrer\"><strong>XXIV.\u00a0<\/strong><em>Lucr\u00e8ce<\/em>, 1977 (1978)<\/a><\/p>\n<p><a href=\"https:\/\/www.fondationhardt.ch\/wp-content\/uploads\/2022\/10\/Entretiens-23.pdf\" target=\"_blank\" rel=\"noopener noreferrer\"><strong>XXIII.<\/strong>\u00a0<em>Christianisme et formes litt\u00e9raires de l\u2019Antiquit\u00e9 tardive en Occident<\/em>, 1976 (1977)<\/a><\/p>\n<p><a href=\"https:\/\/www.fondationhardt.ch\/wp-content\/uploads\/2022\/10\/Entretiens-22.pdf\" target=\"_blank\" rel=\"noopener noreferrer\"><strong>XXII.<\/strong>\u00a0<em>Alexandre le Grand. Image et r\u00e9alit\u00e9<\/em>, 1975 (1976)<\/a><\/p>\n<p><a href=\"https:\/\/www.fondationhardt.ch\/wp-content\/uploads\/2022\/10\/Entretiens-21.pdf\" target=\"_blank\" rel=\"noopener noreferrer\"><strong>XXI.\u00a0<\/strong><em>De Jamblique \u00e0 Proclus<\/em>, 1974 (1975)<\/a><\/p>\n<p><a href=\"https:\/\/www.fondationhardt.ch\/wp-content\/uploads\/2022\/10\/Entretiens-20.pdf\" target=\"_blank\" rel=\"noopener noreferrer\"><strong>XX.<\/strong>\u00a0<em>Polybe<\/em>, 1973 (1974)<\/a><\/p>\n<p><a href=\"https:\/\/www.fondationhardt.ch\/wp-content\/uploads\/2022\/10\/Entretiens-19.pdf\" target=\"_blank\" rel=\"noopener noreferrer\"><strong>XIX.<\/strong>\u00a0<em>Le culte des souverains dans l\u2019empire Romain<\/em>, 1972 (1973)<\/a><\/p>\n<p><a href=\"https:\/\/www.fondationhardt.ch\/wp-content\/uploads\/2022\/10\/Entretiens-18.pdf\" target=\"_blank\" rel=\"noopener noreferrer\"><strong>XVIII.\u00a0<\/strong><em>Pseudepigrapha I. Pseudopythagorica \u2013 Lettres de Platon. Litt\u00e9rature pseud\u00e9pigraphique juive<\/em>, 1971 (1972)<\/a><\/p>\n<p><a href=\"https:\/\/www.fondationhardt.ch\/wp-content\/uploads\/2022\/10\/Entretiens-XVII.pdf\" target=\"_blank\" rel=\"noopener noreferrer\"><strong>XVII.<\/strong>\u00a0<em>Ennius<\/em>, 1971 (1972)<\/a><\/p>\n<p><a href=\"https:\/\/www.fondationhardt.ch\/wp-content\/uploads\/2022\/10\/Entretiens-16.pdf\" target=\"_blank\" rel=\"noopener noreferrer\"><strong>XVI.<\/strong>\u00a0<em>M\u00e9nandre<\/em>, 1969 (1970)<\/a><\/p>\n<p><a href=\"https:\/\/www.fondationhardt.ch\/wp-content\/uploads\/2022\/10\/Entretiens-15.pdf\" target=\"_blank\" rel=\"noopener noreferrer\"><strong>XV.\u00a0<\/strong><em>Lucain<\/em>, 1968 (1970)<\/a><\/p>\n<p><a href=\"https:\/\/www.fondationhardt.ch\/wp-content\/uploads\/2022\/10\/Entretiens-14.pdf\" target=\"_blank\" rel=\"noopener noreferrer\"><strong>XIV.\u00a0<\/strong><em>L\u2019\u00e9pigramme grecque<\/em>, 1967 (1969)<\/a><\/p>\n<p><a href=\"https:\/\/www.fondationhardt.ch\/wp-content\/uploads\/2022\/10\/Entretiens-13.pdf\" target=\"_blank\" rel=\"noopener noreferrer\"><strong>XIII.\u00a0<\/strong><em>Les origines de la r\u00e9publique romaine<\/em>, 1966 (1967)<\/a><\/p>\n<p><a href=\"https:\/\/www.fondationhardt.ch\/wp-content\/uploads\/2022\/10\/Entretiens-12.pdf\" target=\"_blank\" rel=\"noopener noreferrer\"><strong>XII.<\/strong>\u00a0<em>Porphyre<\/em>, 1965 (1966)<\/a><\/p>\n<p><a href=\"https:\/\/www.fondationhardt.ch\/wp-content\/uploads\/2022\/10\/Entretiens-11.pdf\" target=\"_blank\" rel=\"noopener noreferrer\"><strong>XI.\u00a0<\/strong><em>La \u00ab Politique \u00bb d\u2019Aristote<\/em>, 1964 (1965)<\/a><\/p>\n<p><a href=\"https:\/\/www.fondationhardt.ch\/wp-content\/uploads\/2022\/10\/Entretiens-10.pdf\" target=\"_blank\" rel=\"noopener noreferrer\"><strong>X.<\/strong>\u00a0<em>Archiloque<\/em>, 1963 (1964)<\/a><\/p>\n<p><a href=\"https:\/\/www.fondationhardt.ch\/wp-content\/uploads\/2022\/10\/Entretiens-9.pdf\" target=\"_blank\" rel=\"noopener noreferrer\"><strong>IX.\u00a0<\/strong><em>Varron<\/em>, 1962 (1963)<\/a><\/p>\n<p><a href=\"https:\/\/www.fondationhardt.ch\/wp-content\/uploads\/2022\/10\/Entretiens-8.pdf\" target=\"_blank\" rel=\"noopener noreferrer\"><strong>VIII.\u00a0<\/strong><em>Grecs et Barbares<\/em>, 1961 (1962)<\/a><\/p>\n<p><a href=\"https:\/\/www.fondationhardt.ch\/wp-content\/uploads\/2022\/10\/Entretiens-7.pdf\" target=\"_blank\" rel=\"noopener noreferrer\"><strong>VII.\u00a0<\/strong><em>H\u00e9siode et son influence<\/em>, 1960 (1962)<\/a><\/p>\n<p><a href=\"https:\/\/www.fondationhardt.ch\/wp-content\/uploads\/2022\/10\/Entretiens-6.pdf\" target=\"_blank\" rel=\"noopener noreferrer\"><strong>VI.\u00a0<\/strong><em>Euripide<\/em>, 1958 (1960)<\/a><\/p>\n<p><a href=\"https:\/\/www.fondationhardt.ch\/wp-content\/uploads\/2022\/10\/Entretiens-5.pdf\" target=\"_blank\" rel=\"noopener noreferrer\"><strong>V.\u00a0<\/strong><em>Les sources de Plotin<\/em>, 1957 (1960)<\/a><\/p>\n<p><a href=\"https:\/\/www.fondationhardt.ch\/wp-content\/uploads\/2022\/10\/Entretiens-4.pdf\" target=\"_blank\" rel=\"noopener noreferrer\"><strong>IV.\u00a0<\/strong><em>Histoire et historiens dans l\u2019Antiquit\u00e9<\/em>, 1956 (1958)<\/a><\/p>\n<p><a href=\"https:\/\/www.fondationhardt.ch\/wp-content\/uploads\/2022\/10\/Entretiens-3.pdf\" target=\"_blank\" rel=\"noopener noreferrer\"><strong>III.\u00a0<\/strong><em>Recherches sur la tradition platonicienne<\/em>, 1955 (1957)<\/a><\/p>\n<p><a href=\"https:\/\/www.fondationhardt.ch\/wp-content\/uploads\/2022\/10\/Entretiens-2.pdf\" target=\"_blank\" rel=\"noopener noreferrer\"><strong>II.\u00a0<\/strong><em>L\u2019influence grecque sur la po\u00e9sie latine de Catulle \u00e0 Ovide<\/em>, 1953 (1956)<\/a><\/p>\n<p><a href=\"https:\/\/www.fondationhardt.ch\/wp-content\/uploads\/2022\/10\/Enrtetiens-1.pdf\" target=\"_blank\" rel=\"noopener noreferrer\"><strong>I.<\/strong>\u00a0<em>La notion du divin depuis Hom\u00e8re jusqu\u2019\u00e0 Platon<\/em>, 1952 (1954)<\/a><\/p>\n<\/div>\n","protected":false},"excerpt":{"rendered":"<p>As part of the agreement signed on 12 November 2015 between the Hardt Foundation and the Swiss National Library, the series of\u00a0Entretiens sur l&#8217;Antiquit\u00e9 classique\u00a0(since 1952) has been digitised and is now accessible online with a moving wall of three years on the\u00a0platforms\u00a0e-periodica.ch\u00a0and E-Helvetica Access. Detailed list of published volumes LXX. \u00c0 l&#8217;aube du roman. [&hellip;]<\/p>\n","protected":false},"author":1,"featured_media":1137,"parent":396,"menu_order":0,"comment_status":"closed","ping_status":"closed","template":"","meta":{"footnotes":""},"class_list":["post-397","page","type-page","status-publish","has-post-thumbnail","hentry"],"acf":[],"yoast_head":"<!-- This site is optimized with the Yoast SEO plugin v19.10 - https:\/\/yoast.com\/wordpress\/plugins\/seo\/ -->\n<title>The Entretiens Collection<\/title>\n<meta name=\"description\" content=\"The volumes of the\u00a0Entretiens sur l\u2019Antiquit\u00e9 classique.\" \/>\n<meta name=\"robots\" content=\"index, follow, max-snippet:-1, max-image-preview:large, max-video-preview:-1\" \/>\n<link rel=\"canonical\" href=\"https:\/\/www.fondationhardt.ch\/en\/entretiens_en\/la-serie-des-entretiens_en\/\" \/>\n<meta property=\"og:locale\" content=\"en_US\" \/>\n<meta property=\"og:type\" content=\"article\" \/>\n<meta property=\"og:title\" content=\"The Entretiens Collection\" \/>\n<meta property=\"og:description\" content=\"The volumes of the\u00a0Entretiens sur l\u2019Antiquit\u00e9 classique.\" \/>\n<meta property=\"og:url\" content=\"https:\/\/www.fondationhardt.ch\/en\/entretiens_en\/la-serie-des-entretiens_en\/\" \/>\n<meta property=\"og:site_name\" content=\"Fondation Hardt\" \/>\n<meta property=\"article:modified_time\" content=\"2025-09-03T08:47:35+00:00\" \/>\n<meta property=\"og:image\" content=\"https:\/\/www.fondationhardt.ch\/wp-content\/uploads\/2014\/05\/entretiens-F-Hardt-2013-maison-et-parc-_DSC4398.jpg\" \/>\n\t<meta property=\"og:image:width\" content=\"2000\" \/>\n\t<meta property=\"og:image:height\" content=\"1500\" \/>\n\t<meta property=\"og:image:type\" content=\"image\/jpeg\" \/>\n<meta name=\"twitter:card\" content=\"summary_large_image\" \/>\n<meta name=\"twitter:label1\" content=\"Est. reading time\" \/>\n\t<meta name=\"twitter:data1\" content=\"4 minutes\" \/>\n<script type=\"application\/ld+json\" class=\"yoast-schema-graph\">{\"@context\":\"https:\/\/schema.org\",\"@graph\":[{\"@type\":\"WebPage\",\"@id\":\"https:\/\/www.fondationhardt.ch\/en\/entretiens_en\/la-serie-des-entretiens_en\/\",\"url\":\"https:\/\/www.fondationhardt.ch\/en\/entretiens_en\/la-serie-des-entretiens_en\/\",\"name\":\"The Entretiens Collection\",\"isPartOf\":{\"@id\":\"https:\/\/www.fondationhardt.ch\/#website\"},\"datePublished\":\"2014-04-29T05:44:58+00:00\",\"dateModified\":\"2025-09-03T08:47:35+00:00\",\"description\":\"The volumes of the\u00a0Entretiens sur l\u2019Antiquit\u00e9 classique.\",\"breadcrumb\":{\"@id\":\"https:\/\/www.fondationhardt.ch\/en\/entretiens_en\/la-serie-des-entretiens_en\/#breadcrumb\"},\"inLanguage\":\"en-US\",\"potentialAction\":[{\"@type\":\"ReadAction\",\"target\":[\"https:\/\/www.fondationhardt.ch\/en\/entretiens_en\/la-serie-des-entretiens_en\/\"]}]},{\"@type\":\"BreadcrumbList\",\"@id\":\"https:\/\/www.fondationhardt.ch\/en\/entretiens_en\/la-serie-des-entretiens_en\/#breadcrumb\",\"itemListElement\":[{\"@type\":\"ListItem\",\"position\":1,\"name\":\"Accueil\",\"item\":\"https:\/\/www.fondationhardt.ch\/\"},{\"@type\":\"ListItem\",\"position\":2,\"name\":\"The Entretiens\",\"item\":\"https:\/\/www.fondationhardt.ch\/en\/entretiens_en\/\"},{\"@type\":\"ListItem\",\"position\":3,\"name\":\"The Entretiens collection online\"}]},{\"@type\":\"WebSite\",\"@id\":\"https:\/\/www.fondationhardt.ch\/#website\",\"url\":\"https:\/\/www.fondationhardt.ch\/\",\"name\":\"Fondation Hardt\",\"description\":\"Fondation pour l&#039;\u00e9tude de l&#039;antiquit\u00e9 classique, promotion de l&#039;\u00e9tude de l&#039;Antiquit\u00e9 classique.\",\"potentialAction\":[{\"@type\":\"SearchAction\",\"target\":{\"@type\":\"EntryPoint\",\"urlTemplate\":\"https:\/\/www.fondationhardt.ch\/?s={search_term_string}\"},\"query-input\":\"required name=search_term_string\"}],\"inLanguage\":\"en-US\"}]}<\/script>\n<!-- \/ Yoast SEO plugin. -->","yoast_head_json":{"title":"The Entretiens Collection","description":"The volumes of the\u00a0Entretiens sur l\u2019Antiquit\u00e9 classique.","robots":{"index":"index","follow":"follow","max-snippet":"max-snippet:-1","max-image-preview":"max-image-preview:large","max-video-preview":"max-video-preview:-1"},"canonical":"https:\/\/www.fondationhardt.ch\/en\/entretiens_en\/la-serie-des-entretiens_en\/","og_locale":"en_US","og_type":"article","og_title":"The Entretiens Collection","og_description":"The volumes of the\u00a0Entretiens sur l\u2019Antiquit\u00e9 classique.","og_url":"https:\/\/www.fondationhardt.ch\/en\/entretiens_en\/la-serie-des-entretiens_en\/","og_site_name":"Fondation Hardt","article_modified_time":"2025-09-03T08:47:35+00:00","og_image":[{"width":2000,"height":1500,"url":"https:\/\/www.fondationhardt.ch\/wp-content\/uploads\/2014\/05\/entretiens-F-Hardt-2013-maison-et-parc-_DSC4398.jpg","type":"image\/jpeg"}],"twitter_card":"summary_large_image","twitter_misc":{"Est. reading time":"4 minutes"},"schema":{"@context":"https:\/\/schema.org","@graph":[{"@type":"WebPage","@id":"https:\/\/www.fondationhardt.ch\/en\/entretiens_en\/la-serie-des-entretiens_en\/","url":"https:\/\/www.fondationhardt.ch\/en\/entretiens_en\/la-serie-des-entretiens_en\/","name":"The Entretiens Collection","isPartOf":{"@id":"https:\/\/www.fondationhardt.ch\/#website"},"datePublished":"2014-04-29T05:44:58+00:00","dateModified":"2025-09-03T08:47:35+00:00","description":"The volumes of the\u00a0Entretiens sur l\u2019Antiquit\u00e9 classique.","breadcrumb":{"@id":"https:\/\/www.fondationhardt.ch\/en\/entretiens_en\/la-serie-des-entretiens_en\/#breadcrumb"},"inLanguage":"en-US","potentialAction":[{"@type":"ReadAction","target":["https:\/\/www.fondationhardt.ch\/en\/entretiens_en\/la-serie-des-entretiens_en\/"]}]},{"@type":"BreadcrumbList","@id":"https:\/\/www.fondationhardt.ch\/en\/entretiens_en\/la-serie-des-entretiens_en\/#breadcrumb","itemListElement":[{"@type":"ListItem","position":1,"name":"Accueil","item":"https:\/\/www.fondationhardt.ch\/"},{"@type":"ListItem","position":2,"name":"The Entretiens","item":"https:\/\/www.fondationhardt.ch\/en\/entretiens_en\/"},{"@type":"ListItem","position":3,"name":"The Entretiens collection online"}]},{"@type":"WebSite","@id":"https:\/\/www.fondationhardt.ch\/#website","url":"https:\/\/www.fondationhardt.ch\/","name":"Fondation Hardt","description":"Fondation pour l&#039;\u00e9tude de l&#039;antiquit\u00e9 classique, promotion de l&#039;\u00e9tude de l&#039;Antiquit\u00e9 classique.","potentialAction":[{"@type":"SearchAction","target":{"@type":"EntryPoint","urlTemplate":"https:\/\/www.fondationhardt.ch\/?s={search_term_string}"},"query-input":"required name=search_term_string"}],"inLanguage":"en-US"}]}},"_links":{"self":[{"href":"https:\/\/www.fondationhardt.ch\/en\/wp-json\/wp\/v2\/pages\/397","targetHints":{"allow":["GET"]}}],"collection":[{"href":"https:\/\/www.fondationhardt.ch\/en\/wp-json\/wp\/v2\/pages"}],"about":[{"href":"https:\/\/www.fondationhardt.ch\/en\/wp-json\/wp\/v2\/types\/page"}],"author":[{"embeddable":true,"href":"https:\/\/www.fondationhardt.ch\/en\/wp-json\/wp\/v2\/users\/1"}],"replies":[{"embeddable":true,"href":"https:\/\/www.fondationhardt.ch\/en\/wp-json\/wp\/v2\/comments?post=397"}],"version-history":[{"count":60,"href":"https:\/\/www.fondationhardt.ch\/en\/wp-json\/wp\/v2\/pages\/397\/revisions"}],"predecessor-version":[{"id":12484,"href":"https:\/\/www.fondationhardt.ch\/en\/wp-json\/wp\/v2\/pages\/397\/revisions\/12484"}],"up":[{"embeddable":true,"href":"https:\/\/www.fondationhardt.ch\/en\/wp-json\/wp\/v2\/pages\/396"}],"wp:featuredmedia":[{"embeddable":true,"href":"https:\/\/www.fondationhardt.ch\/en\/wp-json\/wp\/v2\/media\/1137"}],"wp:attachment":[{"href":"https:\/\/www.fondationhardt.ch\/en\/wp-json\/wp\/v2\/media?parent=397"}],"curies":[{"name":"wp","href":"https:\/\/api.w.org\/{rel}","templated":true}]}}