{"id":399,"date":"2014-04-29T06:45:17","date_gmt":"2014-04-29T05:45:17","guid":{"rendered":"http:\/\/www.fondationhardt.ch\/?page_id=399"},"modified":"2023-03-16T14:45:37","modified_gmt":"2023-03-16T12:45:37","slug":"informations-pratiques_en","status":"publish","type":"page","link":"https:\/\/www.fondationhardt.ch\/en\/informations-pratiques_en\/","title":{"rendered":"Practical information"},"content":{"rendered":"<p>Fondation Hardt<br \/>\nChemin Vert 2<br \/>\n1253 Vandoeuvres (Gen\u00e8ve)<\/p>\n<p>T\u00e9l. \u00a0+41 (0) 22 736 31 04<\/p>\n<p><a href=\"https:\/\/www.fondationhardt.ch\/wp-content\/uploads\/2018\/09\/Plan-dacc\u00e8s-FH-2018_engl_A4.pdf\">How to find us<\/a><\/p>\n","protected":false},"excerpt":{"rendered":"<p>Fondation Hardt Chemin Vert 2 1253 Vandoeuvres (Gen\u00e8ve) T\u00e9l. \u00a0+41 (0) 22 736 31 04 How to find us<\/p>\n","protected":false},"author":1,"featured_media":1662,"parent":0,"menu_order":0,"comment_status":"open","ping_status":"open","template":"","meta":{"footnotes":""},"class_list":["post-399","page","type-page","status-publish","has-post-thumbnail","hentry"],"acf":[],"yoast_head":"<!-- This site is optimized with the Yoast SEO plugin v19.10 - https:\/\/yoast.com\/wordpress\/plugins\/seo\/ -->\n<title>Practical information - Fondation Hardt<\/title>\n<meta name=\"robots\" content=\"index, follow, max-snippet:-1, max-image-preview:large, max-video-preview:-1\" \/>\n<link rel=\"canonical\" href=\"https:\/\/www.fondationhardt.ch\/en\/informations-pratiques_en\/\" \/>\n<meta property=\"og:locale\" content=\"en_US\" \/>\n<meta property=\"og:type\" content=\"article\" \/>\n<meta property=\"og:title\" content=\"Practical information - Fondation Hardt\" \/>\n<meta property=\"og:description\" content=\"Fondation Hardt Chemin Vert 2 1253 Vandoeuvres (Gen\u00e8ve) T\u00e9l. \u00a0+41 (0) 22 736 31 04 How to find us\" \/>\n<meta property=\"og:url\" content=\"https:\/\/www.fondationhardt.ch\/en\/informations-pratiques_en\/\" \/>\n<meta property=\"og:site_name\" content=\"Fondation Hardt\" \/>\n<meta property=\"article:modified_time\" content=\"2023-03-16T12:45:37+00:00\" \/>\n<meta property=\"og:image\" content=\"https:\/\/www.fondationhardt.ch\/wp-content\/uploads\/2014\/03\/Panneau-fl\u00e9ch\u00e9-FH.jpg\" \/>\n\t<meta property=\"og:image:width\" content=\"1800\" \/>\n\t<meta property=\"og:image:height\" content=\"1012\" \/>\n\t<meta property=\"og:image:type\" content=\"image\/jpeg\" \/>\n<meta name=\"twitter:card\" content=\"summary_large_image\" \/>\n<meta name=\"twitter:label1\" content=\"Est. reading time\" \/>\n\t<meta name=\"twitter:data1\" content=\"1 minute\" \/>\n<script type=\"application\/ld+json\" class=\"yoast-schema-graph\">{\"@context\":\"https:\/\/schema.org\",\"@graph\":[{\"@type\":\"WebPage\",\"@id\":\"https:\/\/www.fondationhardt.ch\/en\/informations-pratiques_en\/\",\"url\":\"https:\/\/www.fondationhardt.ch\/en\/informations-pratiques_en\/\",\"name\":\"Practical information - Fondation Hardt\",\"isPartOf\":{\"@id\":\"https:\/\/www.fondationhardt.ch\/#website\"},\"datePublished\":\"2014-04-29T05:45:17+00:00\",\"dateModified\":\"2023-03-16T12:45:37+00:00\",\"breadcrumb\":{\"@id\":\"https:\/\/www.fondationhardt.ch\/en\/informations-pratiques_en\/#breadcrumb\"},\"inLanguage\":\"en-US\",\"potentialAction\":[{\"@type\":\"ReadAction\",\"target\":[\"https:\/\/www.fondationhardt.ch\/en\/informations-pratiques_en\/\"]}]},{\"@type\":\"BreadcrumbList\",\"@id\":\"https:\/\/www.fondationhardt.ch\/en\/informations-pratiques_en\/#breadcrumb\",\"itemListElement\":[{\"@type\":\"ListItem\",\"position\":1,\"name\":\"Accueil\",\"item\":\"https:\/\/www.fondationhardt.ch\/\"},{\"@type\":\"ListItem\",\"position\":2,\"name\":\"Practical information\"}]},{\"@type\":\"WebSite\",\"@id\":\"https:\/\/www.fondationhardt.ch\/#website\",\"url\":\"https:\/\/www.fondationhardt.ch\/\",\"name\":\"Fondation Hardt\",\"description\":\"Fondation pour l&#039;\u00e9tude de l&#039;antiquit\u00e9 classique, promotion de l&#039;\u00e9tude de l&#039;Antiquit\u00e9 classique.\",\"potentialAction\":[{\"@type\":\"SearchAction\",\"target\":{\"@type\":\"EntryPoint\",\"urlTemplate\":\"https:\/\/www.fondationhardt.ch\/?s={search_term_string}\"},\"query-input\":\"required name=search_term_string\"}],\"inLanguage\":\"en-US\"}]}<\/script>\n<!-- \/ Yoast SEO plugin. -->","yoast_head_json":{"title":"Practical information - Fondation Hardt","robots":{"index":"index","follow":"follow","max-snippet":"max-snippet:-1","max-image-preview":"max-image-preview:large","max-video-preview":"max-video-preview:-1"},"canonical":"https:\/\/www.fondationhardt.ch\/en\/informations-pratiques_en\/","og_locale":"en_US","og_type":"article","og_title":"Practical information - Fondation Hardt","og_description":"Fondation Hardt Chemin Vert 2 1253 Vandoeuvres (Gen\u00e8ve) T\u00e9l. \u00a0+41 (0) 22 736 31 04 How to find us","og_url":"https:\/\/www.fondationhardt.ch\/en\/informations-pratiques_en\/","og_site_name":"Fondation Hardt","article_modified_time":"2023-03-16T12:45:37+00:00","og_image":[{"width":1800,"height":1012,"url":"https:\/\/www.fondationhardt.ch\/wp-content\/uploads\/2014\/03\/Panneau-fl\u00e9ch\u00e9-FH.jpg","type":"image\/jpeg"}],"twitter_card":"summary_large_image","twitter_misc":{"Est. reading time":"1 minute"},"schema":{"@context":"https:\/\/schema.org","@graph":[{"@type":"WebPage","@id":"https:\/\/www.fondationhardt.ch\/en\/informations-pratiques_en\/","url":"https:\/\/www.fondationhardt.ch\/en\/informations-pratiques_en\/","name":"Practical information - Fondation Hardt","isPartOf":{"@id":"https:\/\/www.fondationhardt.ch\/#website"},"datePublished":"2014-04-29T05:45:17+00:00","dateModified":"2023-03-16T12:45:37+00:00","breadcrumb":{"@id":"https:\/\/www.fondationhardt.ch\/en\/informations-pratiques_en\/#breadcrumb"},"inLanguage":"en-US","potentialAction":[{"@type":"ReadAction","target":["https:\/\/www.fondationhardt.ch\/en\/informations-pratiques_en\/"]}]},{"@type":"BreadcrumbList","@id":"https:\/\/www.fondationhardt.ch\/en\/informations-pratiques_en\/#breadcrumb","itemListElement":[{"@type":"ListItem","position":1,"name":"Accueil","item":"https:\/\/www.fondationhardt.ch\/"},{"@type":"ListItem","position":2,"name":"Practical information"}]},{"@type":"WebSite","@id":"https:\/\/www.fondationhardt.ch\/#website","url":"https:\/\/www.fondationhardt.ch\/","name":"Fondation Hardt","description":"Fondation pour l&#039;\u00e9tude de l&#039;antiquit\u00e9 classique, promotion de l&#039;\u00e9tude de l&#039;Antiquit\u00e9 classique.","potentialAction":[{"@type":"SearchAction","target":{"@type":"EntryPoint","urlTemplate":"https:\/\/www.fondationhardt.ch\/?s={search_term_string}"},"query-input":"required name=search_term_string"}],"inLanguage":"en-US"}]}},"_links":{"self":[{"href":"https:\/\/www.fondationhardt.ch\/en\/wp-json\/wp\/v2\/pages\/399","targetHints":{"allow":["GET"]}}],"collection":[{"href":"https:\/\/www.fondationhardt.ch\/en\/wp-json\/wp\/v2\/pages"}],"about":[{"href":"https:\/\/www.fondationhardt.ch\/en\/wp-json\/wp\/v2\/types\/page"}],"author":[{"embeddable":true,"href":"https:\/\/www.fondationhardt.ch\/en\/wp-json\/wp\/v2\/users\/1"}],"replies":[{"embeddable":true,"href":"https:\/\/www.fondationhardt.ch\/en\/wp-json\/wp\/v2\/comments?post=399"}],"version-history":[{"count":10,"href":"https:\/\/www.fondationhardt.ch\/en\/wp-json\/wp\/v2\/pages\/399\/revisions"}],"predecessor-version":[{"id":10174,"href":"https:\/\/www.fondationhardt.ch\/en\/wp-json\/wp\/v2\/pages\/399\/revisions\/10174"}],"wp:featuredmedia":[{"embeddable":true,"href":"https:\/\/www.fondationhardt.ch\/en\/wp-json\/wp\/v2\/media\/1662"}],"wp:attachment":[{"href":"https:\/\/www.fondationhardt.ch\/en\/wp-json\/wp\/v2\/media?parent=399"}],"curies":[{"name":"wp","href":"https:\/\/api.w.org\/{rel}","templated":true}]}}