{"id":415,"date":"2014-04-29T06:47:06","date_gmt":"2014-04-29T05:47:06","guid":{"rendered":"http:\/\/www.fondationhardt.ch\/?page_id=415"},"modified":"2023-04-27T08:53:51","modified_gmt":"2023-04-27T06:53:51","slug":"plan-dacces_en","status":"publish","type":"page","link":"https:\/\/www.fondationhardt.ch\/en\/informations-pratiques_en\/plan-dacces_en\/","title":{"rendered":"Access"},"content":{"rendered":"<p>Chemin Vert 2<br \/>\n1253 Vandoeuvres<br \/>\nSwitzerland<\/p>\n<p><a href=\"https:\/\/www.fondationhardt.ch\/wp-content\/uploads\/2023\/04\/Plan-dacces-FH-2023_engl_A4.pdf\">How to find us<\/a><\/p>\n<p><a href=\"https:\/\/www.google.ch\/maps\/place\/Fondation+Hardt+pour+l+%C3%A9tude+de+l+antiquit%C3%A9+classique\/@46.216782,6.190574,17z\/data=!3m1!4b1!4m2!3m1!1s0x478c6f8a5843aa33:0x45b7f97d38a8cee1?hl=fr\">Google Map Link<\/a><\/p>\n","protected":false},"excerpt":{"rendered":"<p>Chemin Vert 2 1253 Vandoeuvres Switzerland How to find us Google Map Link<\/p>\n","protected":false},"author":1,"featured_media":0,"parent":399,"menu_order":0,"comment_status":"open","ping_status":"closed","template":"single-gmap.php","meta":{"footnotes":""},"class_list":["post-415","page","type-page","status-publish","hentry"],"acf":[],"yoast_head":"<!-- This site is optimized with the Yoast SEO plugin v19.10 - https:\/\/yoast.com\/wordpress\/plugins\/seo\/ -->\n<title>Access<\/title>\n<meta name=\"description\" content=\"Directions for travelling to the Hardt Foundation, Chemin Vert 2, 1253 Vandoeuvres, Switzerland\" \/>\n<meta name=\"robots\" content=\"index, follow, max-snippet:-1, max-image-preview:large, max-video-preview:-1\" \/>\n<link rel=\"canonical\" href=\"https:\/\/www.fondationhardt.ch\/en\/informations-pratiques_en\/plan-dacces_en\/\" \/>\n<meta property=\"og:locale\" content=\"en_US\" \/>\n<meta property=\"og:type\" content=\"article\" \/>\n<meta property=\"og:title\" content=\"Access\" \/>\n<meta property=\"og:description\" content=\"Directions for travelling to the Hardt Foundation, Chemin Vert 2, 1253 Vandoeuvres, Switzerland\" \/>\n<meta property=\"og:url\" content=\"https:\/\/www.fondationhardt.ch\/en\/informations-pratiques_en\/plan-dacces_en\/\" \/>\n<meta property=\"og:site_name\" content=\"Fondation Hardt\" \/>\n<meta property=\"article:modified_time\" content=\"2023-04-27T06:53:51+00:00\" \/>\n<meta name=\"twitter:card\" content=\"summary_large_image\" \/>\n<meta name=\"twitter:label1\" content=\"Est. reading time\" \/>\n\t<meta name=\"twitter:data1\" content=\"1 minute\" \/>\n<script type=\"application\/ld+json\" class=\"yoast-schema-graph\">{\"@context\":\"https:\/\/schema.org\",\"@graph\":[{\"@type\":\"WebPage\",\"@id\":\"https:\/\/www.fondationhardt.ch\/en\/informations-pratiques_en\/plan-dacces_en\/\",\"url\":\"https:\/\/www.fondationhardt.ch\/en\/informations-pratiques_en\/plan-dacces_en\/\",\"name\":\"Access\",\"isPartOf\":{\"@id\":\"https:\/\/www.fondationhardt.ch\/#website\"},\"datePublished\":\"2014-04-29T05:47:06+00:00\",\"dateModified\":\"2023-04-27T06:53:51+00:00\",\"description\":\"Directions for travelling to the Hardt Foundation, Chemin Vert 2, 1253 Vandoeuvres, Switzerland\",\"breadcrumb\":{\"@id\":\"https:\/\/www.fondationhardt.ch\/en\/informations-pratiques_en\/plan-dacces_en\/#breadcrumb\"},\"inLanguage\":\"en-US\",\"potentialAction\":[{\"@type\":\"ReadAction\",\"target\":[\"https:\/\/www.fondationhardt.ch\/en\/informations-pratiques_en\/plan-dacces_en\/\"]}]},{\"@type\":\"BreadcrumbList\",\"@id\":\"https:\/\/www.fondationhardt.ch\/en\/informations-pratiques_en\/plan-dacces_en\/#breadcrumb\",\"itemListElement\":[{\"@type\":\"ListItem\",\"position\":1,\"name\":\"Accueil\",\"item\":\"https:\/\/www.fondationhardt.ch\/\"},{\"@type\":\"ListItem\",\"position\":2,\"name\":\"Practical information\",\"item\":\"https:\/\/www.fondationhardt.ch\/en\/informations-pratiques_en\/\"},{\"@type\":\"ListItem\",\"position\":3,\"name\":\"Access\"}]},{\"@type\":\"WebSite\",\"@id\":\"https:\/\/www.fondationhardt.ch\/#website\",\"url\":\"https:\/\/www.fondationhardt.ch\/\",\"name\":\"Fondation Hardt\",\"description\":\"Fondation pour l&#039;\u00e9tude de l&#039;antiquit\u00e9 classique, promotion de l&#039;\u00e9tude de l&#039;Antiquit\u00e9 classique.\",\"potentialAction\":[{\"@type\":\"SearchAction\",\"target\":{\"@type\":\"EntryPoint\",\"urlTemplate\":\"https:\/\/www.fondationhardt.ch\/?s={search_term_string}\"},\"query-input\":\"required name=search_term_string\"}],\"inLanguage\":\"en-US\"}]}<\/script>\n<!-- \/ Yoast SEO plugin. -->","yoast_head_json":{"title":"Access","description":"Directions for travelling to the Hardt Foundation, Chemin Vert 2, 1253 Vandoeuvres, Switzerland","robots":{"index":"index","follow":"follow","max-snippet":"max-snippet:-1","max-image-preview":"max-image-preview:large","max-video-preview":"max-video-preview:-1"},"canonical":"https:\/\/www.fondationhardt.ch\/en\/informations-pratiques_en\/plan-dacces_en\/","og_locale":"en_US","og_type":"article","og_title":"Access","og_description":"Directions for travelling to the Hardt Foundation, Chemin Vert 2, 1253 Vandoeuvres, Switzerland","og_url":"https:\/\/www.fondationhardt.ch\/en\/informations-pratiques_en\/plan-dacces_en\/","og_site_name":"Fondation Hardt","article_modified_time":"2023-04-27T06:53:51+00:00","twitter_card":"summary_large_image","twitter_misc":{"Est. reading time":"1 minute"},"schema":{"@context":"https:\/\/schema.org","@graph":[{"@type":"WebPage","@id":"https:\/\/www.fondationhardt.ch\/en\/informations-pratiques_en\/plan-dacces_en\/","url":"https:\/\/www.fondationhardt.ch\/en\/informations-pratiques_en\/plan-dacces_en\/","name":"Access","isPartOf":{"@id":"https:\/\/www.fondationhardt.ch\/#website"},"datePublished":"2014-04-29T05:47:06+00:00","dateModified":"2023-04-27T06:53:51+00:00","description":"Directions for travelling to the Hardt Foundation, Chemin Vert 2, 1253 Vandoeuvres, Switzerland","breadcrumb":{"@id":"https:\/\/www.fondationhardt.ch\/en\/informations-pratiques_en\/plan-dacces_en\/#breadcrumb"},"inLanguage":"en-US","potentialAction":[{"@type":"ReadAction","target":["https:\/\/www.fondationhardt.ch\/en\/informations-pratiques_en\/plan-dacces_en\/"]}]},{"@type":"BreadcrumbList","@id":"https:\/\/www.fondationhardt.ch\/en\/informations-pratiques_en\/plan-dacces_en\/#breadcrumb","itemListElement":[{"@type":"ListItem","position":1,"name":"Accueil","item":"https:\/\/www.fondationhardt.ch\/"},{"@type":"ListItem","position":2,"name":"Practical information","item":"https:\/\/www.fondationhardt.ch\/en\/informations-pratiques_en\/"},{"@type":"ListItem","position":3,"name":"Access"}]},{"@type":"WebSite","@id":"https:\/\/www.fondationhardt.ch\/#website","url":"https:\/\/www.fondationhardt.ch\/","name":"Fondation Hardt","description":"Fondation pour l&#039;\u00e9tude de l&#039;antiquit\u00e9 classique, promotion de l&#039;\u00e9tude de l&#039;Antiquit\u00e9 classique.","potentialAction":[{"@type":"SearchAction","target":{"@type":"EntryPoint","urlTemplate":"https:\/\/www.fondationhardt.ch\/?s={search_term_string}"},"query-input":"required name=search_term_string"}],"inLanguage":"en-US"}]}},"_links":{"self":[{"href":"https:\/\/www.fondationhardt.ch\/en\/wp-json\/wp\/v2\/pages\/415","targetHints":{"allow":["GET"]}}],"collection":[{"href":"https:\/\/www.fondationhardt.ch\/en\/wp-json\/wp\/v2\/pages"}],"about":[{"href":"https:\/\/www.fondationhardt.ch\/en\/wp-json\/wp\/v2\/types\/page"}],"author":[{"embeddable":true,"href":"https:\/\/www.fondationhardt.ch\/en\/wp-json\/wp\/v2\/users\/1"}],"replies":[{"embeddable":true,"href":"https:\/\/www.fondationhardt.ch\/en\/wp-json\/wp\/v2\/comments?post=415"}],"version-history":[{"count":19,"href":"https:\/\/www.fondationhardt.ch\/en\/wp-json\/wp\/v2\/pages\/415\/revisions"}],"predecessor-version":[{"id":10269,"href":"https:\/\/www.fondationhardt.ch\/en\/wp-json\/wp\/v2\/pages\/415\/revisions\/10269"}],"up":[{"embeddable":true,"href":"https:\/\/www.fondationhardt.ch\/en\/wp-json\/wp\/v2\/pages\/399"}],"wp:attachment":[{"href":"https:\/\/www.fondationhardt.ch\/en\/wp-json\/wp\/v2\/media?parent=415"}],"curies":[{"name":"wp","href":"https:\/\/api.w.org\/{rel}","templated":true}]}}