{"id":416,"date":"2014-04-29T06:46:18","date_gmt":"2014-04-29T05:46:18","guid":{"rendered":"http:\/\/www.fondationhardt.ch\/?page_id=416"},"modified":"2014-07-10T16:56:29","modified_gmt":"2014-07-10T14:56:29","slug":"la-bibliotheque_en","status":"publish","type":"page","link":"https:\/\/www.fondationhardt.ch\/en\/la-bibliotheque_en\/","title":{"rendered":"The library"},"content":{"rendered":"<p>The library of The Hardt Foundation is a highly specialised research library. It provides its guests with the texts and working tools necessary for their research.<\/p>\n<ul>\n<li>\u2028\u202840,000 volumes<\/li>\n<li>Approximately 100 specialised journals<\/li>\n<li>Texts by Greek and Latin authors, from Homer to the Church Fathers, including commentaries, corpora, scholia and indexes<\/li>\n<li>Greek and Roman history<\/li>\n<li>Ancient philosophy<\/li>\n<li>Greek and Roman epigraphy<\/li>\n<li>Greek and Roman numismatics<\/li>\n<li>Papyrology<\/li>\n<li>Archaeology<\/li>\n<\/ul>\n<p>Intended primarily for the use of our in-house guests, the library may, however, be made available to outside researchers upon request.<\/p>\n<p>Please do not hesitate to <a title=\"Contact\" href=\"http:\/\/www.fondationhardt.ch\/?page_id=395&amp;lang=en\">contact us.<\/a><\/p>\n","protected":false},"excerpt":{"rendered":"<p>The library of The Hardt Foundation is a highly specialised research library. It provides its guests with the texts and working tools necessary for their research. \u2028\u202840,000 volumes Approximately 100 specialised journals Texts by Greek and Latin authors, from Homer to the Church Fathers, including commentaries, corpora, scholia and indexes Greek and Roman history Ancient [&hellip;]<\/p>\n","protected":false},"author":1,"featured_media":1117,"parent":0,"menu_order":0,"comment_status":"open","ping_status":"open","template":"","meta":{"footnotes":""},"class_list":["post-416","page","type-page","status-publish","has-post-thumbnail","hentry"],"acf":[],"yoast_head":"<!-- This site is optimized with the Yoast SEO plugin v19.10 - https:\/\/yoast.com\/wordpress\/plugins\/seo\/ -->\n<title>The Library<\/title>\n<meta name=\"description\" content=\"The library of The Hardt Foundation is a research library dedicated to Classical Antiquity.\" \/>\n<meta name=\"robots\" content=\"index, follow, max-snippet:-1, max-image-preview:large, max-video-preview:-1\" \/>\n<link rel=\"canonical\" href=\"https:\/\/www.fondationhardt.ch\/en\/la-bibliotheque_en\/\" \/>\n<meta property=\"og:locale\" content=\"en_US\" \/>\n<meta property=\"og:type\" content=\"article\" \/>\n<meta property=\"og:title\" content=\"The Library\" \/>\n<meta property=\"og:description\" content=\"The library of The Hardt Foundation is a research library dedicated to Classical Antiquity.\" \/>\n<meta property=\"og:url\" content=\"https:\/\/www.fondationhardt.ch\/en\/la-bibliotheque_en\/\" \/>\n<meta property=\"og:site_name\" content=\"Fondation Hardt\" \/>\n<meta property=\"article:modified_time\" content=\"2014-07-10T14:56:29+00:00\" \/>\n<meta property=\"og:image\" content=\"https:\/\/www.fondationhardt.ch\/wp-content\/uploads\/2014\/05\/DSC_0611.jpg\" \/>\n\t<meta property=\"og:image:width\" content=\"2000\" \/>\n\t<meta property=\"og:image:height\" content=\"1325\" \/>\n\t<meta property=\"og:image:type\" content=\"image\/jpeg\" \/>\n<meta name=\"twitter:card\" content=\"summary_large_image\" \/>\n<script type=\"application\/ld+json\" class=\"yoast-schema-graph\">{\"@context\":\"https:\/\/schema.org\",\"@graph\":[{\"@type\":\"WebPage\",\"@id\":\"https:\/\/www.fondationhardt.ch\/en\/la-bibliotheque_en\/\",\"url\":\"https:\/\/www.fondationhardt.ch\/en\/la-bibliotheque_en\/\",\"name\":\"The Library\",\"isPartOf\":{\"@id\":\"https:\/\/www.fondationhardt.ch\/#website\"},\"datePublished\":\"2014-04-29T05:46:18+00:00\",\"dateModified\":\"2014-07-10T14:56:29+00:00\",\"description\":\"The library of The Hardt Foundation is a research library dedicated to Classical Antiquity.\",\"breadcrumb\":{\"@id\":\"https:\/\/www.fondationhardt.ch\/en\/la-bibliotheque_en\/#breadcrumb\"},\"inLanguage\":\"en-US\",\"potentialAction\":[{\"@type\":\"ReadAction\",\"target\":[\"https:\/\/www.fondationhardt.ch\/en\/la-bibliotheque_en\/\"]}]},{\"@type\":\"BreadcrumbList\",\"@id\":\"https:\/\/www.fondationhardt.ch\/en\/la-bibliotheque_en\/#breadcrumb\",\"itemListElement\":[{\"@type\":\"ListItem\",\"position\":1,\"name\":\"Accueil\",\"item\":\"https:\/\/www.fondationhardt.ch\/\"},{\"@type\":\"ListItem\",\"position\":2,\"name\":\"The library\"}]},{\"@type\":\"WebSite\",\"@id\":\"https:\/\/www.fondationhardt.ch\/#website\",\"url\":\"https:\/\/www.fondationhardt.ch\/\",\"name\":\"Fondation Hardt\",\"description\":\"Fondation pour l&#039;\u00e9tude de l&#039;antiquit\u00e9 classique, promotion de l&#039;\u00e9tude de l&#039;Antiquit\u00e9 classique.\",\"potentialAction\":[{\"@type\":\"SearchAction\",\"target\":{\"@type\":\"EntryPoint\",\"urlTemplate\":\"https:\/\/www.fondationhardt.ch\/?s={search_term_string}\"},\"query-input\":\"required name=search_term_string\"}],\"inLanguage\":\"en-US\"}]}<\/script>\n<!-- \/ Yoast SEO plugin. -->","yoast_head_json":{"title":"The Library","description":"The library of The Hardt Foundation is a research library dedicated to Classical Antiquity.","robots":{"index":"index","follow":"follow","max-snippet":"max-snippet:-1","max-image-preview":"max-image-preview:large","max-video-preview":"max-video-preview:-1"},"canonical":"https:\/\/www.fondationhardt.ch\/en\/la-bibliotheque_en\/","og_locale":"en_US","og_type":"article","og_title":"The Library","og_description":"The library of The Hardt Foundation is a research library dedicated to Classical Antiquity.","og_url":"https:\/\/www.fondationhardt.ch\/en\/la-bibliotheque_en\/","og_site_name":"Fondation Hardt","article_modified_time":"2014-07-10T14:56:29+00:00","og_image":[{"width":2000,"height":1325,"url":"https:\/\/www.fondationhardt.ch\/wp-content\/uploads\/2014\/05\/DSC_0611.jpg","type":"image\/jpeg"}],"twitter_card":"summary_large_image","schema":{"@context":"https:\/\/schema.org","@graph":[{"@type":"WebPage","@id":"https:\/\/www.fondationhardt.ch\/en\/la-bibliotheque_en\/","url":"https:\/\/www.fondationhardt.ch\/en\/la-bibliotheque_en\/","name":"The Library","isPartOf":{"@id":"https:\/\/www.fondationhardt.ch\/#website"},"datePublished":"2014-04-29T05:46:18+00:00","dateModified":"2014-07-10T14:56:29+00:00","description":"The library of The Hardt Foundation is a research library dedicated to Classical Antiquity.","breadcrumb":{"@id":"https:\/\/www.fondationhardt.ch\/en\/la-bibliotheque_en\/#breadcrumb"},"inLanguage":"en-US","potentialAction":[{"@type":"ReadAction","target":["https:\/\/www.fondationhardt.ch\/en\/la-bibliotheque_en\/"]}]},{"@type":"BreadcrumbList","@id":"https:\/\/www.fondationhardt.ch\/en\/la-bibliotheque_en\/#breadcrumb","itemListElement":[{"@type":"ListItem","position":1,"name":"Accueil","item":"https:\/\/www.fondationhardt.ch\/"},{"@type":"ListItem","position":2,"name":"The library"}]},{"@type":"WebSite","@id":"https:\/\/www.fondationhardt.ch\/#website","url":"https:\/\/www.fondationhardt.ch\/","name":"Fondation Hardt","description":"Fondation pour l&#039;\u00e9tude de l&#039;antiquit\u00e9 classique, promotion de l&#039;\u00e9tude de l&#039;Antiquit\u00e9 classique.","potentialAction":[{"@type":"SearchAction","target":{"@type":"EntryPoint","urlTemplate":"https:\/\/www.fondationhardt.ch\/?s={search_term_string}"},"query-input":"required name=search_term_string"}],"inLanguage":"en-US"}]}},"_links":{"self":[{"href":"https:\/\/www.fondationhardt.ch\/en\/wp-json\/wp\/v2\/pages\/416","targetHints":{"allow":["GET"]}}],"collection":[{"href":"https:\/\/www.fondationhardt.ch\/en\/wp-json\/wp\/v2\/pages"}],"about":[{"href":"https:\/\/www.fondationhardt.ch\/en\/wp-json\/wp\/v2\/types\/page"}],"author":[{"embeddable":true,"href":"https:\/\/www.fondationhardt.ch\/en\/wp-json\/wp\/v2\/users\/1"}],"replies":[{"embeddable":true,"href":"https:\/\/www.fondationhardt.ch\/en\/wp-json\/wp\/v2\/comments?post=416"}],"version-history":[{"count":5,"href":"https:\/\/www.fondationhardt.ch\/en\/wp-json\/wp\/v2\/pages\/416\/revisions"}],"predecessor-version":[{"id":939,"href":"https:\/\/www.fondationhardt.ch\/en\/wp-json\/wp\/v2\/pages\/416\/revisions\/939"}],"wp:featuredmedia":[{"embeddable":true,"href":"https:\/\/www.fondationhardt.ch\/en\/wp-json\/wp\/v2\/media\/1117"}],"wp:attachment":[{"href":"https:\/\/www.fondationhardt.ch\/en\/wp-json\/wp\/v2\/media?parent=416"}],"curies":[{"name":"wp","href":"https:\/\/api.w.org\/{rel}","templated":true}]}}