{"id":418,"date":"2014-04-29T06:46:35","date_gmt":"2014-04-29T05:46:35","guid":{"rendered":"http:\/\/www.fondationhardt.ch\/?page_id=418"},"modified":"2020-12-15T15:43:17","modified_gmt":"2020-12-15T13:43:17","slug":"consultation_en","status":"publish","type":"page","link":"https:\/\/www.fondationhardt.ch\/en\/la-bibliotheque_en\/consultation_en\/","title":{"rendered":"Consultation"},"content":{"rendered":"<p><a title=\"RERO\" href=\"https:\/\/slsp-unige.primo.exlibrisgroup.com\/discovery\/search?vid=41SLSP_UGE:VU1&amp;lang=fr\" target=\"_blank\" rel=\"noopener noreferrer\">Catalogue of the Geneva and Swiss Library Network<\/a><\/p>\n<p><a href=\"http:\/\/www.bcu-lausanne.ch\/renouvaud\/\">Catalogue of the Library Network VAUD (Renouvaud)<\/a><\/p>\n","protected":false},"excerpt":{"rendered":"<p>Catalogue of the Geneva and Swiss Library Network Catalogue of the Library Network VAUD (Renouvaud)<\/p>\n","protected":false},"author":1,"featured_media":1116,"parent":416,"menu_order":0,"comment_status":"open","ping_status":"closed","template":"","meta":{"footnotes":""},"class_list":["post-418","page","type-page","status-publish","has-post-thumbnail","hentry"],"acf":[],"yoast_head":"<!-- This site is optimized with the Yoast SEO plugin v19.10 - https:\/\/yoast.com\/wordpress\/plugins\/seo\/ -->\n<title>Consultation<\/title>\n<meta name=\"description\" content=\"Online catalogues&#039;s Consulation of scientific libraries in and around Geneva\" \/>\n<meta name=\"robots\" content=\"index, follow, max-snippet:-1, max-image-preview:large, max-video-preview:-1\" \/>\n<link rel=\"canonical\" href=\"https:\/\/www.fondationhardt.ch\/en\/la-bibliotheque_en\/consultation_en\/\" \/>\n<meta property=\"og:locale\" content=\"en_US\" \/>\n<meta property=\"og:type\" content=\"article\" \/>\n<meta property=\"og:title\" content=\"Consultation\" \/>\n<meta property=\"og:description\" content=\"Online catalogues&#039;s Consulation of scientific libraries in and around Geneva\" \/>\n<meta property=\"og:url\" content=\"https:\/\/www.fondationhardt.ch\/en\/la-bibliotheque_en\/consultation_en\/\" \/>\n<meta property=\"og:site_name\" content=\"Fondation Hardt\" \/>\n<meta property=\"article:modified_time\" content=\"2020-12-15T13:43:17+00:00\" \/>\n<meta property=\"og:image\" content=\"https:\/\/www.fondationhardt.ch\/wp-content\/uploads\/2014\/05\/DSC_0610.jpg\" \/>\n\t<meta property=\"og:image:width\" content=\"2000\" \/>\n\t<meta property=\"og:image:height\" content=\"1325\" \/>\n\t<meta property=\"og:image:type\" content=\"image\/jpeg\" \/>\n<meta name=\"twitter:card\" content=\"summary_large_image\" \/>\n<script type=\"application\/ld+json\" class=\"yoast-schema-graph\">{\"@context\":\"https:\/\/schema.org\",\"@graph\":[{\"@type\":\"WebPage\",\"@id\":\"https:\/\/www.fondationhardt.ch\/en\/la-bibliotheque_en\/consultation_en\/\",\"url\":\"https:\/\/www.fondationhardt.ch\/en\/la-bibliotheque_en\/consultation_en\/\",\"name\":\"Consultation\",\"isPartOf\":{\"@id\":\"https:\/\/www.fondationhardt.ch\/#website\"},\"datePublished\":\"2014-04-29T05:46:35+00:00\",\"dateModified\":\"2020-12-15T13:43:17+00:00\",\"description\":\"Online catalogues's Consulation of scientific libraries in and around Geneva\",\"breadcrumb\":{\"@id\":\"https:\/\/www.fondationhardt.ch\/en\/la-bibliotheque_en\/consultation_en\/#breadcrumb\"},\"inLanguage\":\"en-US\",\"potentialAction\":[{\"@type\":\"ReadAction\",\"target\":[\"https:\/\/www.fondationhardt.ch\/en\/la-bibliotheque_en\/consultation_en\/\"]}]},{\"@type\":\"BreadcrumbList\",\"@id\":\"https:\/\/www.fondationhardt.ch\/en\/la-bibliotheque_en\/consultation_en\/#breadcrumb\",\"itemListElement\":[{\"@type\":\"ListItem\",\"position\":1,\"name\":\"Accueil\",\"item\":\"https:\/\/www.fondationhardt.ch\/\"},{\"@type\":\"ListItem\",\"position\":2,\"name\":\"The library\",\"item\":\"https:\/\/www.fondationhardt.ch\/en\/la-bibliotheque_en\/\"},{\"@type\":\"ListItem\",\"position\":3,\"name\":\"Consultation\"}]},{\"@type\":\"WebSite\",\"@id\":\"https:\/\/www.fondationhardt.ch\/#website\",\"url\":\"https:\/\/www.fondationhardt.ch\/\",\"name\":\"Fondation Hardt\",\"description\":\"Fondation pour l&#039;\u00e9tude de l&#039;antiquit\u00e9 classique, promotion de l&#039;\u00e9tude de l&#039;Antiquit\u00e9 classique.\",\"potentialAction\":[{\"@type\":\"SearchAction\",\"target\":{\"@type\":\"EntryPoint\",\"urlTemplate\":\"https:\/\/www.fondationhardt.ch\/?s={search_term_string}\"},\"query-input\":\"required name=search_term_string\"}],\"inLanguage\":\"en-US\"}]}<\/script>\n<!-- \/ Yoast SEO plugin. -->","yoast_head_json":{"title":"Consultation","description":"Online catalogues's Consulation of scientific libraries in and around Geneva","robots":{"index":"index","follow":"follow","max-snippet":"max-snippet:-1","max-image-preview":"max-image-preview:large","max-video-preview":"max-video-preview:-1"},"canonical":"https:\/\/www.fondationhardt.ch\/en\/la-bibliotheque_en\/consultation_en\/","og_locale":"en_US","og_type":"article","og_title":"Consultation","og_description":"Online catalogues's Consulation of scientific libraries in and around Geneva","og_url":"https:\/\/www.fondationhardt.ch\/en\/la-bibliotheque_en\/consultation_en\/","og_site_name":"Fondation Hardt","article_modified_time":"2020-12-15T13:43:17+00:00","og_image":[{"width":2000,"height":1325,"url":"https:\/\/www.fondationhardt.ch\/wp-content\/uploads\/2014\/05\/DSC_0610.jpg","type":"image\/jpeg"}],"twitter_card":"summary_large_image","schema":{"@context":"https:\/\/schema.org","@graph":[{"@type":"WebPage","@id":"https:\/\/www.fondationhardt.ch\/en\/la-bibliotheque_en\/consultation_en\/","url":"https:\/\/www.fondationhardt.ch\/en\/la-bibliotheque_en\/consultation_en\/","name":"Consultation","isPartOf":{"@id":"https:\/\/www.fondationhardt.ch\/#website"},"datePublished":"2014-04-29T05:46:35+00:00","dateModified":"2020-12-15T13:43:17+00:00","description":"Online catalogues's Consulation of scientific libraries in and around Geneva","breadcrumb":{"@id":"https:\/\/www.fondationhardt.ch\/en\/la-bibliotheque_en\/consultation_en\/#breadcrumb"},"inLanguage":"en-US","potentialAction":[{"@type":"ReadAction","target":["https:\/\/www.fondationhardt.ch\/en\/la-bibliotheque_en\/consultation_en\/"]}]},{"@type":"BreadcrumbList","@id":"https:\/\/www.fondationhardt.ch\/en\/la-bibliotheque_en\/consultation_en\/#breadcrumb","itemListElement":[{"@type":"ListItem","position":1,"name":"Accueil","item":"https:\/\/www.fondationhardt.ch\/"},{"@type":"ListItem","position":2,"name":"The library","item":"https:\/\/www.fondationhardt.ch\/en\/la-bibliotheque_en\/"},{"@type":"ListItem","position":3,"name":"Consultation"}]},{"@type":"WebSite","@id":"https:\/\/www.fondationhardt.ch\/#website","url":"https:\/\/www.fondationhardt.ch\/","name":"Fondation Hardt","description":"Fondation pour l&#039;\u00e9tude de l&#039;antiquit\u00e9 classique, promotion de l&#039;\u00e9tude de l&#039;Antiquit\u00e9 classique.","potentialAction":[{"@type":"SearchAction","target":{"@type":"EntryPoint","urlTemplate":"https:\/\/www.fondationhardt.ch\/?s={search_term_string}"},"query-input":"required name=search_term_string"}],"inLanguage":"en-US"}]}},"_links":{"self":[{"href":"https:\/\/www.fondationhardt.ch\/en\/wp-json\/wp\/v2\/pages\/418","targetHints":{"allow":["GET"]}}],"collection":[{"href":"https:\/\/www.fondationhardt.ch\/en\/wp-json\/wp\/v2\/pages"}],"about":[{"href":"https:\/\/www.fondationhardt.ch\/en\/wp-json\/wp\/v2\/types\/page"}],"author":[{"embeddable":true,"href":"https:\/\/www.fondationhardt.ch\/en\/wp-json\/wp\/v2\/users\/1"}],"replies":[{"embeddable":true,"href":"https:\/\/www.fondationhardt.ch\/en\/wp-json\/wp\/v2\/comments?post=418"}],"version-history":[{"count":11,"href":"https:\/\/www.fondationhardt.ch\/en\/wp-json\/wp\/v2\/pages\/418\/revisions"}],"predecessor-version":[{"id":7444,"href":"https:\/\/www.fondationhardt.ch\/en\/wp-json\/wp\/v2\/pages\/418\/revisions\/7444"}],"up":[{"embeddable":true,"href":"https:\/\/www.fondationhardt.ch\/en\/wp-json\/wp\/v2\/pages\/416"}],"wp:featuredmedia":[{"embeddable":true,"href":"https:\/\/www.fondationhardt.ch\/en\/wp-json\/wp\/v2\/media\/1116"}],"wp:attachment":[{"href":"https:\/\/www.fondationhardt.ch\/en\/wp-json\/wp\/v2\/media?parent=418"}],"curies":[{"name":"wp","href":"https:\/\/api.w.org\/{rel}","templated":true}]}}