{"id":419,"date":"2014-04-29T06:46:42","date_gmt":"2014-04-29T05:46:42","guid":{"rendered":"http:\/\/www.fondationhardt.ch\/?page_id=419"},"modified":"2026-03-30T13:47:57","modified_gmt":"2026-03-30T11:47:57","slug":"nouvelles-acquisitions_en","status":"publish","type":"page","link":"https:\/\/www.fondationhardt.ch\/en\/la-bibliotheque_en\/nouvelles-acquisitions_en\/","title":{"rendered":"New acquisitions"},"content":{"rendered":"<p style=\"text-align: left;\">The library updates its list of <a href=\"https:\/\/www.fondationhardt.ch\/wp-content\/uploads\/2026\/03\/FH_nouv.acqu_._2603.pdf\">new acquisitions<\/a> on a monthly basis.<\/p>\n\n\n<figure class=\"wp-block-gallery has-nested-images columns-default is-cropped wp-block-gallery-1 is-layout-flex wp-block-gallery-is-layout-flex\"><\/figure>\n","protected":false},"excerpt":{"rendered":"<p>The library updates its list of new acquisitions on a monthly basis.<\/p>\n","protected":false},"author":1,"featured_media":1119,"parent":416,"menu_order":0,"comment_status":"open","ping_status":"closed","template":"","meta":{"footnotes":""},"class_list":["post-419","page","type-page","status-publish","has-post-thumbnail","hentry"],"acf":[],"yoast_head":"<!-- This site is optimized with the Yoast SEO plugin v19.10 - https:\/\/yoast.com\/wordpress\/plugins\/seo\/ -->\n<title>new acquisitions<\/title>\n<meta name=\"description\" content=\"The library updates its list of new acquisitions on a monthly basis\" \/>\n<meta name=\"robots\" content=\"index, follow, max-snippet:-1, max-image-preview:large, max-video-preview:-1\" \/>\n<link rel=\"canonical\" href=\"https:\/\/www.fondationhardt.ch\/en\/la-bibliotheque_en\/nouvelles-acquisitions_en\/\" \/>\n<meta property=\"og:locale\" content=\"en_US\" \/>\n<meta property=\"og:type\" content=\"article\" \/>\n<meta property=\"og:title\" content=\"new acquisitions\" \/>\n<meta property=\"og:description\" content=\"The library updates its list of new acquisitions on a monthly basis\" \/>\n<meta property=\"og:url\" content=\"https:\/\/www.fondationhardt.ch\/en\/la-bibliotheque_en\/nouvelles-acquisitions_en\/\" \/>\n<meta property=\"og:site_name\" content=\"Fondation Hardt\" \/>\n<meta property=\"article:modified_time\" content=\"2026-03-30T11:47:57+00:00\" \/>\n<meta property=\"og:image\" content=\"https:\/\/www.fondationhardt.ch\/wp-content\/uploads\/2014\/05\/IMG_9107.jpg\" \/>\n\t<meta property=\"og:image:width\" content=\"2000\" \/>\n\t<meta property=\"og:image:height\" content=\"1333\" \/>\n\t<meta property=\"og:image:type\" content=\"image\/jpeg\" \/>\n<meta name=\"twitter:card\" content=\"summary_large_image\" \/>\n<meta name=\"twitter:label1\" content=\"Est. reading time\" \/>\n\t<meta name=\"twitter:data1\" content=\"1 minute\" \/>\n<script type=\"application\/ld+json\" class=\"yoast-schema-graph\">{\"@context\":\"https:\/\/schema.org\",\"@graph\":[{\"@type\":\"WebPage\",\"@id\":\"https:\/\/www.fondationhardt.ch\/en\/la-bibliotheque_en\/nouvelles-acquisitions_en\/\",\"url\":\"https:\/\/www.fondationhardt.ch\/en\/la-bibliotheque_en\/nouvelles-acquisitions_en\/\",\"name\":\"new acquisitions\",\"isPartOf\":{\"@id\":\"https:\/\/www.fondationhardt.ch\/#website\"},\"datePublished\":\"2014-04-29T05:46:42+00:00\",\"dateModified\":\"2026-03-30T11:47:57+00:00\",\"description\":\"The library updates its list of new acquisitions on a monthly basis\",\"breadcrumb\":{\"@id\":\"https:\/\/www.fondationhardt.ch\/en\/la-bibliotheque_en\/nouvelles-acquisitions_en\/#breadcrumb\"},\"inLanguage\":\"en-US\",\"potentialAction\":[{\"@type\":\"ReadAction\",\"target\":[\"https:\/\/www.fondationhardt.ch\/en\/la-bibliotheque_en\/nouvelles-acquisitions_en\/\"]}]},{\"@type\":\"BreadcrumbList\",\"@id\":\"https:\/\/www.fondationhardt.ch\/en\/la-bibliotheque_en\/nouvelles-acquisitions_en\/#breadcrumb\",\"itemListElement\":[{\"@type\":\"ListItem\",\"position\":1,\"name\":\"Accueil\",\"item\":\"https:\/\/www.fondationhardt.ch\/\"},{\"@type\":\"ListItem\",\"position\":2,\"name\":\"The library\",\"item\":\"https:\/\/www.fondationhardt.ch\/en\/la-bibliotheque_en\/\"},{\"@type\":\"ListItem\",\"position\":3,\"name\":\"New acquisitions\"}]},{\"@type\":\"WebSite\",\"@id\":\"https:\/\/www.fondationhardt.ch\/#website\",\"url\":\"https:\/\/www.fondationhardt.ch\/\",\"name\":\"Fondation Hardt\",\"description\":\"Fondation pour l&#039;\u00e9tude de l&#039;antiquit\u00e9 classique, promotion de l&#039;\u00e9tude de l&#039;Antiquit\u00e9 classique.\",\"potentialAction\":[{\"@type\":\"SearchAction\",\"target\":{\"@type\":\"EntryPoint\",\"urlTemplate\":\"https:\/\/www.fondationhardt.ch\/?s={search_term_string}\"},\"query-input\":\"required name=search_term_string\"}],\"inLanguage\":\"en-US\"}]}<\/script>\n<!-- \/ Yoast SEO plugin. -->","yoast_head_json":{"title":"new acquisitions","description":"The library updates its list of new acquisitions on a monthly basis","robots":{"index":"index","follow":"follow","max-snippet":"max-snippet:-1","max-image-preview":"max-image-preview:large","max-video-preview":"max-video-preview:-1"},"canonical":"https:\/\/www.fondationhardt.ch\/en\/la-bibliotheque_en\/nouvelles-acquisitions_en\/","og_locale":"en_US","og_type":"article","og_title":"new acquisitions","og_description":"The library updates its list of new acquisitions on a monthly basis","og_url":"https:\/\/www.fondationhardt.ch\/en\/la-bibliotheque_en\/nouvelles-acquisitions_en\/","og_site_name":"Fondation Hardt","article_modified_time":"2026-03-30T11:47:57+00:00","og_image":[{"width":2000,"height":1333,"url":"https:\/\/www.fondationhardt.ch\/wp-content\/uploads\/2014\/05\/IMG_9107.jpg","type":"image\/jpeg"}],"twitter_card":"summary_large_image","twitter_misc":{"Est. reading time":"1 minute"},"schema":{"@context":"https:\/\/schema.org","@graph":[{"@type":"WebPage","@id":"https:\/\/www.fondationhardt.ch\/en\/la-bibliotheque_en\/nouvelles-acquisitions_en\/","url":"https:\/\/www.fondationhardt.ch\/en\/la-bibliotheque_en\/nouvelles-acquisitions_en\/","name":"new acquisitions","isPartOf":{"@id":"https:\/\/www.fondationhardt.ch\/#website"},"datePublished":"2014-04-29T05:46:42+00:00","dateModified":"2026-03-30T11:47:57+00:00","description":"The library updates its list of new acquisitions on a monthly basis","breadcrumb":{"@id":"https:\/\/www.fondationhardt.ch\/en\/la-bibliotheque_en\/nouvelles-acquisitions_en\/#breadcrumb"},"inLanguage":"en-US","potentialAction":[{"@type":"ReadAction","target":["https:\/\/www.fondationhardt.ch\/en\/la-bibliotheque_en\/nouvelles-acquisitions_en\/"]}]},{"@type":"BreadcrumbList","@id":"https:\/\/www.fondationhardt.ch\/en\/la-bibliotheque_en\/nouvelles-acquisitions_en\/#breadcrumb","itemListElement":[{"@type":"ListItem","position":1,"name":"Accueil","item":"https:\/\/www.fondationhardt.ch\/"},{"@type":"ListItem","position":2,"name":"The library","item":"https:\/\/www.fondationhardt.ch\/en\/la-bibliotheque_en\/"},{"@type":"ListItem","position":3,"name":"New acquisitions"}]},{"@type":"WebSite","@id":"https:\/\/www.fondationhardt.ch\/#website","url":"https:\/\/www.fondationhardt.ch\/","name":"Fondation Hardt","description":"Fondation pour l&#039;\u00e9tude de l&#039;antiquit\u00e9 classique, promotion de l&#039;\u00e9tude de l&#039;Antiquit\u00e9 classique.","potentialAction":[{"@type":"SearchAction","target":{"@type":"EntryPoint","urlTemplate":"https:\/\/www.fondationhardt.ch\/?s={search_term_string}"},"query-input":"required name=search_term_string"}],"inLanguage":"en-US"}]}},"_links":{"self":[{"href":"https:\/\/www.fondationhardt.ch\/en\/wp-json\/wp\/v2\/pages\/419","targetHints":{"allow":["GET"]}}],"collection":[{"href":"https:\/\/www.fondationhardt.ch\/en\/wp-json\/wp\/v2\/pages"}],"about":[{"href":"https:\/\/www.fondationhardt.ch\/en\/wp-json\/wp\/v2\/types\/page"}],"author":[{"embeddable":true,"href":"https:\/\/www.fondationhardt.ch\/en\/wp-json\/wp\/v2\/users\/1"}],"replies":[{"embeddable":true,"href":"https:\/\/www.fondationhardt.ch\/en\/wp-json\/wp\/v2\/comments?post=419"}],"version-history":[{"count":144,"href":"https:\/\/www.fondationhardt.ch\/en\/wp-json\/wp\/v2\/pages\/419\/revisions"}],"predecessor-version":[{"id":13013,"href":"https:\/\/www.fondationhardt.ch\/en\/wp-json\/wp\/v2\/pages\/419\/revisions\/13013"}],"up":[{"embeddable":true,"href":"https:\/\/www.fondationhardt.ch\/en\/wp-json\/wp\/v2\/pages\/416"}],"wp:featuredmedia":[{"embeddable":true,"href":"https:\/\/www.fondationhardt.ch\/en\/wp-json\/wp\/v2\/media\/1119"}],"wp:attachment":[{"href":"https:\/\/www.fondationhardt.ch\/en\/wp-json\/wp\/v2\/media?parent=419"}],"curies":[{"name":"wp","href":"https:\/\/api.w.org\/{rel}","templated":true}]}}