{"id":440,"date":"2014-04-29T06:48:34","date_gmt":"2014-04-29T05:48:34","guid":{"rendered":"http:\/\/www.fondationhardt.ch\/?page_id=440"},"modified":"2024-12-13T12:26:29","modified_gmt":"2024-12-13T10:26:29","slug":"historique-de-la-fondation_en","status":"publish","type":"page","link":"https:\/\/www.fondationhardt.ch\/en\/la-fondation_en\/historique-de-la-fondation_en\/","title":{"rendered":"History of the Hardt Foundation"},"content":{"rendered":"<p><strong>1950<\/strong><br \/>\nInception of the \u201cHardt Foundation for the Study of Classical Antiquity.\u201d<\/p>\n<p><strong>1952\u00a0\u00a0<\/strong><br \/>\nThe first <em>Entretiens sur l\u2019Antiquit\u00e9 classique<\/em> are held.<\/p>\n<p><strong>1954\u00a0<\/strong><br \/>\nThe first volume of the Entretiens is published.<\/p>\n<p><strong>1958\u00a0\u00a0<\/strong><br \/>\nDeath of Baron Kurd von Hardt. Olivier Reverdin, Professor of the University of Geneva, becomes President of the Foundation.<\/p>\n<p><strong>1996<\/strong><br \/>\nFran\u00e7ois Paschoud, Professor of the University of Geneva, President of the Foundation<\/p>\n<p><strong>2003\u00a0\u00a0 \u00a0<\/strong><br \/>\nMargarethe Billerbeck, Professor of the University of Fribourg, President of the Foundation.<\/p>\n<p><strong>2005<\/strong><br \/>\nPierre Ducrey, Honorary Professor of the University of Lausanne, President of the Foundation.<\/p>\n<p><strong>2010\u00a0<\/strong><br \/>\nPascal Couchepin, former federal Counsellor, President of the Foundation; Pierre Ducrey, Director.<\/p>\n<p><strong>2022<\/strong><br \/>\nGuillaume Pictet, de Pury Pictet Turrettini &amp; Cie S.A., President of the Foundation ; Jean Terrier, ancien arch\u00e9ologue cantonal de Gen\u00e8ve, Full Professor of the University of Geneva, Director.<\/p>\n<p><strong>The Hardt Foundation in a few figures (2024)<\/strong><\/p>\n<p><strong>Guests<\/strong><br \/>\nNumber of guests in 2024: 141<br \/>\nNumber of countries represented: 21<\/p>\n<p><em><strong>Entretiens sur l\u2019Antiquit\u00e9 classique<\/strong><\/em><br \/>\n<em>Entretiens sur l\u2019Antiquit\u00e9 classique<\/em> (1952-2024): 70<br \/>\nVolumes published (as of 2024): 69<\/p>\n","protected":false},"excerpt":{"rendered":"<p>1950 Inception of the \u201cHardt Foundation for the Study of Classical Antiquity.\u201d 1952\u00a0\u00a0 The first Entretiens sur l\u2019Antiquit\u00e9 classique are held. 1954\u00a0 The first volume of the Entretiens is published. 1958\u00a0\u00a0 Death of Baron Kurd von Hardt. Olivier Reverdin, Professor of the University of Geneva, becomes President of the Foundation. 1996 Fran\u00e7ois Paschoud, Professor of [&hellip;]<\/p>\n","protected":false},"author":1,"featured_media":1223,"parent":439,"menu_order":0,"comment_status":"open","ping_status":"open","template":"","meta":{"footnotes":""},"class_list":["post-440","page","type-page","status-publish","has-post-thumbnail","hentry"],"acf":[],"yoast_head":"<!-- This site is optimized with the Yoast SEO plugin v19.10 - https:\/\/yoast.com\/wordpress\/plugins\/seo\/ -->\n<title>History of the Hardt Foundation<\/title>\n<meta name=\"description\" content=\"History of the Hardt Foundation. The Hardt Foundation for the Study of Classical Antiquity initiates its activities in 1950; the first Entretiens take place in 1952.\" \/>\n<meta name=\"robots\" content=\"index, follow, max-snippet:-1, max-image-preview:large, max-video-preview:-1\" \/>\n<link rel=\"canonical\" href=\"https:\/\/www.fondationhardt.ch\/en\/la-fondation_en\/historique-de-la-fondation_en\/\" \/>\n<meta property=\"og:locale\" content=\"en_US\" \/>\n<meta property=\"og:type\" content=\"article\" \/>\n<meta property=\"og:title\" content=\"History of the Hardt Foundation\" \/>\n<meta property=\"og:description\" content=\"History of the Hardt Foundation. The Hardt Foundation for the Study of Classical Antiquity initiates its activities in 1950; the first Entretiens take place in 1952.\" \/>\n<meta property=\"og:url\" content=\"https:\/\/www.fondationhardt.ch\/en\/la-fondation_en\/historique-de-la-fondation_en\/\" \/>\n<meta property=\"og:site_name\" content=\"Fondation Hardt\" \/>\n<meta property=\"article:modified_time\" content=\"2024-12-13T10:26:29+00:00\" \/>\n<meta property=\"og:image\" content=\"https:\/\/www.fondationhardt.ch\/wp-content\/uploads\/2014\/05\/fh-historique2.jpg\" \/>\n\t<meta property=\"og:image:width\" content=\"2000\" \/>\n\t<meta property=\"og:image:height\" content=\"1300\" \/>\n\t<meta property=\"og:image:type\" content=\"image\/jpeg\" \/>\n<meta name=\"twitter:card\" content=\"summary_large_image\" \/>\n<meta name=\"twitter:label1\" content=\"Est. reading time\" \/>\n\t<meta name=\"twitter:data1\" content=\"1 minute\" \/>\n<script type=\"application\/ld+json\" class=\"yoast-schema-graph\">{\"@context\":\"https:\/\/schema.org\",\"@graph\":[{\"@type\":\"WebPage\",\"@id\":\"https:\/\/www.fondationhardt.ch\/en\/la-fondation_en\/historique-de-la-fondation_en\/\",\"url\":\"https:\/\/www.fondationhardt.ch\/en\/la-fondation_en\/historique-de-la-fondation_en\/\",\"name\":\"History of the Hardt Foundation\",\"isPartOf\":{\"@id\":\"https:\/\/www.fondationhardt.ch\/#website\"},\"datePublished\":\"2014-04-29T05:48:34+00:00\",\"dateModified\":\"2024-12-13T10:26:29+00:00\",\"description\":\"History of the Hardt Foundation. The Hardt Foundation for the Study of Classical Antiquity initiates its activities in 1950; the first Entretiens take place in 1952.\",\"breadcrumb\":{\"@id\":\"https:\/\/www.fondationhardt.ch\/en\/la-fondation_en\/historique-de-la-fondation_en\/#breadcrumb\"},\"inLanguage\":\"en-US\",\"potentialAction\":[{\"@type\":\"ReadAction\",\"target\":[\"https:\/\/www.fondationhardt.ch\/en\/la-fondation_en\/historique-de-la-fondation_en\/\"]}]},{\"@type\":\"BreadcrumbList\",\"@id\":\"https:\/\/www.fondationhardt.ch\/en\/la-fondation_en\/historique-de-la-fondation_en\/#breadcrumb\",\"itemListElement\":[{\"@type\":\"ListItem\",\"position\":1,\"name\":\"Accueil\",\"item\":\"https:\/\/www.fondationhardt.ch\/\"},{\"@type\":\"ListItem\",\"position\":2,\"name\":\"The Foundation\",\"item\":\"https:\/\/www.fondationhardt.ch\/en\/la-fondation_en\/\"},{\"@type\":\"ListItem\",\"position\":3,\"name\":\"History of the Hardt Foundation\"}]},{\"@type\":\"WebSite\",\"@id\":\"https:\/\/www.fondationhardt.ch\/#website\",\"url\":\"https:\/\/www.fondationhardt.ch\/\",\"name\":\"Fondation Hardt\",\"description\":\"Fondation pour l&#039;\u00e9tude de l&#039;antiquit\u00e9 classique, promotion de l&#039;\u00e9tude de l&#039;Antiquit\u00e9 classique.\",\"potentialAction\":[{\"@type\":\"SearchAction\",\"target\":{\"@type\":\"EntryPoint\",\"urlTemplate\":\"https:\/\/www.fondationhardt.ch\/?s={search_term_string}\"},\"query-input\":\"required name=search_term_string\"}],\"inLanguage\":\"en-US\"}]}<\/script>\n<!-- \/ Yoast SEO plugin. -->","yoast_head_json":{"title":"History of the Hardt Foundation","description":"History of the Hardt Foundation. The Hardt Foundation for the Study of Classical Antiquity initiates its activities in 1950; the first Entretiens take place in 1952.","robots":{"index":"index","follow":"follow","max-snippet":"max-snippet:-1","max-image-preview":"max-image-preview:large","max-video-preview":"max-video-preview:-1"},"canonical":"https:\/\/www.fondationhardt.ch\/en\/la-fondation_en\/historique-de-la-fondation_en\/","og_locale":"en_US","og_type":"article","og_title":"History of the Hardt Foundation","og_description":"History of the Hardt Foundation. The Hardt Foundation for the Study of Classical Antiquity initiates its activities in 1950; the first Entretiens take place in 1952.","og_url":"https:\/\/www.fondationhardt.ch\/en\/la-fondation_en\/historique-de-la-fondation_en\/","og_site_name":"Fondation Hardt","article_modified_time":"2024-12-13T10:26:29+00:00","og_image":[{"width":2000,"height":1300,"url":"https:\/\/www.fondationhardt.ch\/wp-content\/uploads\/2014\/05\/fh-historique2.jpg","type":"image\/jpeg"}],"twitter_card":"summary_large_image","twitter_misc":{"Est. reading time":"1 minute"},"schema":{"@context":"https:\/\/schema.org","@graph":[{"@type":"WebPage","@id":"https:\/\/www.fondationhardt.ch\/en\/la-fondation_en\/historique-de-la-fondation_en\/","url":"https:\/\/www.fondationhardt.ch\/en\/la-fondation_en\/historique-de-la-fondation_en\/","name":"History of the Hardt Foundation","isPartOf":{"@id":"https:\/\/www.fondationhardt.ch\/#website"},"datePublished":"2014-04-29T05:48:34+00:00","dateModified":"2024-12-13T10:26:29+00:00","description":"History of the Hardt Foundation. The Hardt Foundation for the Study of Classical Antiquity initiates its activities in 1950; the first Entretiens take place in 1952.","breadcrumb":{"@id":"https:\/\/www.fondationhardt.ch\/en\/la-fondation_en\/historique-de-la-fondation_en\/#breadcrumb"},"inLanguage":"en-US","potentialAction":[{"@type":"ReadAction","target":["https:\/\/www.fondationhardt.ch\/en\/la-fondation_en\/historique-de-la-fondation_en\/"]}]},{"@type":"BreadcrumbList","@id":"https:\/\/www.fondationhardt.ch\/en\/la-fondation_en\/historique-de-la-fondation_en\/#breadcrumb","itemListElement":[{"@type":"ListItem","position":1,"name":"Accueil","item":"https:\/\/www.fondationhardt.ch\/"},{"@type":"ListItem","position":2,"name":"The Foundation","item":"https:\/\/www.fondationhardt.ch\/en\/la-fondation_en\/"},{"@type":"ListItem","position":3,"name":"History of the Hardt Foundation"}]},{"@type":"WebSite","@id":"https:\/\/www.fondationhardt.ch\/#website","url":"https:\/\/www.fondationhardt.ch\/","name":"Fondation Hardt","description":"Fondation pour l&#039;\u00e9tude de l&#039;antiquit\u00e9 classique, promotion de l&#039;\u00e9tude de l&#039;Antiquit\u00e9 classique.","potentialAction":[{"@type":"SearchAction","target":{"@type":"EntryPoint","urlTemplate":"https:\/\/www.fondationhardt.ch\/?s={search_term_string}"},"query-input":"required name=search_term_string"}],"inLanguage":"en-US"}]}},"_links":{"self":[{"href":"https:\/\/www.fondationhardt.ch\/en\/wp-json\/wp\/v2\/pages\/440","targetHints":{"allow":["GET"]}}],"collection":[{"href":"https:\/\/www.fondationhardt.ch\/en\/wp-json\/wp\/v2\/pages"}],"about":[{"href":"https:\/\/www.fondationhardt.ch\/en\/wp-json\/wp\/v2\/types\/page"}],"author":[{"embeddable":true,"href":"https:\/\/www.fondationhardt.ch\/en\/wp-json\/wp\/v2\/users\/1"}],"replies":[{"embeddable":true,"href":"https:\/\/www.fondationhardt.ch\/en\/wp-json\/wp\/v2\/comments?post=440"}],"version-history":[{"count":22,"href":"https:\/\/www.fondationhardt.ch\/en\/wp-json\/wp\/v2\/pages\/440\/revisions"}],"predecessor-version":[{"id":11868,"href":"https:\/\/www.fondationhardt.ch\/en\/wp-json\/wp\/v2\/pages\/440\/revisions\/11868"}],"up":[{"embeddable":true,"href":"https:\/\/www.fondationhardt.ch\/en\/wp-json\/wp\/v2\/pages\/439"}],"wp:featuredmedia":[{"embeddable":true,"href":"https:\/\/www.fondationhardt.ch\/en\/wp-json\/wp\/v2\/media\/1223"}],"wp:attachment":[{"href":"https:\/\/www.fondationhardt.ch\/en\/wp-json\/wp\/v2\/media?parent=440"}],"curies":[{"name":"wp","href":"https:\/\/api.w.org\/{rel}","templated":true}]}}