{"id":441,"date":"2014-04-29T06:48:42","date_gmt":"2014-04-29T05:48:42","guid":{"rendered":"http:\/\/www.fondationhardt.ch\/?page_id=441"},"modified":"2020-02-13T18:34:44","modified_gmt":"2020-02-13T16:34:44","slug":"historique-du-domaine_en","status":"publish","type":"page","link":"https:\/\/www.fondationhardt.ch\/en\/la-fondation_en\/historique-du-domaine_en\/","title":{"rendered":"History of the estate"},"content":{"rendered":"<p><strong>1712\u00a0<\/strong><br \/>\nThe Banker Charles Lecointe acquires some land and a rural building from the heirs of Jacques Gautier.<\/p>\n<p><strong>1811\u00a0\u00a0<\/strong><br \/>\nThe banker Jean Ador, grandfather of Gustave Ador, future President of the Swiss Confederation, purchases the estate for his wife Adrienne Jeanne Dassier, great-granddaughter of the medallist Jean Dassier. The courtyard is created and the outbuildings are converted into stables. Trails are created in the park.<\/p>\n<p><strong>1859<\/strong><br \/>\nThe estate is divided: Am\u00e9lie-Fran\u00e7oise Ador, wife of Elie Alexandre P\u00e9rier of Rolle, inherits the west half.<\/p>\n<p><strong>1860-1862\u00a0<\/strong><br \/>\nThe Genevan architect Samuel Darier is assigned to renovate the estate: to enlarge the main house and remodel its interior; to consolidate the fa\u00e7ade by creating a terrace; to decorate with stucco and faux-bois; and to create an enclosed garden, with a greenhouse and an orangery and pools with water jets.<\/p>\n<p><strong>1898\u00a0\u00a0<\/strong><br \/>\nCharles Brot acquires the estate.<\/p>\n<p><strong>1916\u00a0\u00a0<\/strong><br \/>\nPaul des Gouttes, lawyer and member of the International Committee of the Red Cross, acquires the estate, which he names \u201cLa Chandoleine.\u201d<\/p>\n<p><strong>1950<\/strong><br \/>\nThe German Baron Kurd von Hardt purchases the estate. The stables are converted into a neoclassical-style building that houses the academic library.<\/p>\n<p><strong>2004\u00a0<\/strong><br \/>\nRenovation works begin on the Foundation buildings.<\/p>\n<p><strong>2007<\/strong><br \/>\nThe estate is listed on the Genevan registry of protected buildings.<\/p>\n<p><strong>2008\u00a0\u00a0<\/strong><br \/>\nRestoration of the orangery and the greenhouse.<\/p>\n<p><strong>2011<\/strong><br \/>\nDesigning of trails in the park.<\/p>\n","protected":false},"excerpt":{"rendered":"<p>1712\u00a0 The Banker Charles Lecointe acquires some land and a rural building from the heirs of Jacques Gautier. 1811\u00a0\u00a0 The banker Jean Ador, grandfather of Gustave Ador, future President of the Swiss Confederation, purchases the estate for his wife Adrienne Jeanne Dassier, great-granddaughter of the medallist Jean Dassier. The courtyard is created and the outbuildings [&hellip;]<\/p>\n","protected":false},"author":1,"featured_media":1682,"parent":439,"menu_order":0,"comment_status":"open","ping_status":"closed","template":"","meta":{"footnotes":""},"class_list":["post-441","page","type-page","status-publish","has-post-thumbnail","hentry"],"acf":[],"yoast_head":"<!-- This site is optimized with the Yoast SEO plugin v19.10 - https:\/\/yoast.com\/wordpress\/plugins\/seo\/ -->\n<title>Fondation Hardt , History of the estate<\/title>\n<meta name=\"description\" content=\"History of the estate. From 1860 to 1862, the Genevan architect Samuel Darier is assigned for giving new luster to the estate recently inherited by Am\u00e9lie-Fran\u00e7oise Ador.\" \/>\n<meta name=\"robots\" content=\"index, follow, max-snippet:-1, max-image-preview:large, max-video-preview:-1\" \/>\n<link rel=\"canonical\" href=\"https:\/\/www.fondationhardt.ch\/en\/la-fondation_en\/historique-du-domaine_en\/\" \/>\n<meta property=\"og:locale\" content=\"en_US\" \/>\n<meta property=\"og:type\" content=\"article\" \/>\n<meta property=\"og:title\" content=\"Fondation Hardt , History of the estate\" \/>\n<meta property=\"og:description\" content=\"History of the estate. From 1860 to 1862, the Genevan architect Samuel Darier is assigned for giving new luster to the estate recently inherited by Am\u00e9lie-Fran\u00e7oise Ador.\" \/>\n<meta property=\"og:url\" content=\"https:\/\/www.fondationhardt.ch\/en\/la-fondation_en\/historique-du-domaine_en\/\" \/>\n<meta property=\"og:site_name\" content=\"Fondation Hardt\" \/>\n<meta property=\"article:modified_time\" content=\"2020-02-13T16:34:44+00:00\" \/>\n<meta property=\"og:image\" content=\"https:\/\/www.fondationhardt.ch\/wp-content\/uploads\/2014\/03\/Bapt_ador_300-X.jpg\" \/>\n\t<meta property=\"og:image:width\" content=\"1447\" \/>\n\t<meta property=\"og:image:height\" content=\"963\" \/>\n\t<meta property=\"og:image:type\" content=\"image\/jpeg\" \/>\n<meta name=\"twitter:card\" content=\"summary_large_image\" \/>\n<meta name=\"twitter:label1\" content=\"Est. reading time\" \/>\n\t<meta name=\"twitter:data1\" content=\"1 minute\" \/>\n<script type=\"application\/ld+json\" class=\"yoast-schema-graph\">{\"@context\":\"https:\/\/schema.org\",\"@graph\":[{\"@type\":\"WebPage\",\"@id\":\"https:\/\/www.fondationhardt.ch\/en\/la-fondation_en\/historique-du-domaine_en\/\",\"url\":\"https:\/\/www.fondationhardt.ch\/en\/la-fondation_en\/historique-du-domaine_en\/\",\"name\":\"Fondation Hardt , History of the estate\",\"isPartOf\":{\"@id\":\"https:\/\/www.fondationhardt.ch\/#website\"},\"datePublished\":\"2014-04-29T05:48:42+00:00\",\"dateModified\":\"2020-02-13T16:34:44+00:00\",\"description\":\"History of the estate. From 1860 to 1862, the Genevan architect Samuel Darier is assigned for giving new luster to the estate recently inherited by Am\u00e9lie-Fran\u00e7oise Ador.\",\"breadcrumb\":{\"@id\":\"https:\/\/www.fondationhardt.ch\/en\/la-fondation_en\/historique-du-domaine_en\/#breadcrumb\"},\"inLanguage\":\"en-US\",\"potentialAction\":[{\"@type\":\"ReadAction\",\"target\":[\"https:\/\/www.fondationhardt.ch\/en\/la-fondation_en\/historique-du-domaine_en\/\"]}]},{\"@type\":\"BreadcrumbList\",\"@id\":\"https:\/\/www.fondationhardt.ch\/en\/la-fondation_en\/historique-du-domaine_en\/#breadcrumb\",\"itemListElement\":[{\"@type\":\"ListItem\",\"position\":1,\"name\":\"Accueil\",\"item\":\"https:\/\/www.fondationhardt.ch\/\"},{\"@type\":\"ListItem\",\"position\":2,\"name\":\"The Foundation\",\"item\":\"https:\/\/www.fondationhardt.ch\/en\/la-fondation_en\/\"},{\"@type\":\"ListItem\",\"position\":3,\"name\":\"History of the estate\"}]},{\"@type\":\"WebSite\",\"@id\":\"https:\/\/www.fondationhardt.ch\/#website\",\"url\":\"https:\/\/www.fondationhardt.ch\/\",\"name\":\"Fondation Hardt\",\"description\":\"Fondation pour l&#039;\u00e9tude de l&#039;antiquit\u00e9 classique, promotion de l&#039;\u00e9tude de l&#039;Antiquit\u00e9 classique.\",\"potentialAction\":[{\"@type\":\"SearchAction\",\"target\":{\"@type\":\"EntryPoint\",\"urlTemplate\":\"https:\/\/www.fondationhardt.ch\/?s={search_term_string}\"},\"query-input\":\"required name=search_term_string\"}],\"inLanguage\":\"en-US\"}]}<\/script>\n<!-- \/ Yoast SEO plugin. -->","yoast_head_json":{"title":"Fondation Hardt , History of the estate","description":"History of the estate. From 1860 to 1862, the Genevan architect Samuel Darier is assigned for giving new luster to the estate recently inherited by Am\u00e9lie-Fran\u00e7oise Ador.","robots":{"index":"index","follow":"follow","max-snippet":"max-snippet:-1","max-image-preview":"max-image-preview:large","max-video-preview":"max-video-preview:-1"},"canonical":"https:\/\/www.fondationhardt.ch\/en\/la-fondation_en\/historique-du-domaine_en\/","og_locale":"en_US","og_type":"article","og_title":"Fondation Hardt , History of the estate","og_description":"History of the estate. From 1860 to 1862, the Genevan architect Samuel Darier is assigned for giving new luster to the estate recently inherited by Am\u00e9lie-Fran\u00e7oise Ador.","og_url":"https:\/\/www.fondationhardt.ch\/en\/la-fondation_en\/historique-du-domaine_en\/","og_site_name":"Fondation Hardt","article_modified_time":"2020-02-13T16:34:44+00:00","og_image":[{"width":1447,"height":963,"url":"https:\/\/www.fondationhardt.ch\/wp-content\/uploads\/2014\/03\/Bapt_ador_300-X.jpg","type":"image\/jpeg"}],"twitter_card":"summary_large_image","twitter_misc":{"Est. reading time":"1 minute"},"schema":{"@context":"https:\/\/schema.org","@graph":[{"@type":"WebPage","@id":"https:\/\/www.fondationhardt.ch\/en\/la-fondation_en\/historique-du-domaine_en\/","url":"https:\/\/www.fondationhardt.ch\/en\/la-fondation_en\/historique-du-domaine_en\/","name":"Fondation Hardt , History of the estate","isPartOf":{"@id":"https:\/\/www.fondationhardt.ch\/#website"},"datePublished":"2014-04-29T05:48:42+00:00","dateModified":"2020-02-13T16:34:44+00:00","description":"History of the estate. From 1860 to 1862, the Genevan architect Samuel Darier is assigned for giving new luster to the estate recently inherited by Am\u00e9lie-Fran\u00e7oise Ador.","breadcrumb":{"@id":"https:\/\/www.fondationhardt.ch\/en\/la-fondation_en\/historique-du-domaine_en\/#breadcrumb"},"inLanguage":"en-US","potentialAction":[{"@type":"ReadAction","target":["https:\/\/www.fondationhardt.ch\/en\/la-fondation_en\/historique-du-domaine_en\/"]}]},{"@type":"BreadcrumbList","@id":"https:\/\/www.fondationhardt.ch\/en\/la-fondation_en\/historique-du-domaine_en\/#breadcrumb","itemListElement":[{"@type":"ListItem","position":1,"name":"Accueil","item":"https:\/\/www.fondationhardt.ch\/"},{"@type":"ListItem","position":2,"name":"The Foundation","item":"https:\/\/www.fondationhardt.ch\/en\/la-fondation_en\/"},{"@type":"ListItem","position":3,"name":"History of the estate"}]},{"@type":"WebSite","@id":"https:\/\/www.fondationhardt.ch\/#website","url":"https:\/\/www.fondationhardt.ch\/","name":"Fondation Hardt","description":"Fondation pour l&#039;\u00e9tude de l&#039;antiquit\u00e9 classique, promotion de l&#039;\u00e9tude de l&#039;Antiquit\u00e9 classique.","potentialAction":[{"@type":"SearchAction","target":{"@type":"EntryPoint","urlTemplate":"https:\/\/www.fondationhardt.ch\/?s={search_term_string}"},"query-input":"required name=search_term_string"}],"inLanguage":"en-US"}]}},"_links":{"self":[{"href":"https:\/\/www.fondationhardt.ch\/en\/wp-json\/wp\/v2\/pages\/441","targetHints":{"allow":["GET"]}}],"collection":[{"href":"https:\/\/www.fondationhardt.ch\/en\/wp-json\/wp\/v2\/pages"}],"about":[{"href":"https:\/\/www.fondationhardt.ch\/en\/wp-json\/wp\/v2\/types\/page"}],"author":[{"embeddable":true,"href":"https:\/\/www.fondationhardt.ch\/en\/wp-json\/wp\/v2\/users\/1"}],"replies":[{"embeddable":true,"href":"https:\/\/www.fondationhardt.ch\/en\/wp-json\/wp\/v2\/comments?post=441"}],"version-history":[{"count":4,"href":"https:\/\/www.fondationhardt.ch\/en\/wp-json\/wp\/v2\/pages\/441\/revisions"}],"predecessor-version":[{"id":1711,"href":"https:\/\/www.fondationhardt.ch\/en\/wp-json\/wp\/v2\/pages\/441\/revisions\/1711"}],"up":[{"embeddable":true,"href":"https:\/\/www.fondationhardt.ch\/en\/wp-json\/wp\/v2\/pages\/439"}],"wp:featuredmedia":[{"embeddable":true,"href":"https:\/\/www.fondationhardt.ch\/en\/wp-json\/wp\/v2\/media\/1682"}],"wp:attachment":[{"href":"https:\/\/www.fondationhardt.ch\/en\/wp-json\/wp\/v2\/media?parent=441"}],"curies":[{"name":"wp","href":"https:\/\/api.w.org\/{rel}","templated":true}]}}