{"id":447,"date":"2014-04-29T06:49:17","date_gmt":"2014-04-29T05:49:17","guid":{"rendered":"http:\/\/www.fondationhardt.ch\/?page_id=447"},"modified":"2025-11-12T12:54:11","modified_gmt":"2025-11-12T10:54:11","slug":"organes-de-la-fondation-hardt-en-2013-2014_en","status":"publish","type":"page","link":"https:\/\/www.fondationhardt.ch\/en\/la-fondation_en\/organes-de-la-fondation-hardt-en-2013-2014_en\/","title":{"rendered":"Boards of the Hardt Foundation (in French only)"},"content":{"rendered":"<p>2025<\/p>\n<p><strong>Conseil de Fondation\u00a0<\/strong><\/p>\n<ul>\n<li><strong>Guillaume Pictet, <\/strong>de Pury Pictet Turrettini &amp; Cie S.A., pr\u00e9sident<\/li>\n<li><a href=\"https:\/\/www.unige.ch\/lettres\/antic\/unites\/archeo\/collaborateurs-scientifiques-et-chercheurs\/ancien-ne-s-colloaboratrices-et-collaborateurs-scientifiques\/terrier\"><strong>Jean Terrier<\/strong>,<\/a> ancien arch\u00e9ologue cantonal de Gen\u00e8ve et Professeur titulaire de l\u2019Universit\u00e9 de Gen\u00e8ve, directeur<\/li>\n<li><strong>Claude Demole<\/strong><\/li>\n<li><strong>Charlotte de Senarclens<\/strong><\/li>\n<li><strong>Sylvian Fachard<\/strong>, Professeur \u00e0 l\u2019Universit\u00e9 de Lausanne et directeur de l\u2019\u00c9cole suisse d\u2019arch\u00e9ologie en Gr\u00e8ce<\/li>\n<li><strong>Guillaume Fatio, <\/strong>BMG Avocats<\/li>\n<li><strong>C\u00e9dric Giraud<\/strong>, Professeur ordinaire de langue et litt\u00e9rature latines m\u00e9di\u00e9vales \u00e0 l\u2019universit\u00e9 de Gen\u00e8ve.<\/li>\n<li><strong>Madeleine Rousset Grenon,<\/strong>\u00a0ancienne directrice du Coll\u00e8ge Clapar\u00e8de,<strong>\u00a0<\/strong>repr\u00e9sentante de l&#8217;\u00c9tat de Gen\u00e8ve<\/li>\n<li><strong>Fran\u00e7ois Sarasin<\/strong><\/li>\n<\/ul>\n<p><strong>Commission scientifique\u00a0<\/strong><\/p>\n<ul>\n<li><a href=\"https:\/\/www.hs.ias.edu\/chaniotis\" target=\"_blank\" rel=\"noopener noreferrer\"><strong>Angelos Chaniotis<\/strong>, Institute for Advanced Study, Princeton, pr\u00e9sident<\/a><\/li>\n<li><a href=\"https:\/\/www.dfclam.unisi.it\/it\/dipartimento\/persone\/docenti\/barchiesi-alessandro\" target=\"_blank\" rel=\"noopener noreferrer\"><strong>Alessandro Barchiesi, <\/strong>Universit\u00e0 di Siena, New York University<\/a><\/li>\n<li><a href=\"http:\/\/www.unige.ch\/lettres\/philo\/collaborateurs\/professeurs\/paolo-crivelli\/\" target=\"_blank\" rel=\"noopener noreferrer\"><strong>Paolo Crivelli<\/strong>, Universit\u00e9 de Gen\u00e8ve<\/a><\/li>\n<li><a href=\"https:\/\/www.unil.ch\/lettres\/fr\/home\/menuinst\/faculte\/nouvelles-et-nouveaux-professeures\/2020\/sylvian-fachard.html\"><strong>Sylvian Fachard, <\/strong>Universit\u00e9 de Lausanne, directeur de l\u2019\u00c9cole suisse d\u2019arch\u00e9ologie en Gr\u00e8ce<\/a><\/li>\n<li><a href=\"https:\/\/www.ccc.ox.ac.uk\/people\/professor-constanze-guthenke\"><strong>Constanze G\u00fcthenke<\/strong>, Oxford University<\/a><\/li>\n<li><a style=\"font-size: revert;\" href=\"https:\/\/uni-tuebingen.de\/fakultaeten\/philosophische-fakultaet\/fachbereiche\/altertums-und-kunstwissenschaften\/philologisches-seminar\/institut\/personen\/prof-dr-irmgard-maennlein-robert\/\"><strong>Irmgard M\u00e4nnlein-Robert<\/strong>, Universit\u00e4t T\u00fcbingen<\/a><\/li>\n<li><a href=\"https:\/\/www.unige.ch\/lettres\/antic\/unites\/latin\/enseignants\/damiennelis\/\"><strong>Damien Nelis<\/strong>, Universit\u00e9 de Gen\u00e8ve<\/a><\/li>\n<li><a href=\"https:\/\/www.college-de-france.fr\/fr\/chaire\/vinciane-pirenne-delforge-religion-histoire-et-societe-dans-le-monde-grec-antique-chaire-statutaire\/biography\"><strong>Vinciane Pirenne-Delforge<\/strong>, Coll\u00e8ge de France<\/a><\/li>\n<li><a href=\"https:\/\/www.sns.it\/en\/persona\/alessandro-schiesaro\"><strong>Alessandro Schiesaro<\/strong>, Scuola Normale Superiore, Pisa<\/a><\/li>\n<li><a href=\"https:\/\/www.universiteitleiden.nl\/en\/staffmembers\/ineke-sluiter#tab-1\"><strong>Ineke Sluiter<\/strong>, Universiteit Leiden<\/a><\/li>\n<li><a href=\"https:\/\/www.unige.ch\/lettres\/antic\/unites\/archeo\/collaborateurs-scientifiques-et-chercheurs\/ancien-ne-s-colloaboratrices-et-collaborateurs-scientifiques\/terrier\"><strong>Jean Terrier<\/strong>, ancien arch\u00e9ologue cantonal de Gen\u00e8ve, Professeur titulaire de l\u2019Universit\u00e9 de Gen\u00e8ve<\/a><\/li>\n<li><a href=\"http:\/\/www.classics.ox.ac.uk\/rosalindthomas.html\" target=\"_blank\" rel=\"noopener noreferrer\"><strong>Rosalind Thomas,<\/strong> <\/a><a href=\"https:\/\/www.ccc.ox.ac.uk\/people\/professor-constanze-guthenke\">Oxford University<\/a><\/li>\n<li><a href=\"https:\/\/www.philosophy.ucsb.edu\/people\/voula-tsouna\"><strong>Voula Tsouna<\/strong>, University of California, Santa Barbara<\/a><\/li>\n<li><a href=\"https:\/\/ccj.cnrs.fr\/spip.php?article38\"><strong>Catherine Virlouvet<\/strong>, Professeur \u00e9m\u00e9rite, Aix-Marseille Universit\u00e9 &#8211; Centre Jullian<\/a><\/li>\n<\/ul>\n<p><strong>Organe de r\u00e9vision pour l\u2019exercice (2024-2025)<\/strong><\/p>\n<ul>\n<li>Fiduciaire<strong> ECHO SA<\/strong>, Gen\u00e8ve<\/li>\n<\/ul>\n<p><strong style=\"font-size: inherit;\"> pour l\u2019exercice (2022-2023)<\/strong><\/p>\n<ul>\n<li>Fiduciaire<strong>\u00a0ECHO SA<\/strong>, Gen\u00e8ve<\/li>\n<\/ul>\n","protected":false},"excerpt":{"rendered":"<p>2025 Conseil de Fondation\u00a0 Guillaume Pictet, de Pury Pictet Turrettini &amp; Cie S.A., pr\u00e9sident Jean Terrier, ancien arch\u00e9ologue cantonal de Gen\u00e8ve et Professeur titulaire de l\u2019Universit\u00e9 de Gen\u00e8ve, directeur Claude Demole Charlotte de Senarclens Sylvian Fachard, Professeur \u00e0 l\u2019Universit\u00e9 de Lausanne et directeur de l\u2019\u00c9cole suisse d\u2019arch\u00e9ologie en Gr\u00e8ce Guillaume Fatio, BMG Avocats C\u00e9dric Giraud, [&hellip;]<\/p>\n","protected":false},"author":1,"featured_media":1667,"parent":439,"menu_order":0,"comment_status":"open","ping_status":"closed","template":"","meta":{"footnotes":""},"class_list":["post-447","page","type-page","status-publish","has-post-thumbnail","hentry"],"acf":[],"yoast_head":"<!-- This site is optimized with the Yoast SEO plugin v19.10 - https:\/\/yoast.com\/wordpress\/plugins\/seo\/ -->\n<title>Boards of the Hardt Foundation, Conseil de Fondation<\/title>\n<meta name=\"description\" content=\"Boards of the Hardt Foundation. The Hardt Foundation is steered by a Foundation Board; its activities are monitored by a Scientific Commission. French only\" \/>\n<meta name=\"robots\" content=\"index, follow, max-snippet:-1, max-image-preview:large, max-video-preview:-1\" \/>\n<link rel=\"canonical\" href=\"https:\/\/www.fondationhardt.ch\/en\/la-fondation_en\/organes-de-la-fondation-hardt-en-2013-2014_en\/\" \/>\n<meta property=\"og:locale\" content=\"en_US\" \/>\n<meta property=\"og:type\" content=\"article\" \/>\n<meta property=\"og:title\" content=\"Boards of the Hardt Foundation, Conseil de Fondation\" \/>\n<meta property=\"og:description\" content=\"Boards of the Hardt Foundation. The Hardt Foundation is steered by a Foundation Board; its activities are monitored by a Scientific Commission. French only\" \/>\n<meta property=\"og:url\" content=\"https:\/\/www.fondationhardt.ch\/en\/la-fondation_en\/organes-de-la-fondation-hardt-en-2013-2014_en\/\" \/>\n<meta property=\"og:site_name\" content=\"Fondation Hardt\" \/>\n<meta property=\"article:modified_time\" content=\"2025-11-12T10:54:11+00:00\" \/>\n<meta property=\"og:image\" content=\"https:\/\/www.fondationhardt.ch\/wp-content\/uploads\/2014\/03\/Fond-Hardt-avril-2001-VRochette-DSC_5352-21.jpg\" \/>\n\t<meta property=\"og:image:width\" content=\"1800\" \/>\n\t<meta property=\"og:image:height\" content=\"1214\" \/>\n\t<meta property=\"og:image:type\" content=\"image\/jpeg\" \/>\n<meta name=\"twitter:card\" content=\"summary_large_image\" \/>\n<meta name=\"twitter:label1\" content=\"Est. reading time\" \/>\n\t<meta name=\"twitter:data1\" content=\"1 minute\" \/>\n<script type=\"application\/ld+json\" class=\"yoast-schema-graph\">{\"@context\":\"https:\/\/schema.org\",\"@graph\":[{\"@type\":\"WebPage\",\"@id\":\"https:\/\/www.fondationhardt.ch\/en\/la-fondation_en\/organes-de-la-fondation-hardt-en-2013-2014_en\/\",\"url\":\"https:\/\/www.fondationhardt.ch\/en\/la-fondation_en\/organes-de-la-fondation-hardt-en-2013-2014_en\/\",\"name\":\"Boards of the Hardt Foundation, Conseil de Fondation\",\"isPartOf\":{\"@id\":\"https:\/\/www.fondationhardt.ch\/#website\"},\"datePublished\":\"2014-04-29T05:49:17+00:00\",\"dateModified\":\"2025-11-12T10:54:11+00:00\",\"description\":\"Boards of the Hardt Foundation. The Hardt Foundation is steered by a Foundation Board; its activities are monitored by a Scientific Commission. French only\",\"breadcrumb\":{\"@id\":\"https:\/\/www.fondationhardt.ch\/en\/la-fondation_en\/organes-de-la-fondation-hardt-en-2013-2014_en\/#breadcrumb\"},\"inLanguage\":\"en-US\",\"potentialAction\":[{\"@type\":\"ReadAction\",\"target\":[\"https:\/\/www.fondationhardt.ch\/en\/la-fondation_en\/organes-de-la-fondation-hardt-en-2013-2014_en\/\"]}]},{\"@type\":\"BreadcrumbList\",\"@id\":\"https:\/\/www.fondationhardt.ch\/en\/la-fondation_en\/organes-de-la-fondation-hardt-en-2013-2014_en\/#breadcrumb\",\"itemListElement\":[{\"@type\":\"ListItem\",\"position\":1,\"name\":\"Accueil\",\"item\":\"https:\/\/www.fondationhardt.ch\/\"},{\"@type\":\"ListItem\",\"position\":2,\"name\":\"The Foundation\",\"item\":\"https:\/\/www.fondationhardt.ch\/en\/la-fondation_en\/\"},{\"@type\":\"ListItem\",\"position\":3,\"name\":\"Boards of the Hardt Foundation (in French only)\"}]},{\"@type\":\"WebSite\",\"@id\":\"https:\/\/www.fondationhardt.ch\/#website\",\"url\":\"https:\/\/www.fondationhardt.ch\/\",\"name\":\"Fondation Hardt\",\"description\":\"Fondation pour l&#039;\u00e9tude de l&#039;antiquit\u00e9 classique, promotion de l&#039;\u00e9tude de l&#039;Antiquit\u00e9 classique.\",\"potentialAction\":[{\"@type\":\"SearchAction\",\"target\":{\"@type\":\"EntryPoint\",\"urlTemplate\":\"https:\/\/www.fondationhardt.ch\/?s={search_term_string}\"},\"query-input\":\"required name=search_term_string\"}],\"inLanguage\":\"en-US\"}]}<\/script>\n<!-- \/ Yoast SEO plugin. -->","yoast_head_json":{"title":"Boards of the Hardt Foundation, Conseil de Fondation","description":"Boards of the Hardt Foundation. The Hardt Foundation is steered by a Foundation Board; its activities are monitored by a Scientific Commission. French only","robots":{"index":"index","follow":"follow","max-snippet":"max-snippet:-1","max-image-preview":"max-image-preview:large","max-video-preview":"max-video-preview:-1"},"canonical":"https:\/\/www.fondationhardt.ch\/en\/la-fondation_en\/organes-de-la-fondation-hardt-en-2013-2014_en\/","og_locale":"en_US","og_type":"article","og_title":"Boards of the Hardt Foundation, Conseil de Fondation","og_description":"Boards of the Hardt Foundation. The Hardt Foundation is steered by a Foundation Board; its activities are monitored by a Scientific Commission. French only","og_url":"https:\/\/www.fondationhardt.ch\/en\/la-fondation_en\/organes-de-la-fondation-hardt-en-2013-2014_en\/","og_site_name":"Fondation Hardt","article_modified_time":"2025-11-12T10:54:11+00:00","og_image":[{"width":1800,"height":1214,"url":"https:\/\/www.fondationhardt.ch\/wp-content\/uploads\/2014\/03\/Fond-Hardt-avril-2001-VRochette-DSC_5352-21.jpg","type":"image\/jpeg"}],"twitter_card":"summary_large_image","twitter_misc":{"Est. reading time":"1 minute"},"schema":{"@context":"https:\/\/schema.org","@graph":[{"@type":"WebPage","@id":"https:\/\/www.fondationhardt.ch\/en\/la-fondation_en\/organes-de-la-fondation-hardt-en-2013-2014_en\/","url":"https:\/\/www.fondationhardt.ch\/en\/la-fondation_en\/organes-de-la-fondation-hardt-en-2013-2014_en\/","name":"Boards of the Hardt Foundation, Conseil de Fondation","isPartOf":{"@id":"https:\/\/www.fondationhardt.ch\/#website"},"datePublished":"2014-04-29T05:49:17+00:00","dateModified":"2025-11-12T10:54:11+00:00","description":"Boards of the Hardt Foundation. The Hardt Foundation is steered by a Foundation Board; its activities are monitored by a Scientific Commission. French only","breadcrumb":{"@id":"https:\/\/www.fondationhardt.ch\/en\/la-fondation_en\/organes-de-la-fondation-hardt-en-2013-2014_en\/#breadcrumb"},"inLanguage":"en-US","potentialAction":[{"@type":"ReadAction","target":["https:\/\/www.fondationhardt.ch\/en\/la-fondation_en\/organes-de-la-fondation-hardt-en-2013-2014_en\/"]}]},{"@type":"BreadcrumbList","@id":"https:\/\/www.fondationhardt.ch\/en\/la-fondation_en\/organes-de-la-fondation-hardt-en-2013-2014_en\/#breadcrumb","itemListElement":[{"@type":"ListItem","position":1,"name":"Accueil","item":"https:\/\/www.fondationhardt.ch\/"},{"@type":"ListItem","position":2,"name":"The Foundation","item":"https:\/\/www.fondationhardt.ch\/en\/la-fondation_en\/"},{"@type":"ListItem","position":3,"name":"Boards of the Hardt Foundation (in French only)"}]},{"@type":"WebSite","@id":"https:\/\/www.fondationhardt.ch\/#website","url":"https:\/\/www.fondationhardt.ch\/","name":"Fondation Hardt","description":"Fondation pour l&#039;\u00e9tude de l&#039;antiquit\u00e9 classique, promotion de l&#039;\u00e9tude de l&#039;Antiquit\u00e9 classique.","potentialAction":[{"@type":"SearchAction","target":{"@type":"EntryPoint","urlTemplate":"https:\/\/www.fondationhardt.ch\/?s={search_term_string}"},"query-input":"required name=search_term_string"}],"inLanguage":"en-US"}]}},"_links":{"self":[{"href":"https:\/\/www.fondationhardt.ch\/en\/wp-json\/wp\/v2\/pages\/447","targetHints":{"allow":["GET"]}}],"collection":[{"href":"https:\/\/www.fondationhardt.ch\/en\/wp-json\/wp\/v2\/pages"}],"about":[{"href":"https:\/\/www.fondationhardt.ch\/en\/wp-json\/wp\/v2\/types\/page"}],"author":[{"embeddable":true,"href":"https:\/\/www.fondationhardt.ch\/en\/wp-json\/wp\/v2\/users\/1"}],"replies":[{"embeddable":true,"href":"https:\/\/www.fondationhardt.ch\/en\/wp-json\/wp\/v2\/comments?post=447"}],"version-history":[{"count":33,"href":"https:\/\/www.fondationhardt.ch\/en\/wp-json\/wp\/v2\/pages\/447\/revisions"}],"predecessor-version":[{"id":12634,"href":"https:\/\/www.fondationhardt.ch\/en\/wp-json\/wp\/v2\/pages\/447\/revisions\/12634"}],"up":[{"embeddable":true,"href":"https:\/\/www.fondationhardt.ch\/en\/wp-json\/wp\/v2\/pages\/439"}],"wp:featuredmedia":[{"embeddable":true,"href":"https:\/\/www.fondationhardt.ch\/en\/wp-json\/wp\/v2\/media\/1667"}],"wp:attachment":[{"href":"https:\/\/www.fondationhardt.ch\/en\/wp-json\/wp\/v2\/media?parent=447"}],"curies":[{"name":"wp","href":"https:\/\/api.w.org\/{rel}","templated":true}]}}