{"id":448,"date":"2014-04-29T06:49:29","date_gmt":"2014-04-29T05:49:29","guid":{"rendered":"http:\/\/www.fondationhardt.ch\/?page_id=448"},"modified":"2026-01-22T11:43:03","modified_gmt":"2026-01-22T09:43:03","slug":"partenaires_en","status":"publish","type":"page","link":"https:\/\/www.fondationhardt.ch\/en\/la-fondation_en\/partenaires_en\/","title":{"rendered":"Sponsors of the Hardt Foundation\u00a0"},"content":{"rendered":"<p>For the pursuit and success of its activities, the Hardt Foundation depends\u00a0on external funding.\u00a0You are invited to join the Foundation\u2019s support movement initiated in 2003. In this way, you will be associated with all the persons, foundations, institutions and companies convinced that Classical Antiquity will be called upon to play an important role in modern society in the decades to come.<\/p>\n<p>Please do <a title=\"Contact\" href=\"http:\/\/www.fondationhardt.ch\/?page_id=395&amp;lang=en\">contact us<\/a>.<\/p>\n<p><strong>List of sponsors since 2003<\/strong><br \/>\nIn descending order of contributions and subsidies<\/p>\n<ul>\n<li>Fondation Hans Wilsdorf<\/li>\n<li>Jos\u00e8phe-Henriette Abry<\/li>\n<li>Conf\u00e9d\u00e9ration suisse<\/li>\n<li>Loterie Romande<\/li>\n<li>Fonds national suisse de la recherche scientifique<\/li>\n<li>Stephan W\u00f6rnle<\/li>\n<li>R\u00e9publique et Canton de Gen\u00e8ve<\/li>\n<li>Fondation de bienfaisance du groupe Pictet<\/li>\n<li>Commune de Vand\u0153uvres<\/li>\n<li>Fondation Saint-Charles<\/li>\n<li>Centre National de la Recherche Scientifique<\/li>\n<li>Universit\u00e9 de Gen\u00e8ve (Facult\u00e9 des lettres)<\/li>\n<li>Deutsche Forschungsgemeinschaft<\/li>\n<li>Georges und Selma Weinberg Stiftung<\/li>\n<li>Yves Oltramare<\/li>\n<li>Claude et Solange Demole<\/li>\n<li>Rolf H\u00e4nggi<\/li>\n<li>Fondation Baur<\/li>\n<li>Margarethe Billerbeck<\/li>\n<li>Elisabeth Salina Amorini<\/li>\n<li>Ambassade de Gr\u00e8ce en Suisse<\/li>\n<li>Mommsen Gesellschaft<\/li>\n<li>Association des \u00e9tudes grecques en France<\/li>\n<\/ul>\n","protected":false},"excerpt":{"rendered":"<p>For the pursuit and success of its activities, the Hardt Foundation depends\u00a0on external funding.\u00a0You are invited to join the Foundation\u2019s support movement initiated in 2003. In this way, you will be associated with all the persons, foundations, institutions and companies convinced that Classical Antiquity will be called upon to play an important role in modern [&hellip;]<\/p>\n","protected":false},"author":1,"featured_media":1144,"parent":439,"menu_order":0,"comment_status":"open","ping_status":"open","template":"","meta":{"footnotes":""},"class_list":["post-448","page","type-page","status-publish","has-post-thumbnail","hentry"],"acf":[],"yoast_head":"<!-- This site is optimized with the Yoast SEO plugin v19.10 - https:\/\/yoast.com\/wordpress\/plugins\/seo\/ -->\n<title>Sponsors<\/title>\n<meta name=\"description\" content=\"For the pursuit of its activities, the Hardt Foundation depends\u00a0on external funding. You are invited to join the Foundation\u2019s sponsors support movement.\" \/>\n<meta name=\"robots\" content=\"index, follow, max-snippet:-1, max-image-preview:large, max-video-preview:-1\" \/>\n<link rel=\"canonical\" href=\"https:\/\/www.fondationhardt.ch\/en\/la-fondation_en\/partenaires_en\/\" \/>\n<meta property=\"og:locale\" content=\"en_US\" \/>\n<meta property=\"og:type\" content=\"article\" \/>\n<meta property=\"og:title\" content=\"Sponsors\" \/>\n<meta property=\"og:description\" content=\"For the pursuit of its activities, the Hardt Foundation depends\u00a0on external funding. You are invited to join the Foundation\u2019s sponsors support movement.\" \/>\n<meta property=\"og:url\" content=\"https:\/\/www.fondationhardt.ch\/en\/la-fondation_en\/partenaires_en\/\" \/>\n<meta property=\"og:site_name\" content=\"Fondation Hardt\" \/>\n<meta property=\"article:modified_time\" content=\"2026-01-22T09:43:03+00:00\" \/>\n<meta property=\"og:image\" content=\"https:\/\/www.fondationhardt.ch\/wp-content\/uploads\/2014\/05\/marches.jpg\" \/>\n\t<meta property=\"og:image:width\" content=\"2000\" \/>\n\t<meta property=\"og:image:height\" content=\"1300\" \/>\n\t<meta property=\"og:image:type\" content=\"image\/jpeg\" \/>\n<meta name=\"twitter:card\" content=\"summary_large_image\" \/>\n<meta name=\"twitter:label1\" content=\"Est. reading time\" \/>\n\t<meta name=\"twitter:data1\" content=\"1 minute\" \/>\n<script type=\"application\/ld+json\" class=\"yoast-schema-graph\">{\"@context\":\"https:\/\/schema.org\",\"@graph\":[{\"@type\":\"WebPage\",\"@id\":\"https:\/\/www.fondationhardt.ch\/en\/la-fondation_en\/partenaires_en\/\",\"url\":\"https:\/\/www.fondationhardt.ch\/en\/la-fondation_en\/partenaires_en\/\",\"name\":\"Sponsors\",\"isPartOf\":{\"@id\":\"https:\/\/www.fondationhardt.ch\/#website\"},\"datePublished\":\"2014-04-29T05:49:29+00:00\",\"dateModified\":\"2026-01-22T09:43:03+00:00\",\"description\":\"For the pursuit of its activities, the Hardt Foundation depends\u00a0on external funding. You are invited to join the Foundation\u2019s sponsors support movement.\",\"breadcrumb\":{\"@id\":\"https:\/\/www.fondationhardt.ch\/en\/la-fondation_en\/partenaires_en\/#breadcrumb\"},\"inLanguage\":\"en-US\",\"potentialAction\":[{\"@type\":\"ReadAction\",\"target\":[\"https:\/\/www.fondationhardt.ch\/en\/la-fondation_en\/partenaires_en\/\"]}]},{\"@type\":\"BreadcrumbList\",\"@id\":\"https:\/\/www.fondationhardt.ch\/en\/la-fondation_en\/partenaires_en\/#breadcrumb\",\"itemListElement\":[{\"@type\":\"ListItem\",\"position\":1,\"name\":\"Accueil\",\"item\":\"https:\/\/www.fondationhardt.ch\/\"},{\"@type\":\"ListItem\",\"position\":2,\"name\":\"The Foundation\",\"item\":\"https:\/\/www.fondationhardt.ch\/en\/la-fondation_en\/\"},{\"@type\":\"ListItem\",\"position\":3,\"name\":\"Sponsors of the Hardt Foundation\u00a0\"}]},{\"@type\":\"WebSite\",\"@id\":\"https:\/\/www.fondationhardt.ch\/#website\",\"url\":\"https:\/\/www.fondationhardt.ch\/\",\"name\":\"Fondation Hardt\",\"description\":\"Fondation pour l&#039;\u00e9tude de l&#039;antiquit\u00e9 classique, promotion de l&#039;\u00e9tude de l&#039;Antiquit\u00e9 classique.\",\"potentialAction\":[{\"@type\":\"SearchAction\",\"target\":{\"@type\":\"EntryPoint\",\"urlTemplate\":\"https:\/\/www.fondationhardt.ch\/?s={search_term_string}\"},\"query-input\":\"required name=search_term_string\"}],\"inLanguage\":\"en-US\"}]}<\/script>\n<!-- \/ Yoast SEO plugin. -->","yoast_head_json":{"title":"Sponsors","description":"For the pursuit of its activities, the Hardt Foundation depends\u00a0on external funding. You are invited to join the Foundation\u2019s sponsors support movement.","robots":{"index":"index","follow":"follow","max-snippet":"max-snippet:-1","max-image-preview":"max-image-preview:large","max-video-preview":"max-video-preview:-1"},"canonical":"https:\/\/www.fondationhardt.ch\/en\/la-fondation_en\/partenaires_en\/","og_locale":"en_US","og_type":"article","og_title":"Sponsors","og_description":"For the pursuit of its activities, the Hardt Foundation depends\u00a0on external funding. You are invited to join the Foundation\u2019s sponsors support movement.","og_url":"https:\/\/www.fondationhardt.ch\/en\/la-fondation_en\/partenaires_en\/","og_site_name":"Fondation Hardt","article_modified_time":"2026-01-22T09:43:03+00:00","og_image":[{"width":2000,"height":1300,"url":"https:\/\/www.fondationhardt.ch\/wp-content\/uploads\/2014\/05\/marches.jpg","type":"image\/jpeg"}],"twitter_card":"summary_large_image","twitter_misc":{"Est. reading time":"1 minute"},"schema":{"@context":"https:\/\/schema.org","@graph":[{"@type":"WebPage","@id":"https:\/\/www.fondationhardt.ch\/en\/la-fondation_en\/partenaires_en\/","url":"https:\/\/www.fondationhardt.ch\/en\/la-fondation_en\/partenaires_en\/","name":"Sponsors","isPartOf":{"@id":"https:\/\/www.fondationhardt.ch\/#website"},"datePublished":"2014-04-29T05:49:29+00:00","dateModified":"2026-01-22T09:43:03+00:00","description":"For the pursuit of its activities, the Hardt Foundation depends\u00a0on external funding. You are invited to join the Foundation\u2019s sponsors support movement.","breadcrumb":{"@id":"https:\/\/www.fondationhardt.ch\/en\/la-fondation_en\/partenaires_en\/#breadcrumb"},"inLanguage":"en-US","potentialAction":[{"@type":"ReadAction","target":["https:\/\/www.fondationhardt.ch\/en\/la-fondation_en\/partenaires_en\/"]}]},{"@type":"BreadcrumbList","@id":"https:\/\/www.fondationhardt.ch\/en\/la-fondation_en\/partenaires_en\/#breadcrumb","itemListElement":[{"@type":"ListItem","position":1,"name":"Accueil","item":"https:\/\/www.fondationhardt.ch\/"},{"@type":"ListItem","position":2,"name":"The Foundation","item":"https:\/\/www.fondationhardt.ch\/en\/la-fondation_en\/"},{"@type":"ListItem","position":3,"name":"Sponsors of the Hardt Foundation\u00a0"}]},{"@type":"WebSite","@id":"https:\/\/www.fondationhardt.ch\/#website","url":"https:\/\/www.fondationhardt.ch\/","name":"Fondation Hardt","description":"Fondation pour l&#039;\u00e9tude de l&#039;antiquit\u00e9 classique, promotion de l&#039;\u00e9tude de l&#039;Antiquit\u00e9 classique.","potentialAction":[{"@type":"SearchAction","target":{"@type":"EntryPoint","urlTemplate":"https:\/\/www.fondationhardt.ch\/?s={search_term_string}"},"query-input":"required name=search_term_string"}],"inLanguage":"en-US"}]}},"_links":{"self":[{"href":"https:\/\/www.fondationhardt.ch\/en\/wp-json\/wp\/v2\/pages\/448","targetHints":{"allow":["GET"]}}],"collection":[{"href":"https:\/\/www.fondationhardt.ch\/en\/wp-json\/wp\/v2\/pages"}],"about":[{"href":"https:\/\/www.fondationhardt.ch\/en\/wp-json\/wp\/v2\/types\/page"}],"author":[{"embeddable":true,"href":"https:\/\/www.fondationhardt.ch\/en\/wp-json\/wp\/v2\/users\/1"}],"replies":[{"embeddable":true,"href":"https:\/\/www.fondationhardt.ch\/en\/wp-json\/wp\/v2\/comments?post=448"}],"version-history":[{"count":14,"href":"https:\/\/www.fondationhardt.ch\/en\/wp-json\/wp\/v2\/pages\/448\/revisions"}],"predecessor-version":[{"id":12880,"href":"https:\/\/www.fondationhardt.ch\/en\/wp-json\/wp\/v2\/pages\/448\/revisions\/12880"}],"up":[{"embeddable":true,"href":"https:\/\/www.fondationhardt.ch\/en\/wp-json\/wp\/v2\/pages\/439"}],"wp:featuredmedia":[{"embeddable":true,"href":"https:\/\/www.fondationhardt.ch\/en\/wp-json\/wp\/v2\/media\/1144"}],"wp:attachment":[{"href":"https:\/\/www.fondationhardt.ch\/en\/wp-json\/wp\/v2\/media?parent=448"}],"curies":[{"name":"wp","href":"https:\/\/api.w.org\/{rel}","templated":true}]}}