{"id":449,"date":"2014-04-29T06:49:37","date_gmt":"2014-04-29T05:49:37","guid":{"rendered":"http:\/\/www.fondationhardt.ch\/?page_id=449"},"modified":"2025-10-29T14:43:35","modified_gmt":"2025-10-29T12:43:35","slug":"prix-de-la-fondation-hardt_en","status":"publish","type":"page","link":"https:\/\/www.fondationhardt.ch\/en\/la-fondation_en\/prix-de-la-fondation-hardt_en\/","title":{"rendered":"Hardt Foundation Prize (in French only)"},"content":{"rendered":"<p>La Fondation Hardt d\u00e9cerne chaque ann\u00e9e un prix \u00e0 l\u2019\u00e9l\u00e8ve des Coll\u00e8ges de Gen\u00e8ve qui aura r\u00e9dig\u00e9 le meilleur travail de maturit\u00e9 touchant \u00e0 l\u2019Antiquit\u00e9 classique.<\/p>\n<p><em>The candidates&#8217; thesis should be submitted to the Dean responsible for prize competitions at their institution, no later than <strong>March 28, 2024<\/strong>. See <a href=\"https:\/\/www.fondationhardt.ch\/wp-content\/uploads\/2023\/10\/Reglement-Prix-FH_2023-2024.pdf\">2023-2024 Regulations<\/a>.<\/em><\/p>\n<p>Liste des laur\u00e9at-e-s, avec le titre de leur travail<\/p>\n<p><strong>2025<br \/>\n<\/strong>Charlotte Belzer pour son travail intitul\u00e9: \u201cAntigone, de personnage litt\u00e9raire \u00e0 figure de r\u00e9volte soci\u00e9tale\u201d<\/p>\n<p><strong>2024<br \/>\n<\/strong>Atiya Bratschi pour son travail intitul\u00e9: \u201cAth\u00e9na et Durga, d\u00e9esses guerri\u00e8res\u201d<\/p>\n<p><strong>2023<br \/>\n<\/strong>Emanuele Pinto pour son travail intitul\u00e9 : \u201c<em>Description, transcription et analyse du codex Bodmer 86<\/em>\u201c<em>.<\/em><\/p>\n<p><strong>2021<br \/>\n<\/strong>Th\u00e9a Vuillemin pour son travail intitul\u00e9 :<em> &#8220;Pens\u00e9e computationnelle : continuit\u00e9 ou rupture ?&#8221;<\/em> et<br \/>\nZo\u00e9 Noble et Aileen Wang pour leur travail intitul\u00e9 : &#8220;<em>Amphitryon d\u2019apr\u00e8s Amphitryon de Plaute ou De quelle mani\u00e8re peut-on, aujourd\u2019hui, compl\u00e9ter l\u2019\u00e9criture d\u2019une pi\u00e8ce antique, en l\u2019occurrence, Amphitryon de Plaute, en vue d\u2019une repr\u00e9sentation th\u00e9\u00e2trale ?&#8221;<\/em>.<\/p>\n<p><strong>2020<br \/>\n<\/strong>Yasmine Kostenbaum pour son travail intitul\u00e9 : &#8220;<em>L&#8217;origine des \u00e9critures. Quels sont les liens entre les chiffres et les lettres ?&#8221;<\/em>.<\/p>\n<p><strong>2019<br \/>\n<\/strong>Emma Brawand, pour son travail intitul\u00e9 : &#8220;<em>L\u2019abeille antique&#8221;<\/em>.<\/p>\n<p><strong>2018<br \/>\n<\/strong>Sara Eleonora Flores Montes et Lina Helena Wrzosowski, pour leur travail intitul\u00e9 : &#8220;<em>Performance dans\u00e9e, jou\u00e9e et r\u00e9cit\u00e9e autour de l\u2019<\/em>Odyss\u00e9e&#8221;.<\/p>\n<p><strong>2017<br \/>\n<\/strong>Axel Gubler,\u00a0\u00a0pour son travail intitul\u00e9 : &#8220;<em>L\u2019Antiquit\u00e9 tardive \u00e0 Gen\u00e8ve et le christianisme en province romaine&#8221;<\/em>\u00a0et<br \/>\nMaximilian Rudloff, pour son travail intitul\u00e9 : &#8220;<em>Ath\u00e8nes, l\u2019Atlantide et la R\u00e9publique : entre utopie, mythe et r\u00e9alit\u00e9&#8221;<\/em>.<\/p>\n<p><strong>2016<br \/>\n<\/strong>Vincent Boccadoro, pour son travail intitul\u00e9 : <em>\u00abMise en musique et traduction d\u2019un choix de po\u00e8mes de Pindare\u00bb<\/em>.<\/p>\n<p><strong>2013\u00a0<\/strong><br \/>\nJohannes Junge Ruhland, pour son travail intitul\u00e9 : &#8220;<em>Le Satyricon : manuscrit retrouv\u00e9-Codex Saldubianus&#8221;<\/em>.<\/p>\n<p><strong>2012<\/strong><br \/>\nMacaire Gallopin, pour son travail intitul\u00e9 : &#8220;<em>L\u2019arriv\u00e9e du printemps. Pi\u00e8ce pour ch\u0153ur et piano sur un po\u00e8me de Catulle&#8221;<\/em>.<\/p>\n<p><strong>2011<\/strong><br \/>\nNicolas Bach, pour son travail intitul\u00e9 : &#8220;<em>L\u2019\u00e9tude de l\u2019art oratoire romain \u00e0 travers un discours de Cic\u00e9ron&#8221;.<\/em><\/p>\n<p><strong>2010<\/strong><br \/>\nMarie Bertholon, pour son travail intitul\u00e9 : &#8220;<em>Hom\u00e8re dans l\u2019\u00c9n\u00e9ide de Virgile&#8221;<\/em>, et<br \/>\nNicolas Terrasson, pour son travail intitul\u00e9 : &#8220;<em>Enqu\u00eates et v\u00e9rit\u00e9s&#8221;<\/em>.<\/p>\n<p><a href=\"https:\/\/www.fondationhardt.ch\/wp-content\/uploads\/2020\/04\/Re%CC%80glement_Prix_FH_13.06.2019.pdf\">R\u00e8glement du Prix de la Fondation Hardt<\/a><\/p>\n","protected":false},"excerpt":{"rendered":"<p>La Fondation Hardt d\u00e9cerne chaque ann\u00e9e un prix \u00e0 l\u2019\u00e9l\u00e8ve des Coll\u00e8ges de Gen\u00e8ve qui aura r\u00e9dig\u00e9 le meilleur travail de maturit\u00e9 touchant \u00e0 l\u2019Antiquit\u00e9 classique. The candidates&#8217; thesis should be submitted to the Dean responsible for prize competitions at their institution, no later than March 28, 2024. See 2023-2024 Regulations. Liste des laur\u00e9at-e-s, avec [&hellip;]<\/p>\n","protected":false},"author":1,"featured_media":1140,"parent":439,"menu_order":0,"comment_status":"open","ping_status":"open","template":"","meta":{"footnotes":""},"class_list":["post-449","page","type-page","status-publish","has-post-thumbnail","hentry"],"acf":[],"yoast_head":"<!-- This site is optimized with the Yoast SEO plugin v19.10 - https:\/\/yoast.com\/wordpress\/plugins\/seo\/ -->\n<title>Hardt Foundation Prize<\/title>\n<meta name=\"description\" content=\"The Hardt Foundation awards an annual prize to college students of Geneva.\" \/>\n<meta name=\"robots\" content=\"index, follow, max-snippet:-1, max-image-preview:large, max-video-preview:-1\" \/>\n<link rel=\"canonical\" href=\"https:\/\/www.fondationhardt.ch\/en\/la-fondation_en\/prix-de-la-fondation-hardt_en\/\" \/>\n<meta property=\"og:locale\" content=\"en_US\" \/>\n<meta property=\"og:type\" content=\"article\" \/>\n<meta property=\"og:title\" content=\"Hardt Foundation Prize\" \/>\n<meta property=\"og:description\" content=\"The Hardt Foundation awards an annual prize to college students of Geneva.\" \/>\n<meta property=\"og:url\" content=\"https:\/\/www.fondationhardt.ch\/en\/la-fondation_en\/prix-de-la-fondation-hardt_en\/\" \/>\n<meta property=\"og:site_name\" content=\"Fondation Hardt\" \/>\n<meta property=\"article:modified_time\" content=\"2025-10-29T12:43:35+00:00\" \/>\n<meta property=\"og:image\" content=\"https:\/\/www.fondationhardt.ch\/wp-content\/uploads\/2014\/05\/Hardt-automne-2011-VRochette-_DSC6756.jpg\" \/>\n\t<meta property=\"og:image:width\" content=\"2000\" \/>\n\t<meta property=\"og:image:height\" content=\"1331\" \/>\n\t<meta property=\"og:image:type\" content=\"image\/jpeg\" \/>\n<meta name=\"twitter:card\" content=\"summary_large_image\" \/>\n<meta name=\"twitter:label1\" content=\"Est. reading time\" \/>\n\t<meta name=\"twitter:data1\" content=\"2 minutes\" \/>\n<script type=\"application\/ld+json\" class=\"yoast-schema-graph\">{\"@context\":\"https:\/\/schema.org\",\"@graph\":[{\"@type\":\"WebPage\",\"@id\":\"https:\/\/www.fondationhardt.ch\/en\/la-fondation_en\/prix-de-la-fondation-hardt_en\/\",\"url\":\"https:\/\/www.fondationhardt.ch\/en\/la-fondation_en\/prix-de-la-fondation-hardt_en\/\",\"name\":\"Hardt Foundation Prize\",\"isPartOf\":{\"@id\":\"https:\/\/www.fondationhardt.ch\/#website\"},\"datePublished\":\"2014-04-29T05:49:37+00:00\",\"dateModified\":\"2025-10-29T12:43:35+00:00\",\"description\":\"The Hardt Foundation awards an annual prize to college students of Geneva.\",\"breadcrumb\":{\"@id\":\"https:\/\/www.fondationhardt.ch\/en\/la-fondation_en\/prix-de-la-fondation-hardt_en\/#breadcrumb\"},\"inLanguage\":\"en-US\",\"potentialAction\":[{\"@type\":\"ReadAction\",\"target\":[\"https:\/\/www.fondationhardt.ch\/en\/la-fondation_en\/prix-de-la-fondation-hardt_en\/\"]}]},{\"@type\":\"BreadcrumbList\",\"@id\":\"https:\/\/www.fondationhardt.ch\/en\/la-fondation_en\/prix-de-la-fondation-hardt_en\/#breadcrumb\",\"itemListElement\":[{\"@type\":\"ListItem\",\"position\":1,\"name\":\"Accueil\",\"item\":\"https:\/\/www.fondationhardt.ch\/\"},{\"@type\":\"ListItem\",\"position\":2,\"name\":\"The Foundation\",\"item\":\"https:\/\/www.fondationhardt.ch\/en\/la-fondation_en\/\"},{\"@type\":\"ListItem\",\"position\":3,\"name\":\"Hardt Foundation Prize (in French only)\"}]},{\"@type\":\"WebSite\",\"@id\":\"https:\/\/www.fondationhardt.ch\/#website\",\"url\":\"https:\/\/www.fondationhardt.ch\/\",\"name\":\"Fondation Hardt\",\"description\":\"Fondation pour l&#039;\u00e9tude de l&#039;antiquit\u00e9 classique, promotion de l&#039;\u00e9tude de l&#039;Antiquit\u00e9 classique.\",\"potentialAction\":[{\"@type\":\"SearchAction\",\"target\":{\"@type\":\"EntryPoint\",\"urlTemplate\":\"https:\/\/www.fondationhardt.ch\/?s={search_term_string}\"},\"query-input\":\"required name=search_term_string\"}],\"inLanguage\":\"en-US\"}]}<\/script>\n<!-- \/ Yoast SEO plugin. -->","yoast_head_json":{"title":"Hardt Foundation Prize","description":"The Hardt Foundation awards an annual prize to college students of Geneva.","robots":{"index":"index","follow":"follow","max-snippet":"max-snippet:-1","max-image-preview":"max-image-preview:large","max-video-preview":"max-video-preview:-1"},"canonical":"https:\/\/www.fondationhardt.ch\/en\/la-fondation_en\/prix-de-la-fondation-hardt_en\/","og_locale":"en_US","og_type":"article","og_title":"Hardt Foundation Prize","og_description":"The Hardt Foundation awards an annual prize to college students of Geneva.","og_url":"https:\/\/www.fondationhardt.ch\/en\/la-fondation_en\/prix-de-la-fondation-hardt_en\/","og_site_name":"Fondation Hardt","article_modified_time":"2025-10-29T12:43:35+00:00","og_image":[{"width":2000,"height":1331,"url":"https:\/\/www.fondationhardt.ch\/wp-content\/uploads\/2014\/05\/Hardt-automne-2011-VRochette-_DSC6756.jpg","type":"image\/jpeg"}],"twitter_card":"summary_large_image","twitter_misc":{"Est. reading time":"2 minutes"},"schema":{"@context":"https:\/\/schema.org","@graph":[{"@type":"WebPage","@id":"https:\/\/www.fondationhardt.ch\/en\/la-fondation_en\/prix-de-la-fondation-hardt_en\/","url":"https:\/\/www.fondationhardt.ch\/en\/la-fondation_en\/prix-de-la-fondation-hardt_en\/","name":"Hardt Foundation Prize","isPartOf":{"@id":"https:\/\/www.fondationhardt.ch\/#website"},"datePublished":"2014-04-29T05:49:37+00:00","dateModified":"2025-10-29T12:43:35+00:00","description":"The Hardt Foundation awards an annual prize to college students of Geneva.","breadcrumb":{"@id":"https:\/\/www.fondationhardt.ch\/en\/la-fondation_en\/prix-de-la-fondation-hardt_en\/#breadcrumb"},"inLanguage":"en-US","potentialAction":[{"@type":"ReadAction","target":["https:\/\/www.fondationhardt.ch\/en\/la-fondation_en\/prix-de-la-fondation-hardt_en\/"]}]},{"@type":"BreadcrumbList","@id":"https:\/\/www.fondationhardt.ch\/en\/la-fondation_en\/prix-de-la-fondation-hardt_en\/#breadcrumb","itemListElement":[{"@type":"ListItem","position":1,"name":"Accueil","item":"https:\/\/www.fondationhardt.ch\/"},{"@type":"ListItem","position":2,"name":"The Foundation","item":"https:\/\/www.fondationhardt.ch\/en\/la-fondation_en\/"},{"@type":"ListItem","position":3,"name":"Hardt Foundation Prize (in French only)"}]},{"@type":"WebSite","@id":"https:\/\/www.fondationhardt.ch\/#website","url":"https:\/\/www.fondationhardt.ch\/","name":"Fondation Hardt","description":"Fondation pour l&#039;\u00e9tude de l&#039;antiquit\u00e9 classique, promotion de l&#039;\u00e9tude de l&#039;Antiquit\u00e9 classique.","potentialAction":[{"@type":"SearchAction","target":{"@type":"EntryPoint","urlTemplate":"https:\/\/www.fondationhardt.ch\/?s={search_term_string}"},"query-input":"required name=search_term_string"}],"inLanguage":"en-US"}]}},"_links":{"self":[{"href":"https:\/\/www.fondationhardt.ch\/en\/wp-json\/wp\/v2\/pages\/449","targetHints":{"allow":["GET"]}}],"collection":[{"href":"https:\/\/www.fondationhardt.ch\/en\/wp-json\/wp\/v2\/pages"}],"about":[{"href":"https:\/\/www.fondationhardt.ch\/en\/wp-json\/wp\/v2\/types\/page"}],"author":[{"embeddable":true,"href":"https:\/\/www.fondationhardt.ch\/en\/wp-json\/wp\/v2\/users\/1"}],"replies":[{"embeddable":true,"href":"https:\/\/www.fondationhardt.ch\/en\/wp-json\/wp\/v2\/comments?post=449"}],"version-history":[{"count":28,"href":"https:\/\/www.fondationhardt.ch\/en\/wp-json\/wp\/v2\/pages\/449\/revisions"}],"predecessor-version":[{"id":12567,"href":"https:\/\/www.fondationhardt.ch\/en\/wp-json\/wp\/v2\/pages\/449\/revisions\/12567"}],"up":[{"embeddable":true,"href":"https:\/\/www.fondationhardt.ch\/en\/wp-json\/wp\/v2\/pages\/439"}],"wp:featuredmedia":[{"embeddable":true,"href":"https:\/\/www.fondationhardt.ch\/en\/wp-json\/wp\/v2\/media\/1140"}],"wp:attachment":[{"href":"https:\/\/www.fondationhardt.ch\/en\/wp-json\/wp\/v2\/media?parent=449"}],"curies":[{"name":"wp","href":"https:\/\/api.w.org\/{rel}","templated":true}]}}