{"id":455,"date":"2014-04-29T06:49:56","date_gmt":"2014-04-29T05:49:56","guid":{"rendered":"http:\/\/www.fondationhardt.ch\/?page_id=455"},"modified":"2024-12-13T11:06:19","modified_gmt":"2024-12-13T09:06:19","slug":"rapports-dactivite_en","status":"publish","type":"page","link":"https:\/\/www.fondationhardt.ch\/en\/la-fondation_en\/rapports-dactivite_en\/","title":{"rendered":"Annual reports (in French only)"},"content":{"rendered":"<p><a href=\"https:\/\/www.fondationhardt.ch\/wp-content\/uploads\/2024\/12\/rapport-Fondation-Hardt_2024_v3_web.pdf\">Rapport 2024<\/a><\/p>\n<p><a href=\"https:\/\/www.fondationhardt.ch\/wp-content\/uploads\/2023\/12\/Rapport-Fondation-Hardt_2023_V3_web.pdf\">Rapport 2023<\/a><\/p>\n<p><a href=\"https:\/\/www.fondationhardt.ch\/wp-content\/uploads\/2022\/11\/Rapport_Fondation_Hardt_2022_web.pdf\">Rapport 2022<\/a><\/p>\n<p><a href=\"https:\/\/www.fondationhardt.ch\/wp-content\/uploads\/2021\/12\/rapport_Fondation-Hardt_2021.pdf\">Rapport 2021<\/a><\/p>\n<p><a href=\"https:\/\/www.fondationhardt.ch\/wp-content\/uploads\/2022\/10\/rapport-Fondation-Hardt_2020_reduce.pdf\">Rapport 2020<\/a><\/p>\n<p><a href=\"https:\/\/www.fondationhardt.ch\/wp-content\/uploads\/2019\/12\/rapport-Fondation-Hardt-2019_vers_FINALE.pdf\">Rapport 2019<\/a><\/p>\n<p><a href=\"https:\/\/www.fondationhardt.ch\/wp-content\/uploads\/2014\/05\/Rapport-annuel-2018-FH.pdf\">Rapport 2018<\/a><\/p>\n<p><a href=\"https:\/\/www.fondationhardt.ch\/wp-content\/uploads\/2018\/02\/rapport-Fondation-Hardt-2017_site.pdf\">Rapport 2017<\/a><\/p>\n<p><a href=\"http:\/\/www.fondationhardt.ch\/wp-content\/uploads\/2014\/04\/Rapport-annuel-2016-FH_Final.pdf\">Rapport 2016<\/a><\/p>\n<p><a href=\"http:\/\/www.fondationhardt.ch\/wp-content\/uploads\/2014\/05\/Rapport-Hardt-2015-final_Ok.pdf\">Rapport 2015<\/a><\/p>\n<p><a href=\"http:\/\/www.fondationhardt.ch\/wp-content\/uploads\/2014\/03\/FH_Rapport_annuel_2014.pdf\">Rapport 2014<\/a><\/p>\n<p><a title=\"Rapport 2013\" href=\"http:\/\/www.fondationhardt.ch\/wp-content\/uploads\/2014\/05\/Hardt_Rapport_2013.pdf\" target=\"_blank\" rel=\"noopener noreferrer\">Rapport 2013<\/a><\/p>\n<p><a title=\"Rapport 2012\" href=\"http:\/\/www.fondationhardt.ch\/wp-content\/uploads\/2014\/05\/Hardt_Rapport_2012.pdf\" target=\"_blank\" rel=\"noopener noreferrer\">Rapport 2012<\/a><\/p>\n<p><a title=\"Rapport 2011\" href=\"http:\/\/www.fondationhardt.ch\/wp-content\/uploads\/2014\/05\/Hardt_Rapport_2011.pdf\" target=\"_blank\" rel=\"noopener noreferrer\">Rapport 2011<\/a><\/p>\n<p><a title=\"Rapport 2010\" href=\"http:\/\/www.fondationhardt.ch\/wp-content\/uploads\/2014\/05\/Hardt_Rapport_2010.pdf\" target=\"_blank\" rel=\"noopener noreferrer\">Rapport 2010<\/a><\/p>\n<p><a title=\"Rapport 2009\" href=\"http:\/\/www.fondationhardt.ch\/wp-content\/uploads\/2014\/05\/Hardt_Rapport_2009.pdf\" target=\"_blank\" rel=\"noopener noreferrer\">Rapport 2009<\/a><\/p>\n","protected":false},"excerpt":{"rendered":"<p>Rapport 2024 Rapport 2023 Rapport 2022 Rapport 2021 Rapport 2020 Rapport 2019 Rapport 2018 Rapport 2017 Rapport 2016 Rapport 2015 Rapport 2014 Rapport 2013 Rapport 2012 Rapport 2011 Rapport 2010 Rapport 2009<\/p>\n","protected":false},"author":1,"featured_media":1133,"parent":439,"menu_order":0,"comment_status":"open","ping_status":"closed","template":"","meta":{"footnotes":""},"class_list":["post-455","page","type-page","status-publish","has-post-thumbnail","hentry"],"acf":[],"yoast_head":"<!-- This site is optimized with the Yoast SEO plugin v19.10 - https:\/\/yoast.com\/wordpress\/plugins\/seo\/ -->\n<title>Annual reports<\/title>\n<meta name=\"description\" content=\"The annual reports of the Hardt Foundation are available in French only. They give a yearly account of the Foundation\u2019s activities.\" \/>\n<meta name=\"robots\" content=\"index, follow, max-snippet:-1, max-image-preview:large, max-video-preview:-1\" \/>\n<link rel=\"canonical\" href=\"https:\/\/www.fondationhardt.ch\/en\/la-fondation_en\/rapports-dactivite_en\/\" \/>\n<meta property=\"og:locale\" content=\"en_US\" \/>\n<meta property=\"og:type\" content=\"article\" \/>\n<meta property=\"og:title\" content=\"Annual reports\" \/>\n<meta property=\"og:description\" content=\"The annual reports of the Hardt Foundation are available in French only. They give a yearly account of the Foundation\u2019s activities.\" \/>\n<meta property=\"og:url\" content=\"https:\/\/www.fondationhardt.ch\/en\/la-fondation_en\/rapports-dactivite_en\/\" \/>\n<meta property=\"og:site_name\" content=\"Fondation Hardt\" \/>\n<meta property=\"article:modified_time\" content=\"2024-12-13T09:06:19+00:00\" \/>\n<meta property=\"og:image\" content=\"https:\/\/www.fondationhardt.ch\/wp-content\/uploads\/2014\/05\/20110401DSC_5086.jpg\" \/>\n\t<meta property=\"og:image:width\" content=\"2000\" \/>\n\t<meta property=\"og:image:height\" content=\"1331\" \/>\n\t<meta property=\"og:image:type\" content=\"image\/jpeg\" \/>\n<meta name=\"twitter:card\" content=\"summary_large_image\" \/>\n<meta name=\"twitter:label1\" content=\"Est. reading time\" \/>\n\t<meta name=\"twitter:data1\" content=\"1 minute\" \/>\n<script type=\"application\/ld+json\" class=\"yoast-schema-graph\">{\"@context\":\"https:\/\/schema.org\",\"@graph\":[{\"@type\":\"WebPage\",\"@id\":\"https:\/\/www.fondationhardt.ch\/en\/la-fondation_en\/rapports-dactivite_en\/\",\"url\":\"https:\/\/www.fondationhardt.ch\/en\/la-fondation_en\/rapports-dactivite_en\/\",\"name\":\"Annual reports\",\"isPartOf\":{\"@id\":\"https:\/\/www.fondationhardt.ch\/#website\"},\"datePublished\":\"2014-04-29T05:49:56+00:00\",\"dateModified\":\"2024-12-13T09:06:19+00:00\",\"description\":\"The annual reports of the Hardt Foundation are available in French only. They give a yearly account of the Foundation\u2019s activities.\",\"breadcrumb\":{\"@id\":\"https:\/\/www.fondationhardt.ch\/en\/la-fondation_en\/rapports-dactivite_en\/#breadcrumb\"},\"inLanguage\":\"en-US\",\"potentialAction\":[{\"@type\":\"ReadAction\",\"target\":[\"https:\/\/www.fondationhardt.ch\/en\/la-fondation_en\/rapports-dactivite_en\/\"]}]},{\"@type\":\"BreadcrumbList\",\"@id\":\"https:\/\/www.fondationhardt.ch\/en\/la-fondation_en\/rapports-dactivite_en\/#breadcrumb\",\"itemListElement\":[{\"@type\":\"ListItem\",\"position\":1,\"name\":\"Accueil\",\"item\":\"https:\/\/www.fondationhardt.ch\/\"},{\"@type\":\"ListItem\",\"position\":2,\"name\":\"The Foundation\",\"item\":\"https:\/\/www.fondationhardt.ch\/en\/la-fondation_en\/\"},{\"@type\":\"ListItem\",\"position\":3,\"name\":\"Annual reports (in French only)\"}]},{\"@type\":\"WebSite\",\"@id\":\"https:\/\/www.fondationhardt.ch\/#website\",\"url\":\"https:\/\/www.fondationhardt.ch\/\",\"name\":\"Fondation Hardt\",\"description\":\"Fondation pour l&#039;\u00e9tude de l&#039;antiquit\u00e9 classique, promotion de l&#039;\u00e9tude de l&#039;Antiquit\u00e9 classique.\",\"potentialAction\":[{\"@type\":\"SearchAction\",\"target\":{\"@type\":\"EntryPoint\",\"urlTemplate\":\"https:\/\/www.fondationhardt.ch\/?s={search_term_string}\"},\"query-input\":\"required name=search_term_string\"}],\"inLanguage\":\"en-US\"}]}<\/script>\n<!-- \/ Yoast SEO plugin. -->","yoast_head_json":{"title":"Annual reports","description":"The annual reports of the Hardt Foundation are available in French only. They give a yearly account of the Foundation\u2019s activities.","robots":{"index":"index","follow":"follow","max-snippet":"max-snippet:-1","max-image-preview":"max-image-preview:large","max-video-preview":"max-video-preview:-1"},"canonical":"https:\/\/www.fondationhardt.ch\/en\/la-fondation_en\/rapports-dactivite_en\/","og_locale":"en_US","og_type":"article","og_title":"Annual reports","og_description":"The annual reports of the Hardt Foundation are available in French only. They give a yearly account of the Foundation\u2019s activities.","og_url":"https:\/\/www.fondationhardt.ch\/en\/la-fondation_en\/rapports-dactivite_en\/","og_site_name":"Fondation Hardt","article_modified_time":"2024-12-13T09:06:19+00:00","og_image":[{"width":2000,"height":1331,"url":"https:\/\/www.fondationhardt.ch\/wp-content\/uploads\/2014\/05\/20110401DSC_5086.jpg","type":"image\/jpeg"}],"twitter_card":"summary_large_image","twitter_misc":{"Est. reading time":"1 minute"},"schema":{"@context":"https:\/\/schema.org","@graph":[{"@type":"WebPage","@id":"https:\/\/www.fondationhardt.ch\/en\/la-fondation_en\/rapports-dactivite_en\/","url":"https:\/\/www.fondationhardt.ch\/en\/la-fondation_en\/rapports-dactivite_en\/","name":"Annual reports","isPartOf":{"@id":"https:\/\/www.fondationhardt.ch\/#website"},"datePublished":"2014-04-29T05:49:56+00:00","dateModified":"2024-12-13T09:06:19+00:00","description":"The annual reports of the Hardt Foundation are available in French only. They give a yearly account of the Foundation\u2019s activities.","breadcrumb":{"@id":"https:\/\/www.fondationhardt.ch\/en\/la-fondation_en\/rapports-dactivite_en\/#breadcrumb"},"inLanguage":"en-US","potentialAction":[{"@type":"ReadAction","target":["https:\/\/www.fondationhardt.ch\/en\/la-fondation_en\/rapports-dactivite_en\/"]}]},{"@type":"BreadcrumbList","@id":"https:\/\/www.fondationhardt.ch\/en\/la-fondation_en\/rapports-dactivite_en\/#breadcrumb","itemListElement":[{"@type":"ListItem","position":1,"name":"Accueil","item":"https:\/\/www.fondationhardt.ch\/"},{"@type":"ListItem","position":2,"name":"The Foundation","item":"https:\/\/www.fondationhardt.ch\/en\/la-fondation_en\/"},{"@type":"ListItem","position":3,"name":"Annual reports (in French only)"}]},{"@type":"WebSite","@id":"https:\/\/www.fondationhardt.ch\/#website","url":"https:\/\/www.fondationhardt.ch\/","name":"Fondation Hardt","description":"Fondation pour l&#039;\u00e9tude de l&#039;antiquit\u00e9 classique, promotion de l&#039;\u00e9tude de l&#039;Antiquit\u00e9 classique.","potentialAction":[{"@type":"SearchAction","target":{"@type":"EntryPoint","urlTemplate":"https:\/\/www.fondationhardt.ch\/?s={search_term_string}"},"query-input":"required name=search_term_string"}],"inLanguage":"en-US"}]}},"_links":{"self":[{"href":"https:\/\/www.fondationhardt.ch\/en\/wp-json\/wp\/v2\/pages\/455","targetHints":{"allow":["GET"]}}],"collection":[{"href":"https:\/\/www.fondationhardt.ch\/en\/wp-json\/wp\/v2\/pages"}],"about":[{"href":"https:\/\/www.fondationhardt.ch\/en\/wp-json\/wp\/v2\/types\/page"}],"author":[{"embeddable":true,"href":"https:\/\/www.fondationhardt.ch\/en\/wp-json\/wp\/v2\/users\/1"}],"replies":[{"embeddable":true,"href":"https:\/\/www.fondationhardt.ch\/en\/wp-json\/wp\/v2\/comments?post=455"}],"version-history":[{"count":17,"href":"https:\/\/www.fondationhardt.ch\/en\/wp-json\/wp\/v2\/pages\/455\/revisions"}],"predecessor-version":[{"id":11865,"href":"https:\/\/www.fondationhardt.ch\/en\/wp-json\/wp\/v2\/pages\/455\/revisions\/11865"}],"up":[{"embeddable":true,"href":"https:\/\/www.fondationhardt.ch\/en\/wp-json\/wp\/v2\/pages\/439"}],"wp:featuredmedia":[{"embeddable":true,"href":"https:\/\/www.fondationhardt.ch\/en\/wp-json\/wp\/v2\/media\/1133"}],"wp:attachment":[{"href":"https:\/\/www.fondationhardt.ch\/en\/wp-json\/wp\/v2\/media?parent=455"}],"curies":[{"name":"wp","href":"https:\/\/api.w.org\/{rel}","templated":true}]}}