{"id":457,"date":"2014-04-29T06:50:52","date_gmt":"2014-04-29T05:50:52","guid":{"rendered":"http:\/\/www.fondationhardt.ch\/?page_id=457"},"modified":"2025-05-26T12:28:26","modified_gmt":"2025-05-26T10:28:26","slug":"les-hotes_en","status":"publish","type":"page","link":"https:\/\/www.fondationhardt.ch\/en\/les-hotes_en\/","title":{"rendered":"Guests"},"content":{"rendered":"<p><strong>The Foundation will reopen its doors on Monday, February 3rd until Saturday, November 29th, 2025 with the exception of the period \u00a0from August 18th to 30th due to the organisation of the Entretiens, as well as during the week of October 13th due to the Foundation\u2019s annual conference and board of trustees and Scientific Commission Meetings.<\/strong><\/p>\n<p>The Hardt Foundation welcomes international scholars and researchers specialising in the study of Classical Antiquity,\u00a0on request or by invitation, for research stays of two weeks to two months.<\/p>\n<p>The Foundation seeks to foster a scholarly community. With communal meals and shared social space, it promotes the exchange of ideas among scholars of different generations and national traditions.<\/p>\n<p>Up to eleven guests can be accommodated simultaneously in nine rooms with private bathrooms. Rates include full board. The Foundation does not cover travel expenses.<\/p>\n<p><a title=\"Rates\" href=\"http:\/\/www.fondationhardt.ch\/wp-content\/uploads\/2014\/05\/Descriptif_chambres_FH_2014_ENG.pdf\" target=\"_blank\" rel=\"noopener noreferrer\">Rates<\/a><\/p>\n<p>Young researchers (up to 35 years old) can apply for <a href=\"http:\/\/www.fondationhardt.ch\/?page_id=458\">scholarships<\/a> through the <a href=\"http:\/\/www.fondationhardt.ch\/?page_id=459\">online registration form<\/a>.<\/p>\n","protected":false},"excerpt":{"rendered":"<p>The Foundation will reopen its doors on Monday, February 3rd until Saturday, November 29th, 2025 with the exception of the period \u00a0from August 18th to 30th due to the organisation of the Entretiens, as well as during the week of October 13th due to the Foundation\u2019s annual conference and board of trustees and Scientific Commission [&hellip;]<\/p>\n","protected":false},"author":1,"featured_media":1312,"parent":0,"menu_order":0,"comment_status":"open","ping_status":"open","template":"","meta":{"footnotes":""},"class_list":["post-457","page","type-page","status-publish","has-post-thumbnail","hentry"],"acf":[],"yoast_head":"<!-- This site is optimized with the Yoast SEO plugin v19.10 - https:\/\/yoast.com\/wordpress\/plugins\/seo\/ -->\n<title>Guests<\/title>\n<meta name=\"description\" content=\"From February to December, the Hardt Foundation welcomes scholars specialising in the study of classical Antiquity for research stays.\" \/>\n<meta name=\"robots\" content=\"index, follow, max-snippet:-1, max-image-preview:large, max-video-preview:-1\" \/>\n<link rel=\"canonical\" href=\"https:\/\/www.fondationhardt.ch\/en\/les-hotes_en\/\" \/>\n<meta property=\"og:locale\" content=\"en_US\" \/>\n<meta property=\"og:type\" content=\"article\" \/>\n<meta property=\"og:title\" content=\"Guests\" \/>\n<meta property=\"og:description\" content=\"From February to December, the Hardt Foundation welcomes scholars specialising in the study of classical Antiquity for research stays.\" \/>\n<meta property=\"og:url\" content=\"https:\/\/www.fondationhardt.ch\/en\/les-hotes_en\/\" \/>\n<meta property=\"og:site_name\" content=\"Fondation Hardt\" \/>\n<meta property=\"article:modified_time\" content=\"2025-05-26T10:28:26+00:00\" \/>\n<meta property=\"og:image\" content=\"https:\/\/www.fondationhardt.ch\/wp-content\/uploads\/2014\/06\/diner1.jpg\" \/>\n\t<meta property=\"og:image:width\" content=\"2000\" \/>\n\t<meta property=\"og:image:height\" content=\"1325\" \/>\n\t<meta property=\"og:image:type\" content=\"image\/jpeg\" \/>\n<meta name=\"twitter:card\" content=\"summary_large_image\" \/>\n<meta name=\"twitter:label1\" content=\"Est. reading time\" \/>\n\t<meta name=\"twitter:data1\" content=\"1 minute\" \/>\n<script type=\"application\/ld+json\" class=\"yoast-schema-graph\">{\"@context\":\"https:\/\/schema.org\",\"@graph\":[{\"@type\":\"WebPage\",\"@id\":\"https:\/\/www.fondationhardt.ch\/en\/les-hotes_en\/\",\"url\":\"https:\/\/www.fondationhardt.ch\/en\/les-hotes_en\/\",\"name\":\"Guests\",\"isPartOf\":{\"@id\":\"https:\/\/www.fondationhardt.ch\/#website\"},\"datePublished\":\"2014-04-29T05:50:52+00:00\",\"dateModified\":\"2025-05-26T10:28:26+00:00\",\"description\":\"From February to December, the Hardt Foundation welcomes scholars specialising in the study of classical Antiquity for research stays.\",\"breadcrumb\":{\"@id\":\"https:\/\/www.fondationhardt.ch\/en\/les-hotes_en\/#breadcrumb\"},\"inLanguage\":\"en-US\",\"potentialAction\":[{\"@type\":\"ReadAction\",\"target\":[\"https:\/\/www.fondationhardt.ch\/en\/les-hotes_en\/\"]}]},{\"@type\":\"BreadcrumbList\",\"@id\":\"https:\/\/www.fondationhardt.ch\/en\/les-hotes_en\/#breadcrumb\",\"itemListElement\":[{\"@type\":\"ListItem\",\"position\":1,\"name\":\"Accueil\",\"item\":\"https:\/\/www.fondationhardt.ch\/\"},{\"@type\":\"ListItem\",\"position\":2,\"name\":\"Guests\"}]},{\"@type\":\"WebSite\",\"@id\":\"https:\/\/www.fondationhardt.ch\/#website\",\"url\":\"https:\/\/www.fondationhardt.ch\/\",\"name\":\"Fondation Hardt\",\"description\":\"Fondation pour l&#039;\u00e9tude de l&#039;antiquit\u00e9 classique, promotion de l&#039;\u00e9tude de l&#039;Antiquit\u00e9 classique.\",\"potentialAction\":[{\"@type\":\"SearchAction\",\"target\":{\"@type\":\"EntryPoint\",\"urlTemplate\":\"https:\/\/www.fondationhardt.ch\/?s={search_term_string}\"},\"query-input\":\"required name=search_term_string\"}],\"inLanguage\":\"en-US\"}]}<\/script>\n<!-- \/ Yoast SEO plugin. -->","yoast_head_json":{"title":"Guests","description":"From February to December, the Hardt Foundation welcomes scholars specialising in the study of classical Antiquity for research stays.","robots":{"index":"index","follow":"follow","max-snippet":"max-snippet:-1","max-image-preview":"max-image-preview:large","max-video-preview":"max-video-preview:-1"},"canonical":"https:\/\/www.fondationhardt.ch\/en\/les-hotes_en\/","og_locale":"en_US","og_type":"article","og_title":"Guests","og_description":"From February to December, the Hardt Foundation welcomes scholars specialising in the study of classical Antiquity for research stays.","og_url":"https:\/\/www.fondationhardt.ch\/en\/les-hotes_en\/","og_site_name":"Fondation Hardt","article_modified_time":"2025-05-26T10:28:26+00:00","og_image":[{"width":2000,"height":1325,"url":"https:\/\/www.fondationhardt.ch\/wp-content\/uploads\/2014\/06\/diner1.jpg","type":"image\/jpeg"}],"twitter_card":"summary_large_image","twitter_misc":{"Est. reading time":"1 minute"},"schema":{"@context":"https:\/\/schema.org","@graph":[{"@type":"WebPage","@id":"https:\/\/www.fondationhardt.ch\/en\/les-hotes_en\/","url":"https:\/\/www.fondationhardt.ch\/en\/les-hotes_en\/","name":"Guests","isPartOf":{"@id":"https:\/\/www.fondationhardt.ch\/#website"},"datePublished":"2014-04-29T05:50:52+00:00","dateModified":"2025-05-26T10:28:26+00:00","description":"From February to December, the Hardt Foundation welcomes scholars specialising in the study of classical Antiquity for research stays.","breadcrumb":{"@id":"https:\/\/www.fondationhardt.ch\/en\/les-hotes_en\/#breadcrumb"},"inLanguage":"en-US","potentialAction":[{"@type":"ReadAction","target":["https:\/\/www.fondationhardt.ch\/en\/les-hotes_en\/"]}]},{"@type":"BreadcrumbList","@id":"https:\/\/www.fondationhardt.ch\/en\/les-hotes_en\/#breadcrumb","itemListElement":[{"@type":"ListItem","position":1,"name":"Accueil","item":"https:\/\/www.fondationhardt.ch\/"},{"@type":"ListItem","position":2,"name":"Guests"}]},{"@type":"WebSite","@id":"https:\/\/www.fondationhardt.ch\/#website","url":"https:\/\/www.fondationhardt.ch\/","name":"Fondation Hardt","description":"Fondation pour l&#039;\u00e9tude de l&#039;antiquit\u00e9 classique, promotion de l&#039;\u00e9tude de l&#039;Antiquit\u00e9 classique.","potentialAction":[{"@type":"SearchAction","target":{"@type":"EntryPoint","urlTemplate":"https:\/\/www.fondationhardt.ch\/?s={search_term_string}"},"query-input":"required name=search_term_string"}],"inLanguage":"en-US"}]}},"_links":{"self":[{"href":"https:\/\/www.fondationhardt.ch\/en\/wp-json\/wp\/v2\/pages\/457","targetHints":{"allow":["GET"]}}],"collection":[{"href":"https:\/\/www.fondationhardt.ch\/en\/wp-json\/wp\/v2\/pages"}],"about":[{"href":"https:\/\/www.fondationhardt.ch\/en\/wp-json\/wp\/v2\/types\/page"}],"author":[{"embeddable":true,"href":"https:\/\/www.fondationhardt.ch\/en\/wp-json\/wp\/v2\/users\/1"}],"replies":[{"embeddable":true,"href":"https:\/\/www.fondationhardt.ch\/en\/wp-json\/wp\/v2\/comments?post=457"}],"version-history":[{"count":13,"href":"https:\/\/www.fondationhardt.ch\/en\/wp-json\/wp\/v2\/pages\/457\/revisions"}],"predecessor-version":[{"id":12292,"href":"https:\/\/www.fondationhardt.ch\/en\/wp-json\/wp\/v2\/pages\/457\/revisions\/12292"}],"wp:featuredmedia":[{"embeddable":true,"href":"https:\/\/www.fondationhardt.ch\/en\/wp-json\/wp\/v2\/media\/1312"}],"wp:attachment":[{"href":"https:\/\/www.fondationhardt.ch\/en\/wp-json\/wp\/v2\/media?parent=457"}],"curies":[{"name":"wp","href":"https:\/\/api.w.org\/{rel}","templated":true}]}}