{"id":459,"date":"2014-04-29T06:50:49","date_gmt":"2014-04-29T05:50:49","guid":{"rendered":"http:\/\/www.fondationhardt.ch\/?page_id=459"},"modified":"2020-03-19T10:26:47","modified_gmt":"2020-03-19T08:26:47","slug":"reservation-en-ligne_en","status":"publish","type":"page","link":"https:\/\/www.fondationhardt.ch\/en\/les-hotes_en\/reservation-en-ligne_en\/","title":{"rendered":"Online registration"},"content":{"rendered":"","protected":false},"excerpt":{"rendered":"","protected":false},"author":1,"featured_media":1150,"parent":457,"menu_order":0,"comment_status":"open","ping_status":"open","template":"single-rms_reservation.php","meta":{"footnotes":""},"class_list":["post-459","page","type-page","status-publish","has-post-thumbnail","hentry"],"acf":[],"yoast_head":"<!-- This site is optimized with the Yoast SEO plugin v19.10 - https:\/\/yoast.com\/wordpress\/plugins\/seo\/ -->\n<title>Online registration<\/title>\n<meta name=\"description\" content=\"Online registration for a research stay at the Hardt Foundation.\" \/>\n<meta name=\"robots\" content=\"index, follow, max-snippet:-1, max-image-preview:large, max-video-preview:-1\" \/>\n<link rel=\"canonical\" href=\"https:\/\/www.fondationhardt.ch\/en\/les-hotes_en\/reservation-en-ligne_en\/\" \/>\n<meta property=\"og:locale\" content=\"en_US\" \/>\n<meta property=\"og:type\" content=\"article\" \/>\n<meta property=\"og:title\" content=\"Online registration\" \/>\n<meta property=\"og:description\" content=\"Online registration for a research stay at the Hardt Foundation.\" \/>\n<meta property=\"og:url\" content=\"https:\/\/www.fondationhardt.ch\/en\/les-hotes_en\/reservation-en-ligne_en\/\" \/>\n<meta property=\"og:site_name\" content=\"Fondation Hardt\" \/>\n<meta property=\"article:modified_time\" content=\"2020-03-19T08:26:47+00:00\" \/>\n<meta property=\"og:image\" content=\"https:\/\/www.fondationhardt.ch\/wp-content\/uploads\/2014\/05\/DSC5015-128.jpg\" \/>\n\t<meta property=\"og:image:width\" content=\"2000\" \/>\n\t<meta property=\"og:image:height\" content=\"1332\" \/>\n\t<meta property=\"og:image:type\" content=\"image\/jpeg\" \/>\n<meta name=\"twitter:card\" content=\"summary_large_image\" \/>\n<script type=\"application\/ld+json\" class=\"yoast-schema-graph\">{\"@context\":\"https:\/\/schema.org\",\"@graph\":[{\"@type\":\"WebPage\",\"@id\":\"https:\/\/www.fondationhardt.ch\/en\/les-hotes_en\/reservation-en-ligne_en\/\",\"url\":\"https:\/\/www.fondationhardt.ch\/en\/les-hotes_en\/reservation-en-ligne_en\/\",\"name\":\"Online registration\",\"isPartOf\":{\"@id\":\"https:\/\/www.fondationhardt.ch\/#website\"},\"datePublished\":\"2014-04-29T05:50:49+00:00\",\"dateModified\":\"2020-03-19T08:26:47+00:00\",\"description\":\"Online registration for a research stay at the Hardt Foundation.\",\"breadcrumb\":{\"@id\":\"https:\/\/www.fondationhardt.ch\/en\/les-hotes_en\/reservation-en-ligne_en\/#breadcrumb\"},\"inLanguage\":\"en-US\",\"potentialAction\":[{\"@type\":\"ReadAction\",\"target\":[\"https:\/\/www.fondationhardt.ch\/en\/les-hotes_en\/reservation-en-ligne_en\/\"]}]},{\"@type\":\"BreadcrumbList\",\"@id\":\"https:\/\/www.fondationhardt.ch\/en\/les-hotes_en\/reservation-en-ligne_en\/#breadcrumb\",\"itemListElement\":[{\"@type\":\"ListItem\",\"position\":1,\"name\":\"Accueil\",\"item\":\"https:\/\/www.fondationhardt.ch\/\"},{\"@type\":\"ListItem\",\"position\":2,\"name\":\"Guests\",\"item\":\"https:\/\/www.fondationhardt.ch\/en\/les-hotes_en\/\"},{\"@type\":\"ListItem\",\"position\":3,\"name\":\"Online registration\"}]},{\"@type\":\"WebSite\",\"@id\":\"https:\/\/www.fondationhardt.ch\/#website\",\"url\":\"https:\/\/www.fondationhardt.ch\/\",\"name\":\"Fondation Hardt\",\"description\":\"Fondation pour l&#039;\u00e9tude de l&#039;antiquit\u00e9 classique, promotion de l&#039;\u00e9tude de l&#039;Antiquit\u00e9 classique.\",\"potentialAction\":[{\"@type\":\"SearchAction\",\"target\":{\"@type\":\"EntryPoint\",\"urlTemplate\":\"https:\/\/www.fondationhardt.ch\/?s={search_term_string}\"},\"query-input\":\"required name=search_term_string\"}],\"inLanguage\":\"en-US\"}]}<\/script>\n<!-- \/ Yoast SEO plugin. -->","yoast_head_json":{"title":"Online registration","description":"Online registration for a research stay at the Hardt Foundation.","robots":{"index":"index","follow":"follow","max-snippet":"max-snippet:-1","max-image-preview":"max-image-preview:large","max-video-preview":"max-video-preview:-1"},"canonical":"https:\/\/www.fondationhardt.ch\/en\/les-hotes_en\/reservation-en-ligne_en\/","og_locale":"en_US","og_type":"article","og_title":"Online registration","og_description":"Online registration for a research stay at the Hardt Foundation.","og_url":"https:\/\/www.fondationhardt.ch\/en\/les-hotes_en\/reservation-en-ligne_en\/","og_site_name":"Fondation Hardt","article_modified_time":"2020-03-19T08:26:47+00:00","og_image":[{"width":2000,"height":1332,"url":"https:\/\/www.fondationhardt.ch\/wp-content\/uploads\/2014\/05\/DSC5015-128.jpg","type":"image\/jpeg"}],"twitter_card":"summary_large_image","schema":{"@context":"https:\/\/schema.org","@graph":[{"@type":"WebPage","@id":"https:\/\/www.fondationhardt.ch\/en\/les-hotes_en\/reservation-en-ligne_en\/","url":"https:\/\/www.fondationhardt.ch\/en\/les-hotes_en\/reservation-en-ligne_en\/","name":"Online registration","isPartOf":{"@id":"https:\/\/www.fondationhardt.ch\/#website"},"datePublished":"2014-04-29T05:50:49+00:00","dateModified":"2020-03-19T08:26:47+00:00","description":"Online registration for a research stay at the Hardt Foundation.","breadcrumb":{"@id":"https:\/\/www.fondationhardt.ch\/en\/les-hotes_en\/reservation-en-ligne_en\/#breadcrumb"},"inLanguage":"en-US","potentialAction":[{"@type":"ReadAction","target":["https:\/\/www.fondationhardt.ch\/en\/les-hotes_en\/reservation-en-ligne_en\/"]}]},{"@type":"BreadcrumbList","@id":"https:\/\/www.fondationhardt.ch\/en\/les-hotes_en\/reservation-en-ligne_en\/#breadcrumb","itemListElement":[{"@type":"ListItem","position":1,"name":"Accueil","item":"https:\/\/www.fondationhardt.ch\/"},{"@type":"ListItem","position":2,"name":"Guests","item":"https:\/\/www.fondationhardt.ch\/en\/les-hotes_en\/"},{"@type":"ListItem","position":3,"name":"Online registration"}]},{"@type":"WebSite","@id":"https:\/\/www.fondationhardt.ch\/#website","url":"https:\/\/www.fondationhardt.ch\/","name":"Fondation Hardt","description":"Fondation pour l&#039;\u00e9tude de l&#039;antiquit\u00e9 classique, promotion de l&#039;\u00e9tude de l&#039;Antiquit\u00e9 classique.","potentialAction":[{"@type":"SearchAction","target":{"@type":"EntryPoint","urlTemplate":"https:\/\/www.fondationhardt.ch\/?s={search_term_string}"},"query-input":"required name=search_term_string"}],"inLanguage":"en-US"}]}},"_links":{"self":[{"href":"https:\/\/www.fondationhardt.ch\/en\/wp-json\/wp\/v2\/pages\/459","targetHints":{"allow":["GET"]}}],"collection":[{"href":"https:\/\/www.fondationhardt.ch\/en\/wp-json\/wp\/v2\/pages"}],"about":[{"href":"https:\/\/www.fondationhardt.ch\/en\/wp-json\/wp\/v2\/types\/page"}],"author":[{"embeddable":true,"href":"https:\/\/www.fondationhardt.ch\/en\/wp-json\/wp\/v2\/users\/1"}],"replies":[{"embeddable":true,"href":"https:\/\/www.fondationhardt.ch\/en\/wp-json\/wp\/v2\/comments?post=459"}],"version-history":[{"count":2,"href":"https:\/\/www.fondationhardt.ch\/en\/wp-json\/wp\/v2\/pages\/459\/revisions"}],"predecessor-version":[{"id":605,"href":"https:\/\/www.fondationhardt.ch\/en\/wp-json\/wp\/v2\/pages\/459\/revisions\/605"}],"up":[{"embeddable":true,"href":"https:\/\/www.fondationhardt.ch\/en\/wp-json\/wp\/v2\/pages\/457"}],"wp:featuredmedia":[{"embeddable":true,"href":"https:\/\/www.fondationhardt.ch\/en\/wp-json\/wp\/v2\/media\/1150"}],"wp:attachment":[{"href":"https:\/\/www.fondationhardt.ch\/en\/wp-json\/wp\/v2\/media?parent=459"}],"curies":[{"name":"wp","href":"https:\/\/api.w.org\/{rel}","templated":true}]}}