{"id":794,"date":"2014-05-14T15:21:19","date_gmt":"2014-05-14T14:21:19","guid":{"rendered":"http:\/\/www.fondationhardt.ch\/?page_id=794"},"modified":"2018-04-17T13:55:21","modified_gmt":"2018-04-17T11:55:21","slug":"commander-les-entretiens","status":"publish","type":"page","link":"https:\/\/www.fondationhardt.ch\/en\/entretiens_en\/commander-les-entretiens\/","title":{"rendered":"Order volumes of the Entretiens\u00a0"},"content":{"rendered":"<p>To order copies of the <em>Entretiens sur l\u2019Antiquit\u00e9 classique<\/em>, please contact our distributors:<\/p>\n<p><strong>Librairie Droz S.A<\/strong>.<br \/>\n11, rue Massot<br \/>\n1206 Gen\u00e8ve<br \/>\nCH<\/p>\n<p>T\u00e9l. 0041\/(0)22 346 66 66<br \/>\nFax 0041\/(0)22 347 23 91<\/p>\n<p>E-mail: <a href=\"mailto:droz@droz.org \">droz@droz.org<\/a><br \/>\nSite: <a href=\"http:\/\/www.droz.org \" target=\"_blank\" rel=\"noopener\">www.droz.org <\/a><\/p>\n<p>F\u00fcr Buchbestellungen aus Deutschland wenden Sie sich bitte an :<\/p>\n<p><strong>Dr. Rudolf Habelt GmbH<\/strong><br \/>\nPostfach 150104<br \/>\n53040 Bonn<br \/>\nDE<\/p>\n<p>Tel. 0049\/(0)228 923 830<br \/>\nFax 0049\/(0)228 923 836<\/p>\n<p>E-mail: <a href=\"mailto:info@habelt.de\">info@habelt.de<\/a><br \/>\nSite: <a href=\"http:\/\/www.habelt.de\">www.habelt.de<\/a><\/p>\n<p>Distribution in North America:<\/p>\n<p><strong>ISD LLC<\/strong><br \/>\n70 Enterprise Drive<br \/>\nBristol, CT 06010<br \/>\nUSA<\/p>\n<p>Tel. +1 860 584-6546<br \/>\nFax: +1 860 516-4873<br \/>\nE-mail: <a href=\"mailto:info@isdistribution.com\">info@isdistribution.com<\/a><br \/>\nSite: <a href=\"http:\/\/www.isdistribution.com\">www.isdistribution.com<\/a><\/p>\n<p>&nbsp;<\/p>\n","protected":false},"excerpt":{"rendered":"<p>To order copies of the Entretiens sur l\u2019Antiquit\u00e9 classique, please contact our distributors: Librairie Droz S.A. 11, rue Massot 1206 Gen\u00e8ve CH T\u00e9l. 0041\/(0)22 346 66 66 Fax 0041\/(0)22 347 23 91 E-mail: droz@droz.org Site: www.droz.org F\u00fcr Buchbestellungen aus Deutschland wenden Sie sich bitte an : Dr. Rudolf Habelt GmbH Postfach 150104 53040 Bonn DE [&hellip;]<\/p>\n","protected":false},"author":1,"featured_media":1653,"parent":396,"menu_order":0,"comment_status":"open","ping_status":"open","template":"","meta":{"footnotes":""},"class_list":["post-794","page","type-page","status-publish","has-post-thumbnail","hentry"],"acf":[],"yoast_head":"<!-- This site is optimized with the Yoast SEO plugin v19.10 - https:\/\/yoast.com\/wordpress\/plugins\/seo\/ -->\n<title>Order volumes of the Entretiens<\/title>\n<meta name=\"description\" content=\"To order volumes of the Entretiens sur l\u2019Antiquit\u00e9 classique, please contact our distributors.\" \/>\n<meta name=\"robots\" content=\"index, follow, max-snippet:-1, max-image-preview:large, max-video-preview:-1\" \/>\n<link rel=\"canonical\" href=\"https:\/\/www.fondationhardt.ch\/en\/entretiens_en\/commander-les-entretiens\/\" \/>\n<meta property=\"og:locale\" content=\"en_US\" \/>\n<meta property=\"og:type\" content=\"article\" \/>\n<meta property=\"og:title\" content=\"Order volumes of the Entretiens\" \/>\n<meta property=\"og:description\" content=\"To order volumes of the Entretiens sur l\u2019Antiquit\u00e9 classique, please contact our distributors.\" \/>\n<meta property=\"og:url\" content=\"https:\/\/www.fondationhardt.ch\/en\/entretiens_en\/commander-les-entretiens\/\" \/>\n<meta property=\"og:site_name\" content=\"Fondation Hardt\" \/>\n<meta property=\"article:modified_time\" content=\"2018-04-17T11:55:21+00:00\" \/>\n<meta property=\"og:image\" content=\"https:\/\/www.fondationhardt.ch\/wp-content\/uploads\/2014\/05\/Entretiens3.jpg\" \/>\n\t<meta property=\"og:image:width\" content=\"1800\" \/>\n\t<meta property=\"og:image:height\" content=\"1350\" \/>\n\t<meta property=\"og:image:type\" content=\"image\/jpeg\" \/>\n<meta name=\"twitter:card\" content=\"summary_large_image\" \/>\n<script type=\"application\/ld+json\" class=\"yoast-schema-graph\">{\"@context\":\"https:\/\/schema.org\",\"@graph\":[{\"@type\":\"WebPage\",\"@id\":\"https:\/\/www.fondationhardt.ch\/en\/entretiens_en\/commander-les-entretiens\/\",\"url\":\"https:\/\/www.fondationhardt.ch\/en\/entretiens_en\/commander-les-entretiens\/\",\"name\":\"Order volumes of the Entretiens\",\"isPartOf\":{\"@id\":\"https:\/\/www.fondationhardt.ch\/#website\"},\"datePublished\":\"2014-05-14T14:21:19+00:00\",\"dateModified\":\"2018-04-17T11:55:21+00:00\",\"description\":\"To order volumes of the Entretiens sur l\u2019Antiquit\u00e9 classique, please contact our distributors.\",\"breadcrumb\":{\"@id\":\"https:\/\/www.fondationhardt.ch\/en\/entretiens_en\/commander-les-entretiens\/#breadcrumb\"},\"inLanguage\":\"en-US\",\"potentialAction\":[{\"@type\":\"ReadAction\",\"target\":[\"https:\/\/www.fondationhardt.ch\/en\/entretiens_en\/commander-les-entretiens\/\"]}]},{\"@type\":\"BreadcrumbList\",\"@id\":\"https:\/\/www.fondationhardt.ch\/en\/entretiens_en\/commander-les-entretiens\/#breadcrumb\",\"itemListElement\":[{\"@type\":\"ListItem\",\"position\":1,\"name\":\"Accueil\",\"item\":\"https:\/\/www.fondationhardt.ch\/\"},{\"@type\":\"ListItem\",\"position\":2,\"name\":\"The Entretiens\",\"item\":\"https:\/\/www.fondationhardt.ch\/en\/entretiens_en\/\"},{\"@type\":\"ListItem\",\"position\":3,\"name\":\"Order volumes of the Entretiens\u00a0\"}]},{\"@type\":\"WebSite\",\"@id\":\"https:\/\/www.fondationhardt.ch\/#website\",\"url\":\"https:\/\/www.fondationhardt.ch\/\",\"name\":\"Fondation Hardt\",\"description\":\"Fondation pour l&#039;\u00e9tude de l&#039;antiquit\u00e9 classique, promotion de l&#039;\u00e9tude de l&#039;Antiquit\u00e9 classique.\",\"potentialAction\":[{\"@type\":\"SearchAction\",\"target\":{\"@type\":\"EntryPoint\",\"urlTemplate\":\"https:\/\/www.fondationhardt.ch\/?s={search_term_string}\"},\"query-input\":\"required name=search_term_string\"}],\"inLanguage\":\"en-US\"}]}<\/script>\n<!-- \/ Yoast SEO plugin. -->","yoast_head_json":{"title":"Order volumes of the Entretiens","description":"To order volumes of the Entretiens sur l\u2019Antiquit\u00e9 classique, please contact our distributors.","robots":{"index":"index","follow":"follow","max-snippet":"max-snippet:-1","max-image-preview":"max-image-preview:large","max-video-preview":"max-video-preview:-1"},"canonical":"https:\/\/www.fondationhardt.ch\/en\/entretiens_en\/commander-les-entretiens\/","og_locale":"en_US","og_type":"article","og_title":"Order volumes of the Entretiens","og_description":"To order volumes of the Entretiens sur l\u2019Antiquit\u00e9 classique, please contact our distributors.","og_url":"https:\/\/www.fondationhardt.ch\/en\/entretiens_en\/commander-les-entretiens\/","og_site_name":"Fondation Hardt","article_modified_time":"2018-04-17T11:55:21+00:00","og_image":[{"width":1800,"height":1350,"url":"https:\/\/www.fondationhardt.ch\/wp-content\/uploads\/2014\/05\/Entretiens3.jpg","type":"image\/jpeg"}],"twitter_card":"summary_large_image","schema":{"@context":"https:\/\/schema.org","@graph":[{"@type":"WebPage","@id":"https:\/\/www.fondationhardt.ch\/en\/entretiens_en\/commander-les-entretiens\/","url":"https:\/\/www.fondationhardt.ch\/en\/entretiens_en\/commander-les-entretiens\/","name":"Order volumes of the Entretiens","isPartOf":{"@id":"https:\/\/www.fondationhardt.ch\/#website"},"datePublished":"2014-05-14T14:21:19+00:00","dateModified":"2018-04-17T11:55:21+00:00","description":"To order volumes of the Entretiens sur l\u2019Antiquit\u00e9 classique, please contact our distributors.","breadcrumb":{"@id":"https:\/\/www.fondationhardt.ch\/en\/entretiens_en\/commander-les-entretiens\/#breadcrumb"},"inLanguage":"en-US","potentialAction":[{"@type":"ReadAction","target":["https:\/\/www.fondationhardt.ch\/en\/entretiens_en\/commander-les-entretiens\/"]}]},{"@type":"BreadcrumbList","@id":"https:\/\/www.fondationhardt.ch\/en\/entretiens_en\/commander-les-entretiens\/#breadcrumb","itemListElement":[{"@type":"ListItem","position":1,"name":"Accueil","item":"https:\/\/www.fondationhardt.ch\/"},{"@type":"ListItem","position":2,"name":"The Entretiens","item":"https:\/\/www.fondationhardt.ch\/en\/entretiens_en\/"},{"@type":"ListItem","position":3,"name":"Order volumes of the Entretiens\u00a0"}]},{"@type":"WebSite","@id":"https:\/\/www.fondationhardt.ch\/#website","url":"https:\/\/www.fondationhardt.ch\/","name":"Fondation Hardt","description":"Fondation pour l&#039;\u00e9tude de l&#039;antiquit\u00e9 classique, promotion de l&#039;\u00e9tude de l&#039;Antiquit\u00e9 classique.","potentialAction":[{"@type":"SearchAction","target":{"@type":"EntryPoint","urlTemplate":"https:\/\/www.fondationhardt.ch\/?s={search_term_string}"},"query-input":"required name=search_term_string"}],"inLanguage":"en-US"}]}},"_links":{"self":[{"href":"https:\/\/www.fondationhardt.ch\/en\/wp-json\/wp\/v2\/pages\/794","targetHints":{"allow":["GET"]}}],"collection":[{"href":"https:\/\/www.fondationhardt.ch\/en\/wp-json\/wp\/v2\/pages"}],"about":[{"href":"https:\/\/www.fondationhardt.ch\/en\/wp-json\/wp\/v2\/types\/page"}],"author":[{"embeddable":true,"href":"https:\/\/www.fondationhardt.ch\/en\/wp-json\/wp\/v2\/users\/1"}],"replies":[{"embeddable":true,"href":"https:\/\/www.fondationhardt.ch\/en\/wp-json\/wp\/v2\/comments?post=794"}],"version-history":[{"count":10,"href":"https:\/\/www.fondationhardt.ch\/en\/wp-json\/wp\/v2\/pages\/794\/revisions"}],"predecessor-version":[{"id":1924,"href":"https:\/\/www.fondationhardt.ch\/en\/wp-json\/wp\/v2\/pages\/794\/revisions\/1924"}],"up":[{"embeddable":true,"href":"https:\/\/www.fondationhardt.ch\/en\/wp-json\/wp\/v2\/pages\/396"}],"wp:featuredmedia":[{"embeddable":true,"href":"https:\/\/www.fondationhardt.ch\/en\/wp-json\/wp\/v2\/media\/1653"}],"wp:attachment":[{"href":"https:\/\/www.fondationhardt.ch\/en\/wp-json\/wp\/v2\/media?parent=794"}],"curies":[{"name":"wp","href":"https:\/\/api.w.org\/{rel}","templated":true}]}}